{"id":2,"date":"2023-06-18T02:57:31","date_gmt":"2023-06-18T01:57:31","guid":{"rendered":"https:\/\/blog.vuztransport.com\/?page_id=2"},"modified":"2025-02-24T18:43:42","modified_gmt":"2025-02-24T18:43:42","slug":"home","status":"publish","type":"page","link":"https:\/\/blog.vuztransport.com\/da","title":{"rendered":"HJEM"},"content":{"rendered":"<div data-elementor-type=\"wp-page\" data-elementor-id=\"2\" class=\"elementor elementor-2\" data-elementor-post-type=\"page\">\n\t\t\t\t<div class=\"elementor-element elementor-element-59732a5d e-flex e-con-boxed e-con e-parent\" data-id=\"59732a5d\" data-element_type=\"container\" data-e-type=\"container\">\n\t\t\t\t\t<div class=\"e-con-inner\">\n\t\t\t\t<div class=\"elementor-element elementor-element-eeb0113 elementor-widget elementor-widget-heading\" data-id=\"eeb0113\" data-element_type=\"widget\" data-e-type=\"widget\" data-widget_type=\"heading.default\">\n\t\t\t\t<div class=\"elementor-widget-container\">\n\t\t\t\t\t<h2 class=\"elementor-heading-title elementor-size-default\">Om Vuz Transport<\/h2>\t\t\t\t<\/div>\n\t\t\t\t<\/div>\n\t\t\t\t<div class=\"elementor-element elementor-element-5a3558c3 elementor-widget elementor-widget-text-editor\" data-id=\"5a3558c3\" data-element_type=\"widget\" data-e-type=\"widget\" data-widget_type=\"text-editor.default\">\n\t\t\t\t<div class=\"elementor-widget-container\">\n\t\t\t\t\t\t\t\t\t<p><span style=\"color: #56585e; font-family: Inter, sans-serif; white-space-collapse: break-spaces;\">Med over 15 \u00e5rs erfaring er Vuz Transport dedikeret til at levere p\u00e5lidelige og effektive transportl\u00f8sninger af h\u00f8j kvalitet, der er skr\u00e6ddersyet til at opfylde vores kunders behov og samtidig sikre den st\u00f8rste sikkerhed.<\/span><\/p>\n<p><!-- \/wp:paragraph --><\/p>\t\t\t\t\t\t\t\t<\/div>\n\t\t\t\t<\/div>\n\t\t\t\t\t<\/div>\n\t\t\t\t<\/div>\n\t\t<div class=\"elementor-element elementor-element-13a4004 e-flex e-con-boxed e-con e-parent\" data-id=\"13a4004\" data-element_type=\"container\" data-e-type=\"container\">\n\t\t\t\t\t<div class=\"e-con-inner\">\n\t\t\t\t<div class=\"elementor-element elementor-element-df4b547 meta-visibility-show section-title-style-style1 title_position_default title_hover_border_default title-default img_hover_animation_default meta_position_default tpg-category-position-default readmore-btn-default-style grid-hover-overlay-type-always tpg-el-box-border-enable tpg-border-bottom-disable elementor-widget elementor-widget-tpg-grid-layout\" data-id=\"df4b547\" data-element_type=\"widget\" data-e-type=\"widget\" data-widget_type=\"tpg-grid-layout.default\">\n\t\t\t\t<div class=\"elementor-widget-container\">\n\t\t\t\t\t\t\t<div class=\"rt-container-fluid rt-tpg-container tpg-el-main-wrapper clearfix grid-layout3-main\"\n\t\t\t id=\"rt-tpg-container-2492485665\"\n\t\t\t data-layout=\"grid-layout3\"\n\t\t\t data-grid-style=\"tpg-full-height\"\n\t\t\t data-sc-id=\"elementor\"\n\t\t\t data-el-settings=''\n\t\t\t data-el-query=''\n\t\t\t data-el-path=''\n\t\t>\n\t\t\t\t\t\t<div class='tpg-header-wrapper'>\n\t\t\t\t\n        <div class=\"tpg-widget-heading-wrapper rt-clear heading-style1\">\n            <span class=\"tpg-widget-heading-line line-left\"><\/span>\n\t\t\t<h2 class='tpg-widget-heading'>\n\t\t\t\n\t\t\t\t                    <span>\n\t\t\t\t\t\tL\u00e6s mere om os\t\t\t\t\t<\/span>\n\t\t\t\t\t\n\t\t\t\t\t\t\t<\/h2>            <span class=\"tpg-widget-heading-line line-right\"><\/span>\n\n\t\t\t\n        <\/div>\n\n\t\t\n\t\t\t\t\t<\/div>\n\n\t\t\t<div data-title=\"Loading ...\" class=\"rt-row rt-content-loader grid-layout3 grid-behaviour tpg-full-height grid_layout_wrapper\">\n\t\t\t\t\n<div class=\"rt-col-md-4 rt-col-sm-6 rt-col-xs-12 default rt-grid-item\" data-id=\"3123\">\n\t<div class=\"rt-holder tpg-post-holder\">\n\t\t<div class=\"rt-detail rt-el-content-wrapper\">\n\t\t\t\t\t\t\t<div class=\"rt-img-holder tpg-el-image-wrap has-no-thumbnail\">\n\t\t\t\t\t<a data-id=\"3123\" href=\"https:\/\/blog.vuztransport.com\/da\/spanien\/reliable-freight-transport-services-in-madrid\/\" class=\"tpg-post-link\" target=\"_self\">\t\t\n\t\t<\/a>\n\t\t        <div class=\"overlay grid-hover-content\"><\/div>\n\t\t\t\t\t\t<\/div>\n\t\t\t\n\n\t\t\t<div class=\"entry-title-wrapper\"><h3 class=\"entry-title\"><a data-id=\"3123\" href=\"https:\/\/blog.vuztransport.com\/da\/spanien\/reliable-freight-transport-services-in-madrid\/\" class=\"tpg-post-link\" target=\"_self\">P\u00e5lidelig godstransport i Madrid<\/a><\/h3><\/div>\n\t\t\t\t\t\t\t<div class=\"post-meta-tags rt-el-post-meta\">\n\t\t\t\t\t            <span class='categories-links'>\n\t\t\t\t<i class='fas fa-folder-open'><\/i><a class=\"spain\" href=\"https:\/\/blog.vuztransport.com\/da\/kategori\/spanien\/\">Spanien<\/a>\n\t\t\t<\/span>\n\t\t\t\t\t\t\t<\/div>\n\t\t\t\n\t\t\t\t\t\t\t<div class=\"tpg-excerpt tpg-el-excerpt\">\n\t\t\t\t\t\t\t\t\t\t\t<div class=\"tpg-excerpt-inner\">\n\t\t\t\t\t\t\tP\u00e5lidelig godstransport i Madrid Introduktion N\u00e5r det drejer sig om international fragt, skiller Vuz Transport sig ud med sin hurtige og p\u00e5lidelige service. Med hovedkvarter i Polen har vi...\t\t\t\t\t\t<\/div>\n\t\t\t\t\t\t\t\t\t\t\t\t\t\t<\/div>\n\t\t\t\n\t\t\t        <div class=\"post-footer\">\n            <div class=\"post-footer\">\n                <div class=\"read-more\">\n\t\t\t\t\t<a data-id=\"3123\" href=\"https:\/\/blog.vuztransport.com\/da\/spanien\/reliable-freight-transport-services-in-madrid\/\" class=\"tpg-post-link\" target=\"_self\">L\u00e6s mere<\/a>                <\/div>\n            <\/div>\n        <\/div>\n\t\t\t\t<\/div>\n\t<\/div>\n<\/div>\n\n<div class=\"rt-col-md-4 rt-col-sm-6 rt-col-xs-12 default rt-grid-item\" data-id=\"3235\">\n\t<div class=\"rt-holder tpg-post-holder\">\n\t\t<div class=\"rt-detail rt-el-content-wrapper\">\n\t\t\t\t\t\t\t<div class=\"rt-img-holder tpg-el-image-wrap has-no-thumbnail\">\n\t\t\t\t\t<a data-id=\"3235\" href=\"https:\/\/blog.vuztransport.com\/da\/holland\/godstransportlosninger-i-amsterdam-hurtigt-palideligt\/\" class=\"tpg-post-link\" target=\"_self\">\t\t\n\t\t<\/a>\n\t\t        <div class=\"overlay grid-hover-content\"><\/div>\n\t\t\t\t\t\t<\/div>\n\t\t\t\n\n\t\t\t<div class=\"entry-title-wrapper\"><h3 class=\"entry-title\"><a data-id=\"3235\" href=\"https:\/\/blog.vuztransport.com\/da\/holland\/godstransportlosninger-i-amsterdam-hurtigt-palideligt\/\" class=\"tpg-post-link\" target=\"_self\">Godstransportl\u00f8sninger i Amsterdam: Hurtig og p\u00e5lidelig<\/a><\/h3><\/div>\n\t\t\t\t\t\t\t<div class=\"post-meta-tags rt-el-post-meta\">\n\t\t\t\t\t            <span class='categories-links'>\n\t\t\t\t<i class='fas fa-folder-open'><\/i><a class=\"netherlands\" href=\"https:\/\/blog.vuztransport.com\/da\/kategori\/holland\/\">Holland<\/a>\n\t\t\t<\/span>\n\t\t\t\t\t\t\t<\/div>\n\t\t\t\n\t\t\t\t\t\t\t<div class=\"tpg-excerpt tpg-el-excerpt\">\n\t\t\t\t\t\t\t\t\t\t\t<div class=\"tpg-excerpt-inner\">\n\t\t\t\t\t\t\tGodstransportl\u00f8sninger i Amsterdam: Hurtig og p\u00e5lidelig Leder du efter hurtige og p\u00e5lidelige l\u00f8sninger til godstransport i Amsterdam? Vuz Transport har specialiseret sig i international...\t\t\t\t\t\t<\/div>\n\t\t\t\t\t\t\t\t\t\t\t\t\t\t<\/div>\n\t\t\t\n\t\t\t        <div class=\"post-footer\">\n            <div class=\"post-footer\">\n                <div class=\"read-more\">\n\t\t\t\t\t<a data-id=\"3235\" href=\"https:\/\/blog.vuztransport.com\/da\/holland\/godstransportlosninger-i-amsterdam-hurtigt-palideligt\/\" class=\"tpg-post-link\" target=\"_self\">L\u00e6s mere<\/a>                <\/div>\n            <\/div>\n        <\/div>\n\t\t\t\t<\/div>\n\t<\/div>\n<\/div>\n\n<div class=\"rt-col-md-4 rt-col-sm-6 rt-col-xs-12 default rt-grid-item\" data-id=\"3324\">\n\t<div class=\"rt-holder tpg-post-holder\">\n\t\t<div class=\"rt-detail rt-el-content-wrapper\">\n\t\t\t\t\t\t\t<div class=\"rt-img-holder tpg-el-image-wrap has-no-thumbnail\">\n\t\t\t\t\t<a data-id=\"3324\" href=\"https:\/\/blog.vuztransport.com\/da\/frankrig\/godstransport-i-out-of-paris-losninger\/\" class=\"tpg-post-link\" target=\"_self\">\t\t\n\t\t<\/a>\n\t\t        <div class=\"overlay grid-hover-content\"><\/div>\n\t\t\t\t\t\t<\/div>\n\t\t\t\n\n\t\t\t<div class=\"entry-title-wrapper\"><h3 class=\"entry-title\"><a data-id=\"3324\" href=\"https:\/\/blog.vuztransport.com\/da\/frankrig\/godstransport-i-out-of-paris-losninger\/\" class=\"tpg-post-link\" target=\"_self\">Godstransport: L\u00f8sninger til og fra Paris<\/a><\/h3><\/div>\n\t\t\t\t\t\t\t<div class=\"post-meta-tags rt-el-post-meta\">\n\t\t\t\t\t            <span class='categories-links'>\n\t\t\t\t<i class='fas fa-folder-open'><\/i><a class=\"france\" href=\"https:\/\/blog.vuztransport.com\/da\/kategori\/frankrig\/\">Frankrig<\/a>\n\t\t\t<\/span>\n\t\t\t\t\t\t\t<\/div>\n\t\t\t\n\t\t\t\t\t\t\t<div class=\"tpg-excerpt tpg-el-excerpt\">\n\t\t\t\t\t\t\t\t\t\t\t<div class=\"tpg-excerpt-inner\">\n\t\t\t\t\t\t\tGodstransport: L\u00f8sninger til og fra Paris Introduktion Hos Vuz Transport har vi specialiseret os i hurtige, p\u00e5lidelige internationale fragtl\u00f8sninger, der er skr\u00e6ddersyet til virksomheder i hele Europa. Med...\t\t\t\t\t\t<\/div>\n\t\t\t\t\t\t\t\t\t\t\t\t\t\t<\/div>\n\t\t\t\n\t\t\t        <div class=\"post-footer\">\n            <div class=\"post-footer\">\n                <div class=\"read-more\">\n\t\t\t\t\t<a data-id=\"3324\" href=\"https:\/\/blog.vuztransport.com\/da\/frankrig\/godstransport-i-out-of-paris-losninger\/\" class=\"tpg-post-link\" target=\"_self\">L\u00e6s mere<\/a>                <\/div>\n            <\/div>\n        <\/div>\n\t\t\t\t<\/div>\n\t<\/div>\n<\/div>\n\n<div class=\"rt-col-md-4 rt-col-sm-6 rt-col-xs-12 default rt-grid-item\" data-id=\"2929\">\n\t<div class=\"rt-holder tpg-post-holder\">\n\t\t<div class=\"rt-detail rt-el-content-wrapper\">\n\t\t\t\t\t\t\t<div class=\"rt-img-holder tpg-el-image-wrap has-no-thumbnail\">\n\t\t\t\t\t<a data-id=\"2929\" href=\"https:\/\/blog.vuztransport.com\/da\/italien\/milano-freight-transport-reliable-efficient-solutions\/\" class=\"tpg-post-link\" target=\"_self\">\t\t\n\t\t<\/a>\n\t\t        <div class=\"overlay grid-hover-content\"><\/div>\n\t\t\t\t\t\t<\/div>\n\t\t\t\n\n\t\t\t<div class=\"entry-title-wrapper\"><h3 class=\"entry-title\"><a data-id=\"2929\" href=\"https:\/\/blog.vuztransport.com\/da\/italien\/milano-freight-transport-reliable-efficient-solutions\/\" class=\"tpg-post-link\" target=\"_self\">Milano Godstransport: P\u00e5lidelige og effektive l\u00f8sninger<\/a><\/h3><\/div>\n\t\t\t\t\t\t\t<div class=\"post-meta-tags rt-el-post-meta\">\n\t\t\t\t\t            <span class='categories-links'>\n\t\t\t\t<i class='fas fa-folder-open'><\/i><a class=\"italy\" href=\"https:\/\/blog.vuztransport.com\/da\/kategori\/italien\/\">Italien<\/a>\n\t\t\t<\/span>\n\t\t\t\t\t\t\t<\/div>\n\t\t\t\n\t\t\t\t\t\t\t<div class=\"tpg-excerpt tpg-el-excerpt\">\n\t\t\t\t\t\t\t\t\t\t\t<div class=\"tpg-excerpt-inner\">\n\t\t\t\t\t\t\tMilano Godstransport: P\u00e5lidelige og effektive l\u00f8sninger Introduktion Vuz Transport har specialiseret sig i hurtig, p\u00e5lidelig international fragt og sikrer effektive forsendelsesl\u00f8sninger for virksomheder i hele...\t\t\t\t\t\t<\/div>\n\t\t\t\t\t\t\t\t\t\t\t\t\t\t<\/div>\n\t\t\t\n\t\t\t        <div class=\"post-footer\">\n            <div class=\"post-footer\">\n                <div class=\"read-more\">\n\t\t\t\t\t<a data-id=\"2929\" href=\"https:\/\/blog.vuztransport.com\/da\/italien\/milano-freight-transport-reliable-efficient-solutions\/\" class=\"tpg-post-link\" target=\"_self\">L\u00e6s mere<\/a>                <\/div>\n            <\/div>\n        <\/div>\n\t\t\t\t<\/div>\n\t<\/div>\n<\/div>\n\n<div class=\"rt-col-md-4 rt-col-sm-6 rt-col-xs-12 default rt-grid-item\" data-id=\"3237\">\n\t<div class=\"rt-holder tpg-post-holder\">\n\t\t<div class=\"rt-detail rt-el-content-wrapper\">\n\t\t\t\t\t\t\t<div class=\"rt-img-holder tpg-el-image-wrap has-no-thumbnail\">\n\t\t\t\t\t<a data-id=\"3237\" href=\"https:\/\/blog.vuztransport.com\/da\/polen\/godstransporttjenester-ind-og-ud-af-warszawa\/\" class=\"tpg-post-link\" target=\"_self\">\t\t\n\t\t<\/a>\n\t\t        <div class=\"overlay grid-hover-content\"><\/div>\n\t\t\t\t\t\t<\/div>\n\t\t\t\n\n\t\t\t<div class=\"entry-title-wrapper\"><h3 class=\"entry-title\"><a data-id=\"3237\" href=\"https:\/\/blog.vuztransport.com\/da\/polen\/godstransporttjenester-ind-og-ud-af-warszawa\/\" class=\"tpg-post-link\" target=\"_self\">Godstransporttjenester ind og ud af Warszawa<\/a><\/h3><\/div>\n\t\t\t\t\t\t\t<div class=\"post-meta-tags rt-el-post-meta\">\n\t\t\t\t\t            <span class='categories-links'>\n\t\t\t\t<i class='fas fa-folder-open'><\/i><a class=\"poland\" href=\"https:\/\/blog.vuztransport.com\/da\/kategori\/polen\/\">Polen<\/a>\n\t\t\t<\/span>\n\t\t\t\t\t\t\t<\/div>\n\t\t\t\n\t\t\t\t\t\t\t<div class=\"tpg-excerpt tpg-el-excerpt\">\n\t\t\t\t\t\t\t\t\t\t\t<div class=\"tpg-excerpt-inner\">\n\t\t\t\t\t\t\tGodstransporttjenester til og fra Warszawa Vuz Transport har specialiseret sig i hurtige og p\u00e5lidelige internationale godstransporttjenester, der effektivt fragter til og fra Warszawa for virksomheder i hele...\t\t\t\t\t\t<\/div>\n\t\t\t\t\t\t\t\t\t\t\t\t\t\t<\/div>\n\t\t\t\n\t\t\t        <div class=\"post-footer\">\n            <div class=\"post-footer\">\n                <div class=\"read-more\">\n\t\t\t\t\t<a data-id=\"3237\" href=\"https:\/\/blog.vuztransport.com\/da\/polen\/godstransporttjenester-ind-og-ud-af-warszawa\/\" class=\"tpg-post-link\" target=\"_self\">L\u00e6s mere<\/a>                <\/div>\n            <\/div>\n        <\/div>\n\t\t\t\t<\/div>\n\t<\/div>\n<\/div>\n\n<div class=\"rt-col-md-4 rt-col-sm-6 rt-col-xs-12 default rt-grid-item\" data-id=\"869\">\n\t<div class=\"rt-holder tpg-post-holder\">\n\t\t<div class=\"rt-detail rt-el-content-wrapper\">\n\t\t\t\t\t\t\t<div class=\"rt-img-holder tpg-el-image-wrap has-no-thumbnail\">\n\t\t\t\t\t<a data-id=\"869\" href=\"https:\/\/blog.vuztransport.com\/da\/ostrig\/vienna-freight-transport-services-fast-reliable-solutions\/\" class=\"tpg-post-link\" target=\"_self\">\t\t\n\t\t<\/a>\n\t\t        <div class=\"overlay grid-hover-content\"><\/div>\n\t\t\t\t\t\t<\/div>\n\t\t\t\n\n\t\t\t<div class=\"entry-title-wrapper\"><h3 class=\"entry-title\"><a data-id=\"869\" href=\"https:\/\/blog.vuztransport.com\/da\/ostrig\/vienna-freight-transport-services-fast-reliable-solutions\/\" class=\"tpg-post-link\" target=\"_self\">Godstransporttjenester i Wien: Hurtige og p\u00e5lidelige l\u00f8sninger<\/a><\/h3><\/div>\n\t\t\t\t\t\t\t<div class=\"post-meta-tags rt-el-post-meta\">\n\t\t\t\t\t            <span class='categories-links'>\n\t\t\t\t<i class='fas fa-folder-open'><\/i><a class=\"austria\" href=\"https:\/\/blog.vuztransport.com\/da\/kategori\/ostrig\/\">\u00d8strig<\/a>\n\t\t\t<\/span>\n\t\t\t\t\t\t\t<\/div>\n\t\t\t\n\t\t\t\t\t\t\t<div class=\"tpg-excerpt tpg-el-excerpt\">\n\t\t\t\t\t\t\t\t\t\t\t<div class=\"tpg-excerpt-inner\">\n\t\t\t\t\t\t\tGodstransport til og fra Wien: Hurtige og p\u00e5lidelige l\u00f8sninger Introduktion Vuz Transport har specialiseret sig i hurtig og p\u00e5lidelig international fragt og tilbyder effektive forsendelsesl\u00f8sninger til virksomheder...\t\t\t\t\t\t<\/div>\n\t\t\t\t\t\t\t\t\t\t\t\t\t\t<\/div>\n\t\t\t\n\t\t\t        <div class=\"post-footer\">\n            <div class=\"post-footer\">\n                <div class=\"read-more\">\n\t\t\t\t\t<a data-id=\"869\" href=\"https:\/\/blog.vuztransport.com\/da\/ostrig\/vienna-freight-transport-services-fast-reliable-solutions\/\" class=\"tpg-post-link\" target=\"_self\">L\u00e6s mere<\/a>                <\/div>\n            <\/div>\n        <\/div>\n\t\t\t\t<\/div>\n\t<\/div>\n<\/div>\n\t\t\t<\/div>\n\t\t\t\n\t\t<\/div>\n\t\t\t\t\t\t<\/div>\n\t\t\t\t<\/div>\n\t\t\t\t\t<\/div>\n\t\t\t\t<\/div>\n\t\t\t\t<\/div>","protected":false},"excerpt":{"rendered":"<p>About Vuz Transport With over 15 years of experience, Vuz Transport is dedicated to providing high-quality, reliable, and efficient transport solutions tailored to meet our customers&#8217; needs while ensuring utmost safety. Read more About Us Freight Transport: In &#038; Out of Paris Solutions France Freight Transport: In &amp; Out of Paris Solutions Introduction At Vuz [&hellip;]<\/p>","protected":false},"author":1,"featured_media":0,"parent":0,"menu_order":0,"comment_status":"closed","ping_status":"open","template":"elementor_header_footer","meta":{"footnotes":""},"class_list":["post-2","page","type-page","status-publish","hentry"],"aioseo_notices":[],"rttpg_featured_image_url":null,"rttpg_author":{"display_name":false,"author_link":"https:\/\/blog.vuztransport.com\/da\/author\/suportmihaivuzzgmail-com\/"},"rttpg_comment":0,"rttpg_category":"","rttpg_excerpt":"About Vuz Transport With over 15 years of experience, Vuz Transport is dedicated to providing high-quality, reliable, and efficient transport solutions tailored to meet our customers&#8217; needs while ensuring utmost safety. Read more About Us Freight Transport: In &#038; Out of Paris Solutions France Freight Transport: In &amp; Out of Paris Solutions Introduction At Vuz&hellip;","_links":{"self":[{"href":"https:\/\/blog.vuztransport.com\/da\/wp-json\/wp\/v2\/pages\/2","targetHints":{"allow":["GET"]}}],"collection":[{"href":"https:\/\/blog.vuztransport.com\/da\/wp-json\/wp\/v2\/pages"}],"about":[{"href":"https:\/\/blog.vuztransport.com\/da\/wp-json\/wp\/v2\/types\/page"}],"author":[{"embeddable":true,"href":"https:\/\/blog.vuztransport.com\/da\/wp-json\/wp\/v2\/users\/1"}],"replies":[{"embeddable":true,"href":"https:\/\/blog.vuztransport.com\/da\/wp-json\/wp\/v2\/comments?post=2"}],"version-history":[{"count":32,"href":"https:\/\/blog.vuztransport.com\/da\/wp-json\/wp\/v2\/pages\/2\/revisions"}],"predecessor-version":[{"id":3328,"href":"https:\/\/blog.vuztransport.com\/da\/wp-json\/wp\/v2\/pages\/2\/revisions\/3328"}],"wp:attachment":[{"href":"https:\/\/blog.vuztransport.com\/da\/wp-json\/wp\/v2\/media?parent=2"}],"curies":[{"name":"wp","href":"https:\/\/api.w.org\/{rel}","templated":true}]}}