{"id":3,"date":"2025-02-17T10:16:44","date_gmt":"2025-02-17T10:16:44","guid":{"rendered":"https:\/\/blog.vuztransport.com\/?page_id=3"},"modified":"2025-02-26T11:49:30","modified_gmt":"2025-02-26T11:49:30","slug":"privatlivspolitik","status":"publish","type":"page","link":"https:\/\/blog.vuztransport.com\/da\/privatlivspolitik\/","title":{"rendered":"Politik for beskyttelse af personlige oplysninger"},"content":{"rendered":"<div data-elementor-type=\"wp-page\" data-elementor-id=\"3\" class=\"elementor elementor-3\" data-elementor-post-type=\"page\">\n\t\t\t\t<div class=\"elementor-element elementor-element-779932a3 e-flex e-con-boxed e-con e-parent\" data-id=\"779932a3\" data-element_type=\"container\" data-e-type=\"container\">\n\t\t\t\t\t<div class=\"e-con-inner\">\n\t\t\t\t<div class=\"elementor-element elementor-element-63b3f058 elementor-widget elementor-widget-text-editor\" data-id=\"63b3f058\" data-element_type=\"widget\" data-e-type=\"widget\" data-widget_type=\"text-editor.default\">\n\t\t\t\t<div class=\"elementor-widget-container\">\n\t\t\t\t\t\t\t\t\t<p style=\"font-variant-numeric: normal; font-variant-east-asian: normal; font-variant-alternates: normal; font-size-adjust: none; font-kerning: auto; font-optical-sizing: auto; font-feature-settings: normal; font-variation-settings: normal; font-variant-position: normal; font-variant-emoji: normal; font-stretch: normal; line-height: normal; margin: 0px;\"><font color=\"#000000\" face=\"Helvetica Neue\"><span style=\"font-size: 13px;\"><b>Politik for beskyttelse af personlige oplysninger&nbsp;<\/b><\/span><\/font><\/p><p style=\"font-variant-numeric: normal; font-variant-east-asian: normal; font-variant-alternates: normal; font-size-adjust: none; font-kerning: auto; font-optical-sizing: auto; font-feature-settings: normal; font-variation-settings: normal; font-variant-position: normal; font-variant-emoji: normal; font-stretch: normal; line-height: normal; margin: 0px;\"><font color=\"#000000\" face=\"Helvetica Neue\"><span style=\"font-size: 13px;\"><b>Sidst opdateret den 26. februar 2025&nbsp;<\/b><\/span><\/font><\/p><p style=\"font-variant-numeric: normal; font-variant-east-asian: normal; font-variant-alternates: normal; font-size-adjust: none; font-kerning: auto; font-optical-sizing: auto; font-feature-settings: normal; font-variation-settings: normal; font-variant-position: normal; font-variant-emoji: normal; font-stretch: normal; line-height: normal; margin: 0px;\"><font color=\"#000000\" face=\"Helvetica Neue\"><span style=\"font-size: 13px;\"><b>Ikrafttr\u00e6delsesdato 26-feb-2025&nbsp;<\/b><\/span><\/font><\/p><p style=\"font-variant-numeric: normal; font-variant-east-asian: normal; font-variant-alternates: normal; font-size-adjust: none; font-kerning: auto; font-optical-sizing: auto; font-feature-settings: normal; font-variation-settings: normal; font-variant-position: normal; font-variant-emoji: normal; font-stretch: normal; line-height: normal; margin: 0px;\"><font color=\"#000000\" face=\"Helvetica Neue\"><span style=\"font-size: 13px;\"><b>&nbsp;<\/b><\/span><\/font><\/p><p style=\"font-variant-numeric: normal; font-variant-east-asian: normal; font-variant-alternates: normal; font-size-adjust: none; font-kerning: auto; font-optical-sizing: auto; font-feature-settings: normal; font-variation-settings: normal; font-variant-position: normal; font-variant-emoji: normal; font-stretch: normal; line-height: normal; margin: 0px;\"><font color=\"#000000\" face=\"Helvetica Neue\"><span style=\"font-size: 13px;\"><b>&nbsp;Denne fortrolighedspolitik beskriver politikkerne for Vuz Transport Sp. z o.o, ul. Kr\u00f3tka 29\/31, Cz\u0119stochowa 42-202, Polen, e-mail: info@vuztransport.com, telefon: +48 577 273 220 om indsamling, brug og videregivelse af dine oplysninger, som vi indsamler, n\u00e5r du bruger vores websted ( https:\/\/vuztransport.com\/ ). (\"Tjenesten\"). Ved at f\u00e5 adgang til eller bruge tjenesten giver du samtykke til indsamling, brug og videregivelse af dine oplysninger i overensstemmelse med denne fortrolighedspolitik. Hvis du ikke giver samtykke til det samme, skal du ikke f\u00e5 adgang til eller bruge tjenesten.&nbsp;<\/b><\/span><\/font><\/p><p style=\"font-variant-numeric: normal; font-variant-east-asian: normal; font-variant-alternates: normal; font-size-adjust: none; font-kerning: auto; font-optical-sizing: auto; font-feature-settings: normal; font-variation-settings: normal; font-variant-position: normal; font-variant-emoji: normal; font-stretch: normal; line-height: normal; margin: 0px;\"><font color=\"#000000\" face=\"Helvetica Neue\"><span style=\"font-size: 13px;\"><b>&nbsp;Vi kan til enhver tid \u00e6ndre denne fortrolighedspolitik uden forudg\u00e5ende varsel til dig og vil offentligg\u00f8re den reviderede fortrolighedspolitik p\u00e5 tjenesten. Den reviderede politik tr\u00e6der i kraft 180 dage efter, at den reviderede politik er lagt ud p\u00e5 tjenesten, og din fortsatte adgang til eller brug af tjenesten efter dette tidspunkt vil udg\u00f8re din accept af den reviderede privatlivspolitik. Vi anbefaler derfor, at du j\u00e6vnligt gennemg\u00e5r denne side.&nbsp;<\/b><\/span><\/font><\/p><p style=\"font-variant-numeric: normal; font-variant-east-asian: normal; font-variant-alternates: normal; font-size-adjust: none; font-kerning: auto; font-optical-sizing: auto; font-feature-settings: normal; font-variation-settings: normal; font-variant-position: normal; font-variant-emoji: normal; font-stretch: normal; line-height: normal; margin: 0px;\"><font color=\"#000000\" face=\"Helvetica Neue\"><span style=\"font-size: 13px;\"><b>&nbsp;<\/b><\/span><\/font><\/p><p style=\"font-variant-numeric: normal; font-variant-east-asian: normal; font-variant-alternates: normal; font-size-adjust: none; font-kerning: auto; font-optical-sizing: auto; font-feature-settings: normal; font-variation-settings: normal; font-variant-position: normal; font-variant-emoji: normal; font-stretch: normal; line-height: normal; margin: 0px;\"><font color=\"#000000\" face=\"Helvetica Neue\"><span style=\"font-size: 13px;\"><b>&nbsp;Hvordan vi bruger dine oplysninger:&nbsp;<\/b><\/span><\/font><\/p><p style=\"font-variant-numeric: normal; font-variant-east-asian: normal; font-variant-alternates: normal; font-size-adjust: none; font-kerning: auto; font-optical-sizing: auto; font-feature-settings: normal; font-variation-settings: normal; font-variant-position: normal; font-variant-emoji: normal; font-stretch: normal; line-height: normal; margin: 0px;\"><font color=\"#000000\" face=\"Helvetica Neue\"><span style=\"font-size: 13px;\"><b>&nbsp;Vi vil bruge de oplysninger, vi indsamler om dig, til f\u00f8lgende form\u00e5l:&nbsp;<\/b><\/span><\/font><\/p><p style=\"font-variant-numeric: normal; font-variant-east-asian: normal; font-variant-alternates: normal; font-size-adjust: none; font-kerning: auto; font-optical-sizing: auto; font-feature-settings: normal; font-variation-settings: normal; font-variant-position: normal; font-variant-emoji: normal; font-stretch: normal; line-height: normal; margin: 0px;\"><font color=\"#000000\" face=\"Helvetica Neue\"><span style=\"font-size: 13px;\"><b>&nbsp;<\/b><\/span><\/font><\/p><p style=\"font-variant-numeric: normal; font-variant-east-asian: normal; font-variant-alternates: normal; font-size-adjust: none; font-kerning: auto; font-optical-sizing: auto; font-feature-settings: normal; font-variation-settings: normal; font-variant-position: normal; font-variant-emoji: normal; font-stretch: normal; line-height: normal; margin: 0px;\"><font color=\"#000000\" face=\"Helvetica Neue\"><span style=\"font-size: 13px;\"><b>&nbsp;Info om administration<\/b><\/span><\/font><\/p><p style=\"font-variant-numeric: normal; font-variant-east-asian: normal; font-variant-alternates: normal; font-size-adjust: none; font-kerning: auto; font-optical-sizing: auto; font-feature-settings: normal; font-variation-settings: normal; font-variant-position: normal; font-variant-emoji: normal; font-stretch: normal; line-height: normal; margin: 0px;\"><font color=\"#000000\" face=\"Helvetica Neue\"><span style=\"font-size: 13px;\"><b>&nbsp;Hvis vi \u00f8nsker at bruge dine oplysninger til andre form\u00e5l, vil vi bede dig om samtykke og vil kun bruge dine oplysninger, n\u00e5r vi har modtaget dit samtykke, og derefter kun til det eller de form\u00e5l, der er givet samtykke til, medmindre vi er forpligtet til at g\u00f8re andet ved lov.&nbsp;<\/b><\/span><\/font><\/p><p style=\"font-variant-numeric: normal; font-variant-east-asian: normal; font-variant-alternates: normal; font-size-adjust: none; font-kerning: auto; font-optical-sizing: auto; font-feature-settings: normal; font-variation-settings: normal; font-variant-position: normal; font-variant-emoji: normal; font-stretch: normal; line-height: normal; margin: 0px;\"><font color=\"#000000\" face=\"Helvetica Neue\"><span style=\"font-size: 13px;\"><b>&nbsp;<\/b><\/span><\/font><\/p><p style=\"font-variant-numeric: normal; font-variant-east-asian: normal; font-variant-alternates: normal; font-size-adjust: none; font-kerning: auto; font-optical-sizing: auto; font-feature-settings: normal; font-variation-settings: normal; font-variant-position: normal; font-variant-emoji: normal; font-stretch: normal; line-height: normal; margin: 0px;\"><font color=\"#000000\" face=\"Helvetica Neue\"><span style=\"font-size: 13px;\"><b>&nbsp;Dine rettigheder:&nbsp;<\/b><\/span><\/font><\/p><p style=\"font-variant-numeric: normal; font-variant-east-asian: normal; font-variant-alternates: normal; font-size-adjust: none; font-kerning: auto; font-optical-sizing: auto; font-feature-settings: normal; font-variation-settings: normal; font-variant-position: normal; font-variant-emoji: normal; font-stretch: normal; line-height: normal; margin: 0px;\"><font color=\"#000000\" face=\"Helvetica Neue\"><span style=\"font-size: 13px;\"><b>&nbsp;Afh\u00e6ngigt af den g\u00e6ldende lovgivning kan du have ret til at f\u00e5 adgang til og rette eller slette dine personlige data eller modtage en kopi af dine personlige data, begr\u00e6nse eller g\u00f8re indsigelse mod den aktive behandling af dine data, bede os om at dele (overf\u00f8re) dine personlige oplysninger til en anden enhed, tr\u00e6kke ethvert samtykke, du har givet os til at behandle dine data, tilbage, en ret til at indgive en klage til en lovbestemt myndighed og s\u00e5danne andre rettigheder, som kan v\u00e6re relevante i henhold til g\u00e6ldende lovgivning. For at ud\u00f8ve disse rettigheder kan du skrive til os p\u00e5 info@vuztransport.com. Vi vil besvare din anmodning i overensstemmelse med g\u00e6ldende lovgivning.&nbsp;<\/b><\/span><\/font><\/p><p style=\"font-variant-numeric: normal; font-variant-east-asian: normal; font-variant-alternates: normal; font-size-adjust: none; font-kerning: auto; font-optical-sizing: auto; font-feature-settings: normal; font-variation-settings: normal; font-variant-position: normal; font-variant-emoji: normal; font-stretch: normal; line-height: normal; margin: 0px;\"><font color=\"#000000\" face=\"Helvetica Neue\"><span style=\"font-size: 13px;\"><b>&nbsp;Bem\u00e6rk, at hvis du ikke giver os lov til at indsamle eller behandle de kr\u00e6vede personlige oplysninger eller tr\u00e6kker dit samtykke til at behandle dem til de kr\u00e6vede form\u00e5l tilbage, kan du muligvis ikke f\u00e5 adgang til eller bruge de tjenester, som dine oplysninger blev bedt om.&nbsp;<\/b><\/span><\/font><\/p><p style=\"font-variant-numeric: normal; font-variant-east-asian: normal; font-variant-alternates: normal; font-size-adjust: none; font-kerning: auto; font-optical-sizing: auto; font-feature-settings: normal; font-variation-settings: normal; font-variant-position: normal; font-variant-emoji: normal; font-stretch: normal; line-height: normal; margin: 0px;\"><font color=\"#000000\" face=\"Helvetica Neue\"><span style=\"font-size: 13px;\"><b>&nbsp;<\/b><\/span><\/font><\/p><p style=\"font-variant-numeric: normal; font-variant-east-asian: normal; font-variant-alternates: normal; font-size-adjust: none; font-kerning: auto; font-optical-sizing: auto; font-feature-settings: normal; font-variation-settings: normal; font-variant-position: normal; font-variant-emoji: normal; font-stretch: normal; line-height: normal; margin: 0px;\"><font color=\"#000000\" face=\"Helvetica Neue\"><span style=\"font-size: 13px;\"><b>&nbsp;Cookies osv.&nbsp;<\/b><\/span><\/font><\/p><p style=\"font-variant-numeric: normal; font-variant-east-asian: normal; font-variant-alternates: normal; font-size-adjust: none; font-kerning: auto; font-optical-sizing: auto; font-feature-settings: normal; font-variation-settings: normal; font-variant-position: normal; font-variant-emoji: normal; font-stretch: normal; line-height: normal; margin: 0px;\"><font color=\"#000000\" face=\"Helvetica Neue\"><span style=\"font-size: 13px;\"><b>&nbsp;Hvis du vil vide mere om, hvordan vi bruger disse og dine valg i forhold til disse sporingsteknologier, kan du l\u00e6se vores cookiepolitik.&nbsp;<\/b><\/span><\/font><\/p><p style=\"font-variant-numeric: normal; font-variant-east-asian: normal; font-variant-alternates: normal; font-size-adjust: none; font-kerning: auto; font-optical-sizing: auto; font-feature-settings: normal; font-variation-settings: normal; font-variant-position: normal; font-variant-emoji: normal; font-stretch: normal; line-height: normal; margin: 0px;\"><font color=\"#000000\" face=\"Helvetica Neue\"><span style=\"font-size: 13px;\"><b>&nbsp;<\/b><\/span><\/font><\/p><p style=\"font-variant-numeric: normal; font-variant-east-asian: normal; font-variant-alternates: normal; font-size-adjust: none; font-kerning: auto; font-optical-sizing: auto; font-feature-settings: normal; font-variation-settings: normal; font-variant-position: normal; font-variant-emoji: normal; font-stretch: normal; line-height: normal; margin: 0px;\"><font color=\"#000000\" face=\"Helvetica Neue\"><span style=\"font-size: 13px;\"><b>&nbsp;Sikkerhed:&nbsp;<\/b><\/span><\/font><\/p><p style=\"font-variant-numeric: normal; font-variant-east-asian: normal; font-variant-alternates: normal; font-size-adjust: none; font-kerning: auto; font-optical-sizing: auto; font-feature-settings: normal; font-variation-settings: normal; font-variant-position: normal; font-variant-emoji: normal; font-stretch: normal; line-height: normal; margin: 0px;\"><font color=\"#000000\" face=\"Helvetica Neue\"><span style=\"font-size: 13px;\"><b>&nbsp;Sikkerheden af dine oplysninger er vigtig for os, og vi vil bruge rimelige sikkerhedsforanstaltninger for at forhindre tab, misbrug eller uautoriseret \u00e6ndring af dine oplysninger under vores kontrol. I betragtning af de iboende risici kan vi dog ikke garantere absolut sikkerhed, og derfor kan vi ikke sikre eller garantere sikkerheden for nogen oplysninger, du sender til os, og du g\u00f8r det p\u00e5 egen risiko.&nbsp;<\/b><\/span><\/font><\/p><p style=\"font-variant-numeric: normal; font-variant-east-asian: normal; font-variant-alternates: normal; font-size-adjust: none; font-kerning: auto; font-optical-sizing: auto; font-feature-settings: normal; font-variation-settings: normal; font-variant-position: normal; font-variant-emoji: normal; font-stretch: normal; line-height: normal; margin: 0px;\"><font color=\"#000000\" face=\"Helvetica Neue\"><span style=\"font-size: 13px;\"><b>&nbsp;<\/b><\/span><\/font><\/p><p style=\"font-variant-numeric: normal; font-variant-east-asian: normal; font-variant-alternates: normal; font-size-adjust: none; font-kerning: auto; font-optical-sizing: auto; font-feature-settings: normal; font-variation-settings: normal; font-variant-position: normal; font-variant-emoji: normal; font-stretch: normal; line-height: normal; margin: 0px;\"><font color=\"#000000\" face=\"Helvetica Neue\"><span style=\"font-size: 13px;\"><b>&nbsp;Ansvarlig for klager\/databeskyttelse:&nbsp;<\/b><\/span><\/font><\/p><p style=\"font-variant-numeric: normal; font-variant-east-asian: normal; font-variant-alternates: normal; font-size-adjust: none; font-kerning: auto; font-optical-sizing: auto; font-feature-settings: normal; font-variation-settings: normal; font-variant-position: normal; font-variant-emoji: normal; font-stretch: normal; line-height: normal; margin: 0px;\"><font color=\"#000000\" face=\"Helvetica Neue\"><span style=\"font-size: 13px;\"><b>&nbsp;Hvis du har sp\u00f8rgsm\u00e5l eller bekymringer om behandlingen af dine oplysninger, der er tilg\u00e6ngelige hos os, kan du sende en e-mail til vores klageansvarlige hos Vuz Transport Sp. z o.o, ul. Kr\u00f3tka 29\/31, e-mail: info@vuztransport.com. Vi vil behandle dine bekymringer i overensstemmelse med g\u00e6ldende lovgivning.&nbsp;<\/b><\/span><\/font><\/p><p style=\"font-variant-numeric: normal; font-variant-east-asian: normal; font-variant-alternates: normal; font-size-adjust: none; font-kerning: auto; font-optical-sizing: auto; font-feature-settings: normal; font-variation-settings: normal; font-variant-position: normal; font-variant-emoji: normal; font-stretch: normal; line-height: normal; margin: 0px;\"><font color=\"#000000\" face=\"Helvetica Neue\"><span style=\"font-size: 13px;\"><b>&nbsp;<\/b><\/span><\/font><\/p><p style=\"font-variant-numeric: normal; font-variant-east-asian: normal; font-variant-alternates: normal; font-size-adjust: none; font-kerning: auto; font-optical-sizing: auto; font-feature-settings: normal; font-variation-settings: normal; font-variant-position: normal; font-variant-emoji: normal; font-stretch: normal; line-height: normal; margin: 0px;\"><font color=\"#000000\" face=\"Helvetica Neue\"><span style=\"font-size: 13px;\"><b>&nbsp;Fortrolighedspolitik genereret med CookieYes.&nbsp;<\/b><\/span><\/font><\/p><div><br><\/div>\n<p><!-- \/wp:paragraph --><\/p>\t\t\t\t\t\t\t\t<\/div>\n\t\t\t\t<\/div>\n\t\t\t\t\t<\/div>\n\t\t\t\t<\/div>\n\t\t\t\t<\/div>","protected":false},"excerpt":{"rendered":"<p>Privacy Policy&nbsp; Last Updated On 26-Feb-2025&nbsp; Effective Date 26-Feb-2025&nbsp; &nbsp; &nbsp;This Privacy Policy describes the policies of Vuz Transport Sp. z o.o, ul. Kr\u00f3tka 29\/31, Cz\u0119stochowa 42-202, Poland, email: info@vuztransport.com, phone: +48 577 273 220 on the collection, use and disclosure of your information that we collect when you use our website ( https:\/\/vuztransport.com\/ ). [&hellip;]<\/p>","protected":false},"author":1,"featured_media":0,"parent":0,"menu_order":0,"comment_status":"closed","ping_status":"open","template":"","meta":{"footnotes":""},"class_list":["post-3","page","type-page","status-publish","hentry"],"aioseo_notices":[],"rttpg_featured_image_url":null,"rttpg_author":{"display_name":false,"author_link":"https:\/\/blog.vuztransport.com\/da\/author\/suportmihaivuzzgmail-com\/"},"rttpg_comment":0,"rttpg_category":null,"rttpg_excerpt":"Privacy Policy&nbsp; Last Updated On 26-Feb-2025&nbsp; Effective Date 26-Feb-2025&nbsp; &nbsp; &nbsp;This Privacy Policy describes the policies of Vuz Transport Sp. z o.o, ul. Kr\u00f3tka 29\/31, Cz\u0119stochowa 42-202, Poland, email: info@vuztransport.com, phone: +48 577 273 220 on the collection, use and disclosure of your information that we collect when you use our website ( https:\/\/vuztransport.com\/ ).&hellip;","_links":{"self":[{"href":"https:\/\/blog.vuztransport.com\/da\/wp-json\/wp\/v2\/pages\/3","targetHints":{"allow":["GET"]}}],"collection":[{"href":"https:\/\/blog.vuztransport.com\/da\/wp-json\/wp\/v2\/pages"}],"about":[{"href":"https:\/\/blog.vuztransport.com\/da\/wp-json\/wp\/v2\/types\/page"}],"author":[{"embeddable":true,"href":"https:\/\/blog.vuztransport.com\/da\/wp-json\/wp\/v2\/users\/1"}],"replies":[{"embeddable":true,"href":"https:\/\/blog.vuztransport.com\/da\/wp-json\/wp\/v2\/comments?post=3"}],"version-history":[{"count":6,"href":"https:\/\/blog.vuztransport.com\/da\/wp-json\/wp\/v2\/pages\/3\/revisions"}],"predecessor-version":[{"id":3990,"href":"https:\/\/blog.vuztransport.com\/da\/wp-json\/wp\/v2\/pages\/3\/revisions\/3990"}],"wp:attachment":[{"href":"https:\/\/blog.vuztransport.com\/da\/wp-json\/wp\/v2\/media?parent=3"}],"curies":[{"name":"wp","href":"https:\/\/api.w.org\/{rel}","templated":true}]}}