{"id":3,"date":"2025-02-17T10:16:44","date_gmt":"2025-02-17T10:16:44","guid":{"rendered":"https:\/\/blog.vuztransport.com\/?page_id=3"},"modified":"2025-02-26T11:49:30","modified_gmt":"2025-02-26T11:49:30","slug":"datenschutzbestimmungen","status":"publish","type":"page","link":"https:\/\/blog.vuztransport.com\/de\/datenschutzbestimmungen\/","title":{"rendered":"Datenschutzbestimmungen"},"content":{"rendered":"<div data-elementor-type=\"wp-page\" data-elementor-id=\"3\" class=\"elementor elementor-3\" data-elementor-post-type=\"page\">\n\t\t\t\t<div class=\"elementor-element elementor-element-779932a3 e-flex e-con-boxed e-con e-parent\" data-id=\"779932a3\" data-element_type=\"container\" data-e-type=\"container\">\n\t\t\t\t\t<div class=\"e-con-inner\">\n\t\t\t\t<div class=\"elementor-element elementor-element-63b3f058 elementor-widget elementor-widget-text-editor\" data-id=\"63b3f058\" data-element_type=\"widget\" data-e-type=\"widget\" data-widget_type=\"text-editor.default\">\n\t\t\t\t<div class=\"elementor-widget-container\">\n\t\t\t\t\t\t\t\t\t<p style=\"font-variant-numeric: normal; font-variant-east-asian: normal; font-variant-alternates: normal; font-size-adjust: none; font-kerning: auto; font-optical-sizing: auto; font-feature-settings: normal; font-variation-settings: normal; font-variant-position: normal; font-variant-emoji: normal; font-stretch: normal; line-height: normal; margin: 0px;\"><font color=\"#000000\" face=\"Helvetica Neue\"><span style=\"font-size: 13px;\"><b>Datenschutzbestimmungen&nbsp;<\/b><\/span><\/font><\/p><p style=\"font-variant-numeric: normal; font-variant-east-asian: normal; font-variant-alternates: normal; font-size-adjust: none; font-kerning: auto; font-optical-sizing: auto; font-feature-settings: normal; font-variation-settings: normal; font-variant-position: normal; font-variant-emoji: normal; font-stretch: normal; line-height: normal; margin: 0px;\"><font color=\"#000000\" face=\"Helvetica Neue\"><span style=\"font-size: 13px;\"><b>Zuletzt aktualisiert am 26-Feb-2025&nbsp;<\/b><\/span><\/font><\/p><p style=\"font-variant-numeric: normal; font-variant-east-asian: normal; font-variant-alternates: normal; font-size-adjust: none; font-kerning: auto; font-optical-sizing: auto; font-feature-settings: normal; font-variation-settings: normal; font-variant-position: normal; font-variant-emoji: normal; font-stretch: normal; line-height: normal; margin: 0px;\"><font color=\"#000000\" face=\"Helvetica Neue\"><span style=\"font-size: 13px;\"><b>Datum des Inkrafttretens 26-Feb-2025&nbsp;<\/b><\/span><\/font><\/p><p style=\"font-variant-numeric: normal; font-variant-east-asian: normal; font-variant-alternates: normal; font-size-adjust: none; font-kerning: auto; font-optical-sizing: auto; font-feature-settings: normal; font-variation-settings: normal; font-variant-position: normal; font-variant-emoji: normal; font-stretch: normal; line-height: normal; margin: 0px;\"><font color=\"#000000\" face=\"Helvetica Neue\"><span style=\"font-size: 13px;\"><b>&nbsp;<\/b><\/span><\/font><\/p><p style=\"font-variant-numeric: normal; font-variant-east-asian: normal; font-variant-alternates: normal; font-size-adjust: none; font-kerning: auto; font-optical-sizing: auto; font-feature-settings: normal; font-variation-settings: normal; font-variant-position: normal; font-variant-emoji: normal; font-stretch: normal; line-height: normal; margin: 0px;\"><font color=\"#000000\" face=\"Helvetica Neue\"><span style=\"font-size: 13px;\"><b>&nbsp;Diese Datenschutzrichtlinie beschreibt die Politik von Vuz Transport Sp. z o.o, ul. Kr\u00f3tka 29\/31, Cz\u0119stochowa 42-202, Polen, E-Mail: info@vuztransport.com, Telefon: +48 577 273 220 \u00fcber die Erfassung, Verwendung und Weitergabe Ihrer Daten, die wir bei der Nutzung unserer Website ( https:\/\/vuztransport.com\/ ) erfassen. (der \"Dienst\"). Indem Sie auf den Dienst zugreifen oder ihn nutzen, erkl\u00e4ren Sie sich mit der Erfassung, Verwendung und Weitergabe Ihrer Daten in \u00dcbereinstimmung mit dieser Datenschutzerkl\u00e4rung einverstanden. Wenn Sie damit nicht einverstanden sind, bitten wir Sie, den Dienst nicht zu nutzen.&nbsp;<\/b><\/span><\/font><\/p><p style=\"font-variant-numeric: normal; font-variant-east-asian: normal; font-variant-alternates: normal; font-size-adjust: none; font-kerning: auto; font-optical-sizing: auto; font-feature-settings: normal; font-variation-settings: normal; font-variant-position: normal; font-variant-emoji: normal; font-stretch: normal; line-height: normal; margin: 0px;\"><font color=\"#000000\" face=\"Helvetica Neue\"><span style=\"font-size: 13px;\"><b>&nbsp;Wir k\u00f6nnen diese Datenschutzrichtlinie jederzeit ohne vorherige Benachrichtigung an Sie \u00e4ndern und werden die \u00fcberarbeitete Datenschutzrichtlinie im Dienst ver\u00f6ffentlichen. Die ge\u00e4nderte Richtlinie tritt 180 Tage nach der Ver\u00f6ffentlichung der ge\u00e4nderten Richtlinie im Dienst in Kraft, und wenn Sie nach diesem Zeitpunkt weiterhin auf den Dienst zugreifen oder ihn nutzen, erkl\u00e4ren Sie sich mit der ge\u00e4nderten Datenschutzrichtlinie einverstanden. Wir empfehlen Ihnen daher, diese Seite regelm\u00e4\u00dfig zu \u00fcberpr\u00fcfen.&nbsp;<\/b><\/span><\/font><\/p><p style=\"font-variant-numeric: normal; font-variant-east-asian: normal; font-variant-alternates: normal; font-size-adjust: none; font-kerning: auto; font-optical-sizing: auto; font-feature-settings: normal; font-variation-settings: normal; font-variant-position: normal; font-variant-emoji: normal; font-stretch: normal; line-height: normal; margin: 0px;\"><font color=\"#000000\" face=\"Helvetica Neue\"><span style=\"font-size: 13px;\"><b>&nbsp;<\/b><\/span><\/font><\/p><p style=\"font-variant-numeric: normal; font-variant-east-asian: normal; font-variant-alternates: normal; font-size-adjust: none; font-kerning: auto; font-optical-sizing: auto; font-feature-settings: normal; font-variation-settings: normal; font-variant-position: normal; font-variant-emoji: normal; font-stretch: normal; line-height: normal; margin: 0px;\"><font color=\"#000000\" face=\"Helvetica Neue\"><span style=\"font-size: 13px;\"><b>&nbsp;Wie wir Ihre Informationen verwenden:&nbsp;<\/b><\/span><\/font><\/p><p style=\"font-variant-numeric: normal; font-variant-east-asian: normal; font-variant-alternates: normal; font-size-adjust: none; font-kerning: auto; font-optical-sizing: auto; font-feature-settings: normal; font-variation-settings: normal; font-variant-position: normal; font-variant-emoji: normal; font-stretch: normal; line-height: normal; margin: 0px;\"><font color=\"#000000\" face=\"Helvetica Neue\"><span style=\"font-size: 13px;\"><b>&nbsp;Wir werden die Informationen, die wir \u00fcber Sie sammeln, f\u00fcr die folgenden Zwecke verwenden:&nbsp;<\/b><\/span><\/font><\/p><p style=\"font-variant-numeric: normal; font-variant-east-asian: normal; font-variant-alternates: normal; font-size-adjust: none; font-kerning: auto; font-optical-sizing: auto; font-feature-settings: normal; font-variation-settings: normal; font-variant-position: normal; font-variant-emoji: normal; font-stretch: normal; line-height: normal; margin: 0px;\"><font color=\"#000000\" face=\"Helvetica Neue\"><span style=\"font-size: 13px;\"><b>&nbsp;<\/b><\/span><\/font><\/p><p style=\"font-variant-numeric: normal; font-variant-east-asian: normal; font-variant-alternates: normal; font-size-adjust: none; font-kerning: auto; font-optical-sizing: auto; font-feature-settings: normal; font-variation-settings: normal; font-variant-position: normal; font-variant-emoji: normal; font-stretch: normal; line-height: normal; margin: 0px;\"><font color=\"#000000\" face=\"Helvetica Neue\"><span style=\"font-size: 13px;\"><b>&nbsp;Informationen zur Verwaltung<\/b><\/span><\/font><\/p><p style=\"font-variant-numeric: normal; font-variant-east-asian: normal; font-variant-alternates: normal; font-size-adjust: none; font-kerning: auto; font-optical-sizing: auto; font-feature-settings: normal; font-variation-settings: normal; font-variant-position: normal; font-variant-emoji: normal; font-stretch: normal; line-height: normal; margin: 0px;\"><font color=\"#000000\" face=\"Helvetica Neue\"><span style=\"font-size: 13px;\"><b>&nbsp;Wenn wir Ihre Daten f\u00fcr einen anderen Zweck verwenden wollen, werden wir Sie um Ihre Zustimmung bitten und Ihre Daten nur nach Erhalt Ihrer Zustimmung und dann nur f\u00fcr den\/die Zweck(e) verwenden, f\u00fcr den\/die Sie Ihre Zustimmung erteilt haben, es sei denn, wir sind gesetzlich zu etwas anderem verpflichtet.&nbsp;<\/b><\/span><\/font><\/p><p style=\"font-variant-numeric: normal; font-variant-east-asian: normal; font-variant-alternates: normal; font-size-adjust: none; font-kerning: auto; font-optical-sizing: auto; font-feature-settings: normal; font-variation-settings: normal; font-variant-position: normal; font-variant-emoji: normal; font-stretch: normal; line-height: normal; margin: 0px;\"><font color=\"#000000\" face=\"Helvetica Neue\"><span style=\"font-size: 13px;\"><b>&nbsp;<\/b><\/span><\/font><\/p><p style=\"font-variant-numeric: normal; font-variant-east-asian: normal; font-variant-alternates: normal; font-size-adjust: none; font-kerning: auto; font-optical-sizing: auto; font-feature-settings: normal; font-variation-settings: normal; font-variant-position: normal; font-variant-emoji: normal; font-stretch: normal; line-height: normal; margin: 0px;\"><font color=\"#000000\" face=\"Helvetica Neue\"><span style=\"font-size: 13px;\"><b>&nbsp;Ihre Rechte:&nbsp;<\/b><\/span><\/font><\/p><p style=\"font-variant-numeric: normal; font-variant-east-asian: normal; font-variant-alternates: normal; font-size-adjust: none; font-kerning: auto; font-optical-sizing: auto; font-feature-settings: normal; font-variation-settings: normal; font-variant-position: normal; font-variant-emoji: normal; font-stretch: normal; line-height: normal; margin: 0px;\"><font color=\"#000000\" face=\"Helvetica Neue\"><span style=\"font-size: 13px;\"><b>&nbsp;Je nach geltendem Recht haben Sie das Recht, auf Ihre personenbezogenen Daten zuzugreifen und sie zu berichtigen oder zu l\u00f6schen oder eine Kopie Ihrer personenbezogenen Daten zu erhalten, die aktive Verarbeitung Ihrer Daten einzuschr\u00e4nken oder ihr zu widersprechen, uns aufzufordern, Ihre personenbezogenen Daten an eine andere Stelle weiterzugeben (zu portieren), die uns erteilte Zustimmung zur Verarbeitung Ihrer Daten zu widerrufen, das Recht, eine Beschwerde bei einer gesetzlichen Beh\u00f6rde einzureichen, sowie weitere Rechte, die nach geltendem Recht relevant sein k\u00f6nnen. Um diese Rechte auszu\u00fcben, k\u00f6nnen Sie sich schriftlich an uns wenden: info@vuztransport.com. Wir werden Ihre Anfrage in \u00dcbereinstimmung mit dem geltenden Recht beantworten.&nbsp;<\/b><\/span><\/font><\/p><p style=\"font-variant-numeric: normal; font-variant-east-asian: normal; font-variant-alternates: normal; font-size-adjust: none; font-kerning: auto; font-optical-sizing: auto; font-feature-settings: normal; font-variation-settings: normal; font-variant-position: normal; font-variant-emoji: normal; font-stretch: normal; line-height: normal; margin: 0px;\"><font color=\"#000000\" face=\"Helvetica Neue\"><span style=\"font-size: 13px;\"><b>&nbsp;Bitte beachten Sie, dass Sie m\u00f6glicherweise nicht in der Lage sind, auf die Dienste zuzugreifen oder diese zu nutzen, f\u00fcr die Ihre Daten angefordert wurden, wenn Sie uns nicht gestatten, die erforderlichen personenbezogenen Daten zu sammeln oder zu verarbeiten, oder wenn Sie Ihre Zustimmung zur Verarbeitung dieser Daten f\u00fcr die erforderlichen Zwecke zur\u00fcckziehen.&nbsp;<\/b><\/span><\/font><\/p><p style=\"font-variant-numeric: normal; font-variant-east-asian: normal; font-variant-alternates: normal; font-size-adjust: none; font-kerning: auto; font-optical-sizing: auto; font-feature-settings: normal; font-variation-settings: normal; font-variant-position: normal; font-variant-emoji: normal; font-stretch: normal; line-height: normal; margin: 0px;\"><font color=\"#000000\" face=\"Helvetica Neue\"><span style=\"font-size: 13px;\"><b>&nbsp;<\/b><\/span><\/font><\/p><p style=\"font-variant-numeric: normal; font-variant-east-asian: normal; font-variant-alternates: normal; font-size-adjust: none; font-kerning: auto; font-optical-sizing: auto; font-feature-settings: normal; font-variation-settings: normal; font-variant-position: normal; font-variant-emoji: normal; font-stretch: normal; line-height: normal; margin: 0px;\"><font color=\"#000000\" face=\"Helvetica Neue\"><span style=\"font-size: 13px;\"><b>&nbsp;Cookies etc.&nbsp;<\/b><\/span><\/font><\/p><p style=\"font-variant-numeric: normal; font-variant-east-asian: normal; font-variant-alternates: normal; font-size-adjust: none; font-kerning: auto; font-optical-sizing: auto; font-feature-settings: normal; font-variation-settings: normal; font-variant-position: normal; font-variant-emoji: normal; font-stretch: normal; line-height: normal; margin: 0px;\"><font color=\"#000000\" face=\"Helvetica Neue\"><span style=\"font-size: 13px;\"><b>&nbsp;Wenn Sie mehr dar\u00fcber erfahren m\u00f6chten, wie wir diese Technologien verwenden und welche M\u00f6glichkeiten Sie in Bezug auf diese Tracking-Technologien haben, lesen Sie bitte unsere Cookie-Richtlinie.&nbsp;<\/b><\/span><\/font><\/p><p style=\"font-variant-numeric: normal; font-variant-east-asian: normal; font-variant-alternates: normal; font-size-adjust: none; font-kerning: auto; font-optical-sizing: auto; font-feature-settings: normal; font-variation-settings: normal; font-variant-position: normal; font-variant-emoji: normal; font-stretch: normal; line-height: normal; margin: 0px;\"><font color=\"#000000\" face=\"Helvetica Neue\"><span style=\"font-size: 13px;\"><b>&nbsp;<\/b><\/span><\/font><\/p><p style=\"font-variant-numeric: normal; font-variant-east-asian: normal; font-variant-alternates: normal; font-size-adjust: none; font-kerning: auto; font-optical-sizing: auto; font-feature-settings: normal; font-variation-settings: normal; font-variant-position: normal; font-variant-emoji: normal; font-stretch: normal; line-height: normal; margin: 0px;\"><font color=\"#000000\" face=\"Helvetica Neue\"><span style=\"font-size: 13px;\"><b>&nbsp;Sicherheit:&nbsp;<\/b><\/span><\/font><\/p><p style=\"font-variant-numeric: normal; font-variant-east-asian: normal; font-variant-alternates: normal; font-size-adjust: none; font-kerning: auto; font-optical-sizing: auto; font-feature-settings: normal; font-variation-settings: normal; font-variant-position: normal; font-variant-emoji: normal; font-stretch: normal; line-height: normal; margin: 0px;\"><font color=\"#000000\" face=\"Helvetica Neue\"><span style=\"font-size: 13px;\"><b>&nbsp;Die Sicherheit Ihrer Daten ist uns wichtig, und wir werden angemessene Sicherheitsma\u00dfnahmen ergreifen, um den Verlust, den Missbrauch oder die unbefugte \u00c4nderung Ihrer Daten unter unserer Kontrolle zu verhindern. In Anbetracht der inh\u00e4renten Risiken k\u00f6nnen wir jedoch keine absolute Sicherheit garantieren. Folglich k\u00f6nnen wir die Sicherheit von Informationen, die Sie uns \u00fcbermitteln, weder gew\u00e4hrleisten noch garantieren, und Sie tun dies auf eigenes Risiko.&nbsp;<\/b><\/span><\/font><\/p><p style=\"font-variant-numeric: normal; font-variant-east-asian: normal; font-variant-alternates: normal; font-size-adjust: none; font-kerning: auto; font-optical-sizing: auto; font-feature-settings: normal; font-variation-settings: normal; font-variant-position: normal; font-variant-emoji: normal; font-stretch: normal; line-height: normal; margin: 0px;\"><font color=\"#000000\" face=\"Helvetica Neue\"><span style=\"font-size: 13px;\"><b>&nbsp;<\/b><\/span><\/font><\/p><p style=\"font-variant-numeric: normal; font-variant-east-asian: normal; font-variant-alternates: normal; font-size-adjust: none; font-kerning: auto; font-optical-sizing: auto; font-feature-settings: normal; font-variation-settings: normal; font-variant-position: normal; font-variant-emoji: normal; font-stretch: normal; line-height: normal; margin: 0px;\"><font color=\"#000000\" face=\"Helvetica Neue\"><span style=\"font-size: 13px;\"><b>&nbsp;Beschwerde-\/Datenschutzbeauftragter:&nbsp;<\/b><\/span><\/font><\/p><p style=\"font-variant-numeric: normal; font-variant-east-asian: normal; font-variant-alternates: normal; font-size-adjust: none; font-kerning: auto; font-optical-sizing: auto; font-feature-settings: normal; font-variation-settings: normal; font-variant-position: normal; font-variant-emoji: normal; font-stretch: normal; line-height: normal; margin: 0px;\"><font color=\"#000000\" face=\"Helvetica Neue\"><span style=\"font-size: 13px;\"><b>&nbsp;Wenn Sie Fragen oder Bedenken bez\u00fcglich der Verarbeitung Ihrer bei uns vorhandenen Daten haben, k\u00f6nnen Sie eine E-Mail an unseren Beschwerdebeauftragten bei Vuz Transport Sp. z o.o, ul. Kr\u00f3tka 29\/31, E-Mail: info@vuztransport.com. Wir werden Ihre Bedenken in \u00dcbereinstimmung mit dem geltenden Recht behandeln.&nbsp;<\/b><\/span><\/font><\/p><p style=\"font-variant-numeric: normal; font-variant-east-asian: normal; font-variant-alternates: normal; font-size-adjust: none; font-kerning: auto; font-optical-sizing: auto; font-feature-settings: normal; font-variation-settings: normal; font-variant-position: normal; font-variant-emoji: normal; font-stretch: normal; line-height: normal; margin: 0px;\"><font color=\"#000000\" face=\"Helvetica Neue\"><span style=\"font-size: 13px;\"><b>&nbsp;<\/b><\/span><\/font><\/p><p style=\"font-variant-numeric: normal; font-variant-east-asian: normal; font-variant-alternates: normal; font-size-adjust: none; font-kerning: auto; font-optical-sizing: auto; font-feature-settings: normal; font-variation-settings: normal; font-variant-position: normal; font-variant-emoji: normal; font-stretch: normal; line-height: normal; margin: 0px;\"><font color=\"#000000\" face=\"Helvetica Neue\"><span style=\"font-size: 13px;\"><b>&nbsp;Datenschutzrichtlinie generiert mit CookieYes.&nbsp;<\/b><\/span><\/font><\/p><div><br><\/div>\n<p><!-- \/wp:paragraph --><\/p>\t\t\t\t\t\t\t\t<\/div>\n\t\t\t\t<\/div>\n\t\t\t\t\t<\/div>\n\t\t\t\t<\/div>\n\t\t\t\t<\/div>","protected":false},"excerpt":{"rendered":"<p>Privacy Policy&nbsp; Last Updated On 26-Feb-2025&nbsp; Effective Date 26-Feb-2025&nbsp; &nbsp; &nbsp;This Privacy Policy describes the policies of Vuz Transport Sp. z o.o, ul. Kr\u00f3tka 29\/31, Cz\u0119stochowa 42-202, Poland, email: info@vuztransport.com, phone: +48 577 273 220 on the collection, use and disclosure of your information that we collect when you use our website ( https:\/\/vuztransport.com\/ ). [&hellip;]<\/p>","protected":false},"author":1,"featured_media":0,"parent":0,"menu_order":0,"comment_status":"closed","ping_status":"open","template":"","meta":{"footnotes":""},"class_list":["post-3","page","type-page","status-publish","hentry"],"aioseo_notices":[],"rttpg_featured_image_url":null,"rttpg_author":{"display_name":false,"author_link":"https:\/\/blog.vuztransport.com\/de\/author\/suportmihaivuzzgmail-com\/"},"rttpg_comment":0,"rttpg_category":null,"rttpg_excerpt":"Privacy Policy&nbsp; Last Updated On 26-Feb-2025&nbsp; Effective Date 26-Feb-2025&nbsp; &nbsp; &nbsp;This Privacy Policy describes the policies of Vuz Transport Sp. z o.o, ul. Kr\u00f3tka 29\/31, Cz\u0119stochowa 42-202, Poland, email: info@vuztransport.com, phone: +48 577 273 220 on the collection, use and disclosure of your information that we collect when you use our website ( https:\/\/vuztransport.com\/ ).&hellip;","_links":{"self":[{"href":"https:\/\/blog.vuztransport.com\/de\/wp-json\/wp\/v2\/pages\/3","targetHints":{"allow":["GET"]}}],"collection":[{"href":"https:\/\/blog.vuztransport.com\/de\/wp-json\/wp\/v2\/pages"}],"about":[{"href":"https:\/\/blog.vuztransport.com\/de\/wp-json\/wp\/v2\/types\/page"}],"author":[{"embeddable":true,"href":"https:\/\/blog.vuztransport.com\/de\/wp-json\/wp\/v2\/users\/1"}],"replies":[{"embeddable":true,"href":"https:\/\/blog.vuztransport.com\/de\/wp-json\/wp\/v2\/comments?post=3"}],"version-history":[{"count":6,"href":"https:\/\/blog.vuztransport.com\/de\/wp-json\/wp\/v2\/pages\/3\/revisions"}],"predecessor-version":[{"id":3990,"href":"https:\/\/blog.vuztransport.com\/de\/wp-json\/wp\/v2\/pages\/3\/revisions\/3990"}],"wp:attachment":[{"href":"https:\/\/blog.vuztransport.com\/de\/wp-json\/wp\/v2\/media?parent=3"}],"curies":[{"name":"wp","href":"https:\/\/api.w.org\/{rel}","templated":true}]}}