{"id":2,"date":"2023-06-18T02:57:31","date_gmt":"2023-06-18T01:57:31","guid":{"rendered":"https:\/\/blog.vuztransport.com\/?page_id=2"},"modified":"2025-02-24T18:43:42","modified_gmt":"2025-02-24T18:43:42","slug":"home","status":"publish","type":"page","link":"https:\/\/blog.vuztransport.com\/es","title":{"rendered":"INICIO"},"content":{"rendered":"<div data-elementor-type=\"wp-page\" data-elementor-id=\"2\" class=\"elementor elementor-2\" data-elementor-post-type=\"page\">\n\t\t\t\t<div class=\"elementor-element elementor-element-59732a5d e-flex e-con-boxed e-con e-parent\" data-id=\"59732a5d\" data-element_type=\"container\" data-e-type=\"container\">\n\t\t\t\t\t<div class=\"e-con-inner\">\n\t\t\t\t<div class=\"elementor-element elementor-element-eeb0113 elementor-widget elementor-widget-heading\" data-id=\"eeb0113\" data-element_type=\"widget\" data-e-type=\"widget\" data-widget_type=\"heading.default\">\n\t\t\t\t<div class=\"elementor-widget-container\">\n\t\t\t\t\t<h2 class=\"elementor-heading-title elementor-size-default\">Acerca de Vuz Transport<\/h2>\t\t\t\t<\/div>\n\t\t\t\t<\/div>\n\t\t\t\t<div class=\"elementor-element elementor-element-5a3558c3 elementor-widget elementor-widget-text-editor\" data-id=\"5a3558c3\" data-element_type=\"widget\" data-e-type=\"widget\" data-widget_type=\"text-editor.default\">\n\t\t\t\t<div class=\"elementor-widget-container\">\n\t\t\t\t\t\t\t\t\t<p><span style=\"color: #56585e; font-family: Inter, sans-serif; white-space-collapse: break-spaces;\">Con m\u00e1s de 15 a\u00f1os de experiencia, Vuz Transport se dedica a proporcionar soluciones de transporte de alta calidad, fiables y eficientes, adaptadas a las necesidades de nuestros clientes y garantizando al mismo tiempo la m\u00e1xima seguridad.<\/span><\/p>\n<p><!-- \/wp:paragraph --><\/p>\t\t\t\t\t\t\t\t<\/div>\n\t\t\t\t<\/div>\n\t\t\t\t\t<\/div>\n\t\t\t\t<\/div>\n\t\t<div class=\"elementor-element elementor-element-13a4004 e-flex e-con-boxed e-con e-parent\" data-id=\"13a4004\" data-element_type=\"container\" data-e-type=\"container\">\n\t\t\t\t\t<div class=\"e-con-inner\">\n\t\t\t\t<div class=\"elementor-element elementor-element-df4b547 meta-visibility-show section-title-style-style1 title_position_default title_hover_border_default title-default img_hover_animation_default meta_position_default tpg-category-position-default readmore-btn-default-style grid-hover-overlay-type-always tpg-el-box-border-enable tpg-border-bottom-disable elementor-widget elementor-widget-tpg-grid-layout\" data-id=\"df4b547\" data-element_type=\"widget\" data-e-type=\"widget\" data-widget_type=\"tpg-grid-layout.default\">\n\t\t\t\t<div class=\"elementor-widget-container\">\n\t\t\t\t\t\t\t<div class=\"rt-container-fluid rt-tpg-container tpg-el-main-wrapper clearfix grid-layout3-main\"\n\t\t\t id=\"rt-tpg-container-4083093455\"\n\t\t\t data-layout=\"grid-layout3\"\n\t\t\t data-grid-style=\"tpg-full-height\"\n\t\t\t data-sc-id=\"elementor\"\n\t\t\t data-el-settings=''\n\t\t\t data-el-query=''\n\t\t\t data-el-path=''\n\t\t>\n\t\t\t\t\t\t<div class='tpg-header-wrapper'>\n\t\t\t\t\n        <div class=\"tpg-widget-heading-wrapper rt-clear heading-style1\">\n            <span class=\"tpg-widget-heading-line line-left\"><\/span>\n\t\t\t<h2 class='tpg-widget-heading'>\n\t\t\t\n\t\t\t\t                    <span>\n\t\t\t\t\t\tM\u00e1s informaci\u00f3n\t\t\t\t\t<\/span>\n\t\t\t\t\t\n\t\t\t\t\t\t\t<\/h2>            <span class=\"tpg-widget-heading-line line-right\"><\/span>\n\n\t\t\t\n        <\/div>\n\n\t\t\n\t\t\t\t\t<\/div>\n\n\t\t\t<div data-title=\"Loading ...\" class=\"rt-row rt-content-loader grid-layout3 grid-behaviour tpg-full-height grid_layout_wrapper\">\n\t\t\t\t\n<div class=\"rt-col-md-4 rt-col-sm-6 rt-col-xs-12 default rt-grid-item\" data-id=\"3123\">\n\t<div class=\"rt-holder tpg-post-holder\">\n\t\t<div class=\"rt-detail rt-el-content-wrapper\">\n\t\t\t\t\t\t\t<div class=\"rt-img-holder tpg-el-image-wrap has-no-thumbnail\">\n\t\t\t\t\t<a data-id=\"3123\" href=\"https:\/\/blog.vuztransport.com\/es\/espana\/servicios-fiables-de-transporte-de-mercancias-en-madrid\/\" class=\"tpg-post-link\" target=\"_self\">\t\t\n\t\t<\/a>\n\t\t        <div class=\"overlay grid-hover-content\"><\/div>\n\t\t\t\t\t\t<\/div>\n\t\t\t\n\n\t\t\t<div class=\"entry-title-wrapper\"><h3 class=\"entry-title\"><a data-id=\"3123\" href=\"https:\/\/blog.vuztransport.com\/es\/espana\/servicios-fiables-de-transporte-de-mercancias-en-madrid\/\" class=\"tpg-post-link\" target=\"_self\">Servicios fiables de transporte de mercanc\u00edas en Madrid<\/a><\/h3><\/div>\n\t\t\t\t\t\t\t<div class=\"post-meta-tags rt-el-post-meta\">\n\t\t\t\t\t            <span class='categories-links'>\n\t\t\t\t<i class='fas fa-folder-open'><\/i><a class=\"spain\" href=\"https:\/\/blog.vuztransport.com\/es\/categoria\/espana\/\">Espa\u00f1a<\/a>\n\t\t\t<\/span>\n\t\t\t\t\t\t\t<\/div>\n\t\t\t\n\t\t\t\t\t\t\t<div class=\"tpg-excerpt tpg-el-excerpt\">\n\t\t\t\t\t\t\t\t\t\t\t<div class=\"tpg-excerpt-inner\">\n\t\t\t\t\t\t\tServicios fiables de transporte de mercanc\u00edas en Madrid Introducci\u00f3n Cuando se trata de transporte internacional de mercanc\u00edas, Vuz Transport destaca por sus servicios r\u00e1pidos y fiables. Con sede en Polonia,...\t\t\t\t\t\t<\/div>\n\t\t\t\t\t\t\t\t\t\t\t\t\t\t<\/div>\n\t\t\t\n\t\t\t        <div class=\"post-footer\">\n            <div class=\"post-footer\">\n                <div class=\"read-more\">\n\t\t\t\t\t<a data-id=\"3123\" href=\"https:\/\/blog.vuztransport.com\/es\/espana\/servicios-fiables-de-transporte-de-mercancias-en-madrid\/\" class=\"tpg-post-link\" target=\"_self\">Seguir leyendo<\/a>                <\/div>\n            <\/div>\n        <\/div>\n\t\t\t\t<\/div>\n\t<\/div>\n<\/div>\n\n<div class=\"rt-col-md-4 rt-col-sm-6 rt-col-xs-12 default rt-grid-item\" data-id=\"3235\">\n\t<div class=\"rt-holder tpg-post-holder\">\n\t\t<div class=\"rt-detail rt-el-content-wrapper\">\n\t\t\t\t\t\t\t<div class=\"rt-img-holder tpg-el-image-wrap has-no-thumbnail\">\n\t\t\t\t\t<a data-id=\"3235\" href=\"https:\/\/blog.vuztransport.com\/es\/paises-bajos\/freight-transport-solutions-in-amsterdam-fast-reliable\/\" class=\"tpg-post-link\" target=\"_self\">\t\t\n\t\t<\/a>\n\t\t        <div class=\"overlay grid-hover-content\"><\/div>\n\t\t\t\t\t\t<\/div>\n\t\t\t\n\n\t\t\t<div class=\"entry-title-wrapper\"><h3 class=\"entry-title\"><a data-id=\"3235\" href=\"https:\/\/blog.vuztransport.com\/es\/paises-bajos\/freight-transport-solutions-in-amsterdam-fast-reliable\/\" class=\"tpg-post-link\" target=\"_self\">Soluciones de transporte de mercanc\u00edas en \u00c1msterdam: R\u00e1pido y fiable<\/a><\/h3><\/div>\n\t\t\t\t\t\t\t<div class=\"post-meta-tags rt-el-post-meta\">\n\t\t\t\t\t            <span class='categories-links'>\n\t\t\t\t<i class='fas fa-folder-open'><\/i><a class=\"netherlands\" href=\"https:\/\/blog.vuztransport.com\/es\/categoria\/paises-bajos\/\">Pa\u00edses Bajos<\/a>\n\t\t\t<\/span>\n\t\t\t\t\t\t\t<\/div>\n\t\t\t\n\t\t\t\t\t\t\t<div class=\"tpg-excerpt tpg-el-excerpt\">\n\t\t\t\t\t\t\t\t\t\t\t<div class=\"tpg-excerpt-inner\">\n\t\t\t\t\t\t\tSoluciones de transporte de mercanc\u00edas en \u00c1msterdam: R\u00e1pido y fiable \u00bfBusca soluciones de transporte de mercanc\u00edas r\u00e1pidas y fiables en \u00c1msterdam? Vuz Transport se especializa en el transporte...\t\t\t\t\t\t<\/div>\n\t\t\t\t\t\t\t\t\t\t\t\t\t\t<\/div>\n\t\t\t\n\t\t\t        <div class=\"post-footer\">\n            <div class=\"post-footer\">\n                <div class=\"read-more\">\n\t\t\t\t\t<a data-id=\"3235\" href=\"https:\/\/blog.vuztransport.com\/es\/paises-bajos\/freight-transport-solutions-in-amsterdam-fast-reliable\/\" class=\"tpg-post-link\" target=\"_self\">Seguir leyendo<\/a>                <\/div>\n            <\/div>\n        <\/div>\n\t\t\t\t<\/div>\n\t<\/div>\n<\/div>\n\n<div class=\"rt-col-md-4 rt-col-sm-6 rt-col-xs-12 default rt-grid-item\" data-id=\"3324\">\n\t<div class=\"rt-holder tpg-post-holder\">\n\t\t<div class=\"rt-detail rt-el-content-wrapper\">\n\t\t\t\t\t\t\t<div class=\"rt-img-holder tpg-el-image-wrap has-no-thumbnail\">\n\t\t\t\t\t<a data-id=\"3324\" href=\"https:\/\/blog.vuztransport.com\/es\/francia\/soluciones-para-el-transporte-de-mercancias-dentro-y-fuera-de-paris\/\" class=\"tpg-post-link\" target=\"_self\">\t\t\n\t\t<\/a>\n\t\t        <div class=\"overlay grid-hover-content\"><\/div>\n\t\t\t\t\t\t<\/div>\n\t\t\t\n\n\t\t\t<div class=\"entry-title-wrapper\"><h3 class=\"entry-title\"><a data-id=\"3324\" href=\"https:\/\/blog.vuztransport.com\/es\/francia\/soluciones-para-el-transporte-de-mercancias-dentro-y-fuera-de-paris\/\" class=\"tpg-post-link\" target=\"_self\">Transporte de mercanc\u00edas: Soluciones dentro y fuera de Par\u00eds<\/a><\/h3><\/div>\n\t\t\t\t\t\t\t<div class=\"post-meta-tags rt-el-post-meta\">\n\t\t\t\t\t            <span class='categories-links'>\n\t\t\t\t<i class='fas fa-folder-open'><\/i><a class=\"france\" href=\"https:\/\/blog.vuztransport.com\/es\/categoria\/francia\/\">Francia<\/a>\n\t\t\t<\/span>\n\t\t\t\t\t\t\t<\/div>\n\t\t\t\n\t\t\t\t\t\t\t<div class=\"tpg-excerpt tpg-el-excerpt\">\n\t\t\t\t\t\t\t\t\t\t\t<div class=\"tpg-excerpt-inner\">\n\t\t\t\t\t\t\tTransporte de mercanc\u00edas: Soluciones dentro y fuera de Par\u00eds Introducci\u00f3n En Vuz Transport, estamos especializados en soluciones de transporte internacional de mercanc\u00edas r\u00e1pidas y fiables adaptadas a las empresas de toda Europa. Con...\t\t\t\t\t\t<\/div>\n\t\t\t\t\t\t\t\t\t\t\t\t\t\t<\/div>\n\t\t\t\n\t\t\t        <div class=\"post-footer\">\n            <div class=\"post-footer\">\n                <div class=\"read-more\">\n\t\t\t\t\t<a data-id=\"3324\" href=\"https:\/\/blog.vuztransport.com\/es\/francia\/soluciones-para-el-transporte-de-mercancias-dentro-y-fuera-de-paris\/\" class=\"tpg-post-link\" target=\"_self\">Seguir leyendo<\/a>                <\/div>\n            <\/div>\n        <\/div>\n\t\t\t\t<\/div>\n\t<\/div>\n<\/div>\n\n<div class=\"rt-col-md-4 rt-col-sm-6 rt-col-xs-12 default rt-grid-item\" data-id=\"2929\">\n\t<div class=\"rt-holder tpg-post-holder\">\n\t\t<div class=\"rt-detail rt-el-content-wrapper\">\n\t\t\t\t\t\t\t<div class=\"rt-img-holder tpg-el-image-wrap has-no-thumbnail\">\n\t\t\t\t\t<a data-id=\"2929\" href=\"https:\/\/blog.vuztransport.com\/es\/italia\/milano-transporte-de-mercancias-soluciones-fiables-y-eficaces\/\" class=\"tpg-post-link\" target=\"_self\">\t\t\n\t\t<\/a>\n\t\t        <div class=\"overlay grid-hover-content\"><\/div>\n\t\t\t\t\t\t<\/div>\n\t\t\t\n\n\t\t\t<div class=\"entry-title-wrapper\"><h3 class=\"entry-title\"><a data-id=\"2929\" href=\"https:\/\/blog.vuztransport.com\/es\/italia\/milano-transporte-de-mercancias-soluciones-fiables-y-eficaces\/\" class=\"tpg-post-link\" target=\"_self\">Milano Freight Transport: Soluciones fiables y eficientes<\/a><\/h3><\/div>\n\t\t\t\t\t\t\t<div class=\"post-meta-tags rt-el-post-meta\">\n\t\t\t\t\t            <span class='categories-links'>\n\t\t\t\t<i class='fas fa-folder-open'><\/i><a class=\"italy\" href=\"https:\/\/blog.vuztransport.com\/es\/categoria\/italia\/\">Italia<\/a>\n\t\t\t<\/span>\n\t\t\t\t\t\t\t<\/div>\n\t\t\t\n\t\t\t\t\t\t\t<div class=\"tpg-excerpt tpg-el-excerpt\">\n\t\t\t\t\t\t\t\t\t\t\t<div class=\"tpg-excerpt-inner\">\n\t\t\t\t\t\t\tMilano Freight Transport: Soluciones fiables y eficientes Introducci\u00f3n Vuz Transport se especializa en fletes internacionales r\u00e1pidos y fiables, garantizando soluciones de env\u00edo eficientes para empresas de...\t\t\t\t\t\t<\/div>\n\t\t\t\t\t\t\t\t\t\t\t\t\t\t<\/div>\n\t\t\t\n\t\t\t        <div class=\"post-footer\">\n            <div class=\"post-footer\">\n                <div class=\"read-more\">\n\t\t\t\t\t<a data-id=\"2929\" href=\"https:\/\/blog.vuztransport.com\/es\/italia\/milano-transporte-de-mercancias-soluciones-fiables-y-eficaces\/\" class=\"tpg-post-link\" target=\"_self\">Seguir leyendo<\/a>                <\/div>\n            <\/div>\n        <\/div>\n\t\t\t\t<\/div>\n\t<\/div>\n<\/div>\n\n<div class=\"rt-col-md-4 rt-col-sm-6 rt-col-xs-12 default rt-grid-item\" data-id=\"3237\">\n\t<div class=\"rt-holder tpg-post-holder\">\n\t\t<div class=\"rt-detail rt-el-content-wrapper\">\n\t\t\t\t\t\t\t<div class=\"rt-img-holder tpg-el-image-wrap has-no-thumbnail\">\n\t\t\t\t\t<a data-id=\"3237\" href=\"https:\/\/blog.vuztransport.com\/es\/polonia\/freight-transport-services-in-and-out-of-warsaw\/\" class=\"tpg-post-link\" target=\"_self\">\t\t\n\t\t<\/a>\n\t\t        <div class=\"overlay grid-hover-content\"><\/div>\n\t\t\t\t\t\t<\/div>\n\t\t\t\n\n\t\t\t<div class=\"entry-title-wrapper\"><h3 class=\"entry-title\"><a data-id=\"3237\" href=\"https:\/\/blog.vuztransport.com\/es\/polonia\/freight-transport-services-in-and-out-of-warsaw\/\" class=\"tpg-post-link\" target=\"_self\">Servicios de transporte de mercanc\u00edas dentro y fuera de Varsovia<\/a><\/h3><\/div>\n\t\t\t\t\t\t\t<div class=\"post-meta-tags rt-el-post-meta\">\n\t\t\t\t\t            <span class='categories-links'>\n\t\t\t\t<i class='fas fa-folder-open'><\/i><a class=\"poland\" href=\"https:\/\/blog.vuztransport.com\/es\/categoria\/polonia\/\">Polonia<\/a>\n\t\t\t<\/span>\n\t\t\t\t\t\t\t<\/div>\n\t\t\t\n\t\t\t\t\t\t\t<div class=\"tpg-excerpt tpg-el-excerpt\">\n\t\t\t\t\t\t\t\t\t\t\t<div class=\"tpg-excerpt-inner\">\n\t\t\t\t\t\t\tServicios de transporte de mercanc\u00edas dentro y fuera de Varsovia Vuz Transport est\u00e1 especializada en servicios de transporte internacional de mercanc\u00edas r\u00e1pidos y fiables, realizando env\u00edos eficientes desde y hacia Varsovia para empresas de...\t\t\t\t\t\t<\/div>\n\t\t\t\t\t\t\t\t\t\t\t\t\t\t<\/div>\n\t\t\t\n\t\t\t        <div class=\"post-footer\">\n            <div class=\"post-footer\">\n                <div class=\"read-more\">\n\t\t\t\t\t<a data-id=\"3237\" href=\"https:\/\/blog.vuztransport.com\/es\/polonia\/freight-transport-services-in-and-out-of-warsaw\/\" class=\"tpg-post-link\" target=\"_self\">Seguir leyendo<\/a>                <\/div>\n            <\/div>\n        <\/div>\n\t\t\t\t<\/div>\n\t<\/div>\n<\/div>\n\n<div class=\"rt-col-md-4 rt-col-sm-6 rt-col-xs-12 default rt-grid-item\" data-id=\"869\">\n\t<div class=\"rt-holder tpg-post-holder\">\n\t\t<div class=\"rt-detail rt-el-content-wrapper\">\n\t\t\t\t\t\t\t<div class=\"rt-img-holder tpg-el-image-wrap has-no-thumbnail\">\n\t\t\t\t\t<a data-id=\"869\" href=\"https:\/\/blog.vuztransport.com\/es\/austria\/viena-servicios-de-transporte-de-mercancias-soluciones-rapidas-y-fiables\/\" class=\"tpg-post-link\" target=\"_self\">\t\t\n\t\t<\/a>\n\t\t        <div class=\"overlay grid-hover-content\"><\/div>\n\t\t\t\t\t\t<\/div>\n\t\t\t\n\n\t\t\t<div class=\"entry-title-wrapper\"><h3 class=\"entry-title\"><a data-id=\"869\" href=\"https:\/\/blog.vuztransport.com\/es\/austria\/viena-servicios-de-transporte-de-mercancias-soluciones-rapidas-y-fiables\/\" class=\"tpg-post-link\" target=\"_self\">Servicios de transporte de mercanc\u00edas en Viena: Soluciones r\u00e1pidas y fiables<\/a><\/h3><\/div>\n\t\t\t\t\t\t\t<div class=\"post-meta-tags rt-el-post-meta\">\n\t\t\t\t\t            <span class='categories-links'>\n\t\t\t\t<i class='fas fa-folder-open'><\/i><a class=\"austria\" href=\"https:\/\/blog.vuztransport.com\/es\/categoria\/austria\/\">Austria<\/a>\n\t\t\t<\/span>\n\t\t\t\t\t\t\t<\/div>\n\t\t\t\n\t\t\t\t\t\t\t<div class=\"tpg-excerpt tpg-el-excerpt\">\n\t\t\t\t\t\t\t\t\t\t\t<div class=\"tpg-excerpt-inner\">\n\t\t\t\t\t\t\tTransporte de mercanc\u00edas desde y hacia Viena: Soluciones r\u00e1pidas y fiables Introducci\u00f3n Vuz Transport se especializa en transporte internacional de mercanc\u00edas r\u00e1pido y fiable, ofreciendo soluciones de env\u00edo eficientes para empresas...\t\t\t\t\t\t<\/div>\n\t\t\t\t\t\t\t\t\t\t\t\t\t\t<\/div>\n\t\t\t\n\t\t\t        <div class=\"post-footer\">\n            <div class=\"post-footer\">\n                <div class=\"read-more\">\n\t\t\t\t\t<a data-id=\"869\" href=\"https:\/\/blog.vuztransport.com\/es\/austria\/viena-servicios-de-transporte-de-mercancias-soluciones-rapidas-y-fiables\/\" class=\"tpg-post-link\" target=\"_self\">Seguir leyendo<\/a>                <\/div>\n            <\/div>\n        <\/div>\n\t\t\t\t<\/div>\n\t<\/div>\n<\/div>\n\t\t\t<\/div>\n\t\t\t\n\t\t<\/div>\n\t\t\t\t\t\t<\/div>\n\t\t\t\t<\/div>\n\t\t\t\t\t<\/div>\n\t\t\t\t<\/div>\n\t\t\t\t<\/div>","protected":false},"excerpt":{"rendered":"<p>About Vuz Transport With over 15 years of experience, Vuz Transport is dedicated to providing high-quality, reliable, and efficient transport solutions tailored to meet our customers&#8217; needs while ensuring utmost safety. Read more About Us Freight Transport: In &#038; Out of Paris Solutions France Freight Transport: In &amp; Out of Paris Solutions Introduction At Vuz [&hellip;]<\/p>","protected":false},"author":1,"featured_media":0,"parent":0,"menu_order":0,"comment_status":"closed","ping_status":"open","template":"elementor_header_footer","meta":{"footnotes":""},"class_list":["post-2","page","type-page","status-publish","hentry"],"aioseo_notices":[],"rttpg_featured_image_url":null,"rttpg_author":{"display_name":false,"author_link":"https:\/\/blog.vuztransport.com\/es\/author\/suportmihaivuzzgmail-com\/"},"rttpg_comment":0,"rttpg_category":"","rttpg_excerpt":"About Vuz Transport With over 15 years of experience, Vuz Transport is dedicated to providing high-quality, reliable, and efficient transport solutions tailored to meet our customers&#8217; needs while ensuring utmost safety. Read more About Us Freight Transport: In &#038; Out of Paris Solutions France Freight Transport: In &amp; Out of Paris Solutions Introduction At Vuz&hellip;","_links":{"self":[{"href":"https:\/\/blog.vuztransport.com\/es\/wp-json\/wp\/v2\/pages\/2","targetHints":{"allow":["GET"]}}],"collection":[{"href":"https:\/\/blog.vuztransport.com\/es\/wp-json\/wp\/v2\/pages"}],"about":[{"href":"https:\/\/blog.vuztransport.com\/es\/wp-json\/wp\/v2\/types\/page"}],"author":[{"embeddable":true,"href":"https:\/\/blog.vuztransport.com\/es\/wp-json\/wp\/v2\/users\/1"}],"replies":[{"embeddable":true,"href":"https:\/\/blog.vuztransport.com\/es\/wp-json\/wp\/v2\/comments?post=2"}],"version-history":[{"count":32,"href":"https:\/\/blog.vuztransport.com\/es\/wp-json\/wp\/v2\/pages\/2\/revisions"}],"predecessor-version":[{"id":3328,"href":"https:\/\/blog.vuztransport.com\/es\/wp-json\/wp\/v2\/pages\/2\/revisions\/3328"}],"wp:attachment":[{"href":"https:\/\/blog.vuztransport.com\/es\/wp-json\/wp\/v2\/media?parent=2"}],"curies":[{"name":"wp","href":"https:\/\/api.w.org\/{rel}","templated":true}]}}