{"id":3,"date":"2025-02-17T10:16:44","date_gmt":"2025-02-17T10:16:44","guid":{"rendered":"https:\/\/blog.vuztransport.com\/?page_id=3"},"modified":"2025-02-26T11:49:30","modified_gmt":"2025-02-26T11:49:30","slug":"politica-de-privacidad","status":"publish","type":"page","link":"https:\/\/blog.vuztransport.com\/es\/politica-de-privacidad\/","title":{"rendered":"Pol\u00edtica de privacidad"},"content":{"rendered":"<div data-elementor-type=\"wp-page\" data-elementor-id=\"3\" class=\"elementor elementor-3\" data-elementor-post-type=\"page\">\n\t\t\t\t<div class=\"elementor-element elementor-element-779932a3 e-flex e-con-boxed e-con e-parent\" data-id=\"779932a3\" data-element_type=\"container\" data-e-type=\"container\">\n\t\t\t\t\t<div class=\"e-con-inner\">\n\t\t\t\t<div class=\"elementor-element elementor-element-63b3f058 elementor-widget elementor-widget-text-editor\" data-id=\"63b3f058\" data-element_type=\"widget\" data-e-type=\"widget\" data-widget_type=\"text-editor.default\">\n\t\t\t\t<div class=\"elementor-widget-container\">\n\t\t\t\t\t\t\t\t\t<p style=\"font-variant-numeric: normal; font-variant-east-asian: normal; font-variant-alternates: normal; font-size-adjust: none; font-kerning: auto; font-optical-sizing: auto; font-feature-settings: normal; font-variation-settings: normal; font-variant-position: normal; font-variant-emoji: normal; font-stretch: normal; line-height: normal; margin: 0px;\"><font color=\"#000000\" face=\"Helvetica Neue\"><span style=\"font-size: 13px;\"><b>Pol\u00edtica de privacidad&nbsp;<\/b><\/span><\/font><\/p><p style=\"font-variant-numeric: normal; font-variant-east-asian: normal; font-variant-alternates: normal; font-size-adjust: none; font-kerning: auto; font-optical-sizing: auto; font-feature-settings: normal; font-variation-settings: normal; font-variant-position: normal; font-variant-emoji: normal; font-stretch: normal; line-height: normal; margin: 0px;\"><font color=\"#000000\" face=\"Helvetica Neue\"><span style=\"font-size: 13px;\"><b>\u00daltima actualizaci\u00f3n: 26-feb-2025&nbsp;<\/b><\/span><\/font><\/p><p style=\"font-variant-numeric: normal; font-variant-east-asian: normal; font-variant-alternates: normal; font-size-adjust: none; font-kerning: auto; font-optical-sizing: auto; font-feature-settings: normal; font-variation-settings: normal; font-variant-position: normal; font-variant-emoji: normal; font-stretch: normal; line-height: normal; margin: 0px;\"><font color=\"#000000\" face=\"Helvetica Neue\"><span style=\"font-size: 13px;\"><b>Fecha de entrada en vigor 26-Feb-2025&nbsp;<\/b><\/span><\/font><\/p><p style=\"font-variant-numeric: normal; font-variant-east-asian: normal; font-variant-alternates: normal; font-size-adjust: none; font-kerning: auto; font-optical-sizing: auto; font-feature-settings: normal; font-variation-settings: normal; font-variant-position: normal; font-variant-emoji: normal; font-stretch: normal; line-height: normal; margin: 0px;\"><font color=\"#000000\" face=\"Helvetica Neue\"><span style=\"font-size: 13px;\"><b>&nbsp;<\/b><\/span><\/font><\/p><p style=\"font-variant-numeric: normal; font-variant-east-asian: normal; font-variant-alternates: normal; font-size-adjust: none; font-kerning: auto; font-optical-sizing: auto; font-feature-settings: normal; font-variation-settings: normal; font-variant-position: normal; font-variant-emoji: normal; font-stretch: normal; line-height: normal; margin: 0px;\"><font color=\"#000000\" face=\"Helvetica Neue\"><span style=\"font-size: 13px;\"><b>&nbsp;La presente Pol\u00edtica de Privacidad describe las pol\u00edticas de Vuz Transport Sp. z o.o, ul. Kr\u00f3tka 29\/31, Cz\u0119stochowa 42-202, Polonia, correo electr\u00f3nico: info@vuztransport.com, tel\u00e9fono: +48 577 273 220 sobre la recopilaci\u00f3n, uso y divulgaci\u00f3n de su informaci\u00f3n que recopilamos cuando utiliza nuestro sitio web ( https:\/\/vuztransport.com\/ ). (el \"Servicio\"). Al acceder o utilizar el Servicio, usted consiente la recopilaci\u00f3n, uso y divulgaci\u00f3n de su informaci\u00f3n de conformidad con la presente Pol\u00edtica de Privacidad. Si no da su consentimiento, le rogamos que no acceda al Servicio ni lo utilice.&nbsp;<\/b><\/span><\/font><\/p><p style=\"font-variant-numeric: normal; font-variant-east-asian: normal; font-variant-alternates: normal; font-size-adjust: none; font-kerning: auto; font-optical-sizing: auto; font-feature-settings: normal; font-variation-settings: normal; font-variant-position: normal; font-variant-emoji: normal; font-stretch: normal; line-height: normal; margin: 0px;\"><font color=\"#000000\" face=\"Helvetica Neue\"><span style=\"font-size: 13px;\"><b>&nbsp;Podemos modificar esta Pol\u00edtica de Privacidad en cualquier momento sin previo aviso y publicaremos la Pol\u00edtica de Privacidad revisada en el Servicio. La Pol\u00edtica revisada entrar\u00e1 en vigor a los 180 d\u00edas de su publicaci\u00f3n en el Servicio y su acceso o uso continuado del Servicio despu\u00e9s de dicho plazo constituir\u00e1 su aceptaci\u00f3n de la Pol\u00edtica de Privacidad revisada. Por lo tanto, le recomendamos que revise peri\u00f3dicamente esta p\u00e1gina.&nbsp;<\/b><\/span><\/font><\/p><p style=\"font-variant-numeric: normal; font-variant-east-asian: normal; font-variant-alternates: normal; font-size-adjust: none; font-kerning: auto; font-optical-sizing: auto; font-feature-settings: normal; font-variation-settings: normal; font-variant-position: normal; font-variant-emoji: normal; font-stretch: normal; line-height: normal; margin: 0px;\"><font color=\"#000000\" face=\"Helvetica Neue\"><span style=\"font-size: 13px;\"><b>&nbsp;<\/b><\/span><\/font><\/p><p style=\"font-variant-numeric: normal; font-variant-east-asian: normal; font-variant-alternates: normal; font-size-adjust: none; font-kerning: auto; font-optical-sizing: auto; font-feature-settings: normal; font-variation-settings: normal; font-variant-position: normal; font-variant-emoji: normal; font-stretch: normal; line-height: normal; margin: 0px;\"><font color=\"#000000\" face=\"Helvetica Neue\"><span style=\"font-size: 13px;\"><b>&nbsp;C\u00f3mo utilizamos su informaci\u00f3n:&nbsp;<\/b><\/span><\/font><\/p><p style=\"font-variant-numeric: normal; font-variant-east-asian: normal; font-variant-alternates: normal; font-size-adjust: none; font-kerning: auto; font-optical-sizing: auto; font-feature-settings: normal; font-variation-settings: normal; font-variant-position: normal; font-variant-emoji: normal; font-stretch: normal; line-height: normal; margin: 0px;\"><font color=\"#000000\" face=\"Helvetica Neue\"><span style=\"font-size: 13px;\"><b>&nbsp;Utilizaremos la informaci\u00f3n que recopilemos sobre usted para los siguientes fines:&nbsp;<\/b><\/span><\/font><\/p><p style=\"font-variant-numeric: normal; font-variant-east-asian: normal; font-variant-alternates: normal; font-size-adjust: none; font-kerning: auto; font-optical-sizing: auto; font-feature-settings: normal; font-variation-settings: normal; font-variant-position: normal; font-variant-emoji: normal; font-stretch: normal; line-height: normal; margin: 0px;\"><font color=\"#000000\" face=\"Helvetica Neue\"><span style=\"font-size: 13px;\"><b>&nbsp;<\/b><\/span><\/font><\/p><p style=\"font-variant-numeric: normal; font-variant-east-asian: normal; font-variant-alternates: normal; font-size-adjust: none; font-kerning: auto; font-optical-sizing: auto; font-feature-settings: normal; font-variation-settings: normal; font-variant-position: normal; font-variant-emoji: normal; font-stretch: normal; line-height: normal; margin: 0px;\"><font color=\"#000000\" face=\"Helvetica Neue\"><span style=\"font-size: 13px;\"><b>&nbsp;Informaci\u00f3n administrativa<\/b><\/span><\/font><\/p><p style=\"font-variant-numeric: normal; font-variant-east-asian: normal; font-variant-alternates: normal; font-size-adjust: none; font-kerning: auto; font-optical-sizing: auto; font-feature-settings: normal; font-variation-settings: normal; font-variant-position: normal; font-variant-emoji: normal; font-stretch: normal; line-height: normal; margin: 0px;\"><font color=\"#000000\" face=\"Helvetica Neue\"><span style=\"font-size: 13px;\"><b>&nbsp;Si queremos utilizar su informaci\u00f3n para cualquier otro fin, le pediremos su consentimiento y utilizaremos su informaci\u00f3n s\u00f3lo cuando recibamos su consentimiento y, en ese caso, s\u00f3lo para el fin o fines para los que otorgamos el consentimiento, a menos que la ley nos obligue a hacer otra cosa.&nbsp;<\/b><\/span><\/font><\/p><p style=\"font-variant-numeric: normal; font-variant-east-asian: normal; font-variant-alternates: normal; font-size-adjust: none; font-kerning: auto; font-optical-sizing: auto; font-feature-settings: normal; font-variation-settings: normal; font-variant-position: normal; font-variant-emoji: normal; font-stretch: normal; line-height: normal; margin: 0px;\"><font color=\"#000000\" face=\"Helvetica Neue\"><span style=\"font-size: 13px;\"><b>&nbsp;<\/b><\/span><\/font><\/p><p style=\"font-variant-numeric: normal; font-variant-east-asian: normal; font-variant-alternates: normal; font-size-adjust: none; font-kerning: auto; font-optical-sizing: auto; font-feature-settings: normal; font-variation-settings: normal; font-variant-position: normal; font-variant-emoji: normal; font-stretch: normal; line-height: normal; margin: 0px;\"><font color=\"#000000\" face=\"Helvetica Neue\"><span style=\"font-size: 13px;\"><b>&nbsp;Sus derechos:&nbsp;<\/b><\/span><\/font><\/p><p style=\"font-variant-numeric: normal; font-variant-east-asian: normal; font-variant-alternates: normal; font-size-adjust: none; font-kerning: auto; font-optical-sizing: auto; font-feature-settings: normal; font-variation-settings: normal; font-variant-position: normal; font-variant-emoji: normal; font-stretch: normal; line-height: normal; margin: 0px;\"><font color=\"#000000\" face=\"Helvetica Neue\"><span style=\"font-size: 13px;\"><b>&nbsp;En funci\u00f3n de la legislaci\u00f3n aplicable, usted puede tener derecho a acceder a sus datos personales y rectificarlos o borrarlos o recibir una copia de los mismos, limitar el tratamiento activo de sus datos u oponerse a \u00e9l, solicitarnos que compartamos (portemos) su informaci\u00f3n personal a otra entidad, retirar cualquier consentimiento que nos haya dado para tratar sus datos, derecho a presentar una reclamaci\u00f3n ante una autoridad legal y otros derechos que puedan corresponderle en virtud de la legislaci\u00f3n aplicable. Para ejercer estos derechos, puede escribirnos a info@vuztransport.com. Responderemos a su solicitud de conformidad con la legislaci\u00f3n aplicable.&nbsp;<\/b><\/span><\/font><\/p><p style=\"font-variant-numeric: normal; font-variant-east-asian: normal; font-variant-alternates: normal; font-size-adjust: none; font-kerning: auto; font-optical-sizing: auto; font-feature-settings: normal; font-variation-settings: normal; font-variant-position: normal; font-variant-emoji: normal; font-stretch: normal; line-height: normal; margin: 0px;\"><font color=\"#000000\" face=\"Helvetica Neue\"><span style=\"font-size: 13px;\"><b>&nbsp;Tenga en cuenta que si no nos permite recopilar o procesar la informaci\u00f3n personal requerida o retira el consentimiento para procesar la misma para los fines requeridos, es posible que no pueda acceder o utilizar los servicios para los que se solicit\u00f3 su informaci\u00f3n.&nbsp;<\/b><\/span><\/font><\/p><p style=\"font-variant-numeric: normal; font-variant-east-asian: normal; font-variant-alternates: normal; font-size-adjust: none; font-kerning: auto; font-optical-sizing: auto; font-feature-settings: normal; font-variation-settings: normal; font-variant-position: normal; font-variant-emoji: normal; font-stretch: normal; line-height: normal; margin: 0px;\"><font color=\"#000000\" face=\"Helvetica Neue\"><span style=\"font-size: 13px;\"><b>&nbsp;<\/b><\/span><\/font><\/p><p style=\"font-variant-numeric: normal; font-variant-east-asian: normal; font-variant-alternates: normal; font-size-adjust: none; font-kerning: auto; font-optical-sizing: auto; font-feature-settings: normal; font-variation-settings: normal; font-variant-position: normal; font-variant-emoji: normal; font-stretch: normal; line-height: normal; margin: 0px;\"><font color=\"#000000\" face=\"Helvetica Neue\"><span style=\"font-size: 13px;\"><b>&nbsp;Cookies Etc.&nbsp;<\/b><\/span><\/font><\/p><p style=\"font-variant-numeric: normal; font-variant-east-asian: normal; font-variant-alternates: normal; font-size-adjust: none; font-kerning: auto; font-optical-sizing: auto; font-feature-settings: normal; font-variation-settings: normal; font-variant-position: normal; font-variant-emoji: normal; font-stretch: normal; line-height: normal; margin: 0px;\"><font color=\"#000000\" face=\"Helvetica Neue\"><span style=\"font-size: 13px;\"><b>&nbsp;Para obtener m\u00e1s informaci\u00f3n sobre c\u00f3mo las utilizamos y sus opciones en relaci\u00f3n con estas tecnolog\u00edas de seguimiento, consulte nuestra Pol\u00edtica de cookies.&nbsp;<\/b><\/span><\/font><\/p><p style=\"font-variant-numeric: normal; font-variant-east-asian: normal; font-variant-alternates: normal; font-size-adjust: none; font-kerning: auto; font-optical-sizing: auto; font-feature-settings: normal; font-variation-settings: normal; font-variant-position: normal; font-variant-emoji: normal; font-stretch: normal; line-height: normal; margin: 0px;\"><font color=\"#000000\" face=\"Helvetica Neue\"><span style=\"font-size: 13px;\"><b>&nbsp;<\/b><\/span><\/font><\/p><p style=\"font-variant-numeric: normal; font-variant-east-asian: normal; font-variant-alternates: normal; font-size-adjust: none; font-kerning: auto; font-optical-sizing: auto; font-feature-settings: normal; font-variation-settings: normal; font-variant-position: normal; font-variant-emoji: normal; font-stretch: normal; line-height: normal; margin: 0px;\"><font color=\"#000000\" face=\"Helvetica Neue\"><span style=\"font-size: 13px;\"><b>&nbsp;Seguridad:&nbsp;<\/b><\/span><\/font><\/p><p style=\"font-variant-numeric: normal; font-variant-east-asian: normal; font-variant-alternates: normal; font-size-adjust: none; font-kerning: auto; font-optical-sizing: auto; font-feature-settings: normal; font-variation-settings: normal; font-variant-position: normal; font-variant-emoji: normal; font-stretch: normal; line-height: normal; margin: 0px;\"><font color=\"#000000\" face=\"Helvetica Neue\"><span style=\"font-size: 13px;\"><b>&nbsp;La seguridad de su informaci\u00f3n es importante para nosotros y utilizaremos medidas de seguridad razonables para evitar la p\u00e9rdida, el uso indebido o la alteraci\u00f3n no autorizada de su informaci\u00f3n bajo nuestro control. Sin embargo, dados los riesgos inherentes, no podemos garantizar una seguridad absoluta y, en consecuencia, no podemos asegurar o garantizar la seguridad de cualquier informaci\u00f3n que nos transmita y usted lo hace bajo su propio riesgo.&nbsp;<\/b><\/span><\/font><\/p><p style=\"font-variant-numeric: normal; font-variant-east-asian: normal; font-variant-alternates: normal; font-size-adjust: none; font-kerning: auto; font-optical-sizing: auto; font-feature-settings: normal; font-variation-settings: normal; font-variant-position: normal; font-variant-emoji: normal; font-stretch: normal; line-height: normal; margin: 0px;\"><font color=\"#000000\" face=\"Helvetica Neue\"><span style=\"font-size: 13px;\"><b>&nbsp;<\/b><\/span><\/font><\/p><p style=\"font-variant-numeric: normal; font-variant-east-asian: normal; font-variant-alternates: normal; font-size-adjust: none; font-kerning: auto; font-optical-sizing: auto; font-feature-settings: normal; font-variation-settings: normal; font-variant-position: normal; font-variant-emoji: normal; font-stretch: normal; line-height: normal; margin: 0px;\"><font color=\"#000000\" face=\"Helvetica Neue\"><span style=\"font-size: 13px;\"><b>&nbsp;Responsable de quejas y protecci\u00f3n de datos:&nbsp;<\/b><\/span><\/font><\/p><p style=\"font-variant-numeric: normal; font-variant-east-asian: normal; font-variant-alternates: normal; font-size-adjust: none; font-kerning: auto; font-optical-sizing: auto; font-feature-settings: normal; font-variation-settings: normal; font-variant-position: normal; font-variant-emoji: normal; font-stretch: normal; line-height: normal; margin: 0px;\"><font color=\"#000000\" face=\"Helvetica Neue\"><span style=\"font-size: 13px;\"><b>&nbsp;Si tiene alguna pregunta o duda sobre el tratamiento de la informaci\u00f3n de que disponemos, puede enviar un correo electr\u00f3nico a nuestro responsable de quejas a Vuz Transport Sp. z o.o, ul. Kr\u00f3tka 29\/31, correo electr\u00f3nico: info@vuztransport.com. Trataremos sus preocupaciones de acuerdo con la legislaci\u00f3n aplicable.&nbsp;<\/b><\/span><\/font><\/p><p style=\"font-variant-numeric: normal; font-variant-east-asian: normal; font-variant-alternates: normal; font-size-adjust: none; font-kerning: auto; font-optical-sizing: auto; font-feature-settings: normal; font-variation-settings: normal; font-variant-position: normal; font-variant-emoji: normal; font-stretch: normal; line-height: normal; margin: 0px;\"><font color=\"#000000\" face=\"Helvetica Neue\"><span style=\"font-size: 13px;\"><b>&nbsp;<\/b><\/span><\/font><\/p><p style=\"font-variant-numeric: normal; font-variant-east-asian: normal; font-variant-alternates: normal; font-size-adjust: none; font-kerning: auto; font-optical-sizing: auto; font-feature-settings: normal; font-variation-settings: normal; font-variant-position: normal; font-variant-emoji: normal; font-stretch: normal; line-height: normal; margin: 0px;\"><font color=\"#000000\" face=\"Helvetica Neue\"><span style=\"font-size: 13px;\"><b>&nbsp;Pol\u00edtica de privacidad generada con CookieYes.&nbsp;<\/b><\/span><\/font><\/p><div><br><\/div>\n<p><!-- \/wp:paragraph --><\/p>\t\t\t\t\t\t\t\t<\/div>\n\t\t\t\t<\/div>\n\t\t\t\t\t<\/div>\n\t\t\t\t<\/div>\n\t\t\t\t<\/div>","protected":false},"excerpt":{"rendered":"<p>Privacy Policy&nbsp; Last Updated On 26-Feb-2025&nbsp; Effective Date 26-Feb-2025&nbsp; &nbsp; &nbsp;This Privacy Policy describes the policies of Vuz Transport Sp. z o.o, ul. Kr\u00f3tka 29\/31, Cz\u0119stochowa 42-202, Poland, email: info@vuztransport.com, phone: +48 577 273 220 on the collection, use and disclosure of your information that we collect when you use our website ( https:\/\/vuztransport.com\/ ). [&hellip;]<\/p>","protected":false},"author":1,"featured_media":0,"parent":0,"menu_order":0,"comment_status":"closed","ping_status":"open","template":"","meta":{"footnotes":""},"class_list":["post-3","page","type-page","status-publish","hentry"],"aioseo_notices":[],"rttpg_featured_image_url":null,"rttpg_author":{"display_name":false,"author_link":"https:\/\/blog.vuztransport.com\/es\/author\/suportmihaivuzzgmail-com\/"},"rttpg_comment":0,"rttpg_category":null,"rttpg_excerpt":"Privacy Policy&nbsp; Last Updated On 26-Feb-2025&nbsp; Effective Date 26-Feb-2025&nbsp; &nbsp; &nbsp;This Privacy Policy describes the policies of Vuz Transport Sp. z o.o, ul. Kr\u00f3tka 29\/31, Cz\u0119stochowa 42-202, Poland, email: info@vuztransport.com, phone: +48 577 273 220 on the collection, use and disclosure of your information that we collect when you use our website ( https:\/\/vuztransport.com\/ ).&hellip;","_links":{"self":[{"href":"https:\/\/blog.vuztransport.com\/es\/wp-json\/wp\/v2\/pages\/3","targetHints":{"allow":["GET"]}}],"collection":[{"href":"https:\/\/blog.vuztransport.com\/es\/wp-json\/wp\/v2\/pages"}],"about":[{"href":"https:\/\/blog.vuztransport.com\/es\/wp-json\/wp\/v2\/types\/page"}],"author":[{"embeddable":true,"href":"https:\/\/blog.vuztransport.com\/es\/wp-json\/wp\/v2\/users\/1"}],"replies":[{"embeddable":true,"href":"https:\/\/blog.vuztransport.com\/es\/wp-json\/wp\/v2\/comments?post=3"}],"version-history":[{"count":6,"href":"https:\/\/blog.vuztransport.com\/es\/wp-json\/wp\/v2\/pages\/3\/revisions"}],"predecessor-version":[{"id":3990,"href":"https:\/\/blog.vuztransport.com\/es\/wp-json\/wp\/v2\/pages\/3\/revisions\/3990"}],"wp:attachment":[{"href":"https:\/\/blog.vuztransport.com\/es\/wp-json\/wp\/v2\/media?parent=3"}],"curies":[{"name":"wp","href":"https:\/\/api.w.org\/{rel}","templated":true}]}}