{"id":2,"date":"2023-06-18T02:57:31","date_gmt":"2023-06-18T01:57:31","guid":{"rendered":"https:\/\/blog.vuztransport.com\/?page_id=2"},"modified":"2025-02-24T18:43:42","modified_gmt":"2025-02-24T18:43:42","slug":"home","status":"publish","type":"page","link":"https:\/\/blog.vuztransport.com\/fr","title":{"rendered":"ACCUEIL"},"content":{"rendered":"<div data-elementor-type=\"wp-page\" data-elementor-id=\"2\" class=\"elementor elementor-2\" data-elementor-post-type=\"page\">\n\t\t\t\t<div class=\"elementor-element elementor-element-59732a5d e-flex e-con-boxed e-con e-parent\" data-id=\"59732a5d\" data-element_type=\"container\" data-e-type=\"container\">\n\t\t\t\t\t<div class=\"e-con-inner\">\n\t\t\t\t<div class=\"elementor-element elementor-element-eeb0113 elementor-widget elementor-widget-heading\" data-id=\"eeb0113\" data-element_type=\"widget\" data-e-type=\"widget\" data-widget_type=\"heading.default\">\n\t\t\t\t<div class=\"elementor-widget-container\">\n\t\t\t\t\t<h2 class=\"elementor-heading-title elementor-size-default\">\u00c0 propos de Vuz Transport<\/h2>\t\t\t\t<\/div>\n\t\t\t\t<\/div>\n\t\t\t\t<div class=\"elementor-element elementor-element-5a3558c3 elementor-widget elementor-widget-text-editor\" data-id=\"5a3558c3\" data-element_type=\"widget\" data-e-type=\"widget\" data-widget_type=\"text-editor.default\">\n\t\t\t\t<div class=\"elementor-widget-container\">\n\t\t\t\t\t\t\t\t\t<p><span style=\"color: #56585e; font-family: Inter, sans-serif; white-space-collapse: break-spaces;\">Avec plus de 15 ans d'exp\u00e9rience, Vuz Transport se consacre \u00e0 la fourniture de solutions de transport de haute qualit\u00e9, fiables et efficaces, con\u00e7ues pour r\u00e9pondre aux besoins de nos clients tout en garantissant une s\u00e9curit\u00e9 maximale.<\/span><\/p>\n<p><!-- \/wp:paragraph --><\/p>\t\t\t\t\t\t\t\t<\/div>\n\t\t\t\t<\/div>\n\t\t\t\t\t<\/div>\n\t\t\t\t<\/div>\n\t\t<div class=\"elementor-element elementor-element-13a4004 e-flex e-con-boxed e-con e-parent\" data-id=\"13a4004\" data-element_type=\"container\" data-e-type=\"container\">\n\t\t\t\t\t<div class=\"e-con-inner\">\n\t\t\t\t<div class=\"elementor-element elementor-element-df4b547 meta-visibility-show section-title-style-style1 title_position_default title_hover_border_default title-default img_hover_animation_default meta_position_default tpg-category-position-default readmore-btn-default-style grid-hover-overlay-type-always tpg-el-box-border-enable tpg-border-bottom-disable elementor-widget elementor-widget-tpg-grid-layout\" data-id=\"df4b547\" data-element_type=\"widget\" data-e-type=\"widget\" data-widget_type=\"tpg-grid-layout.default\">\n\t\t\t\t<div class=\"elementor-widget-container\">\n\t\t\t\t\t\t\t<div class=\"rt-container-fluid rt-tpg-container tpg-el-main-wrapper clearfix grid-layout3-main\"\n\t\t\t id=\"rt-tpg-container-3641787616\"\n\t\t\t data-layout=\"grid-layout3\"\n\t\t\t data-grid-style=\"tpg-full-height\"\n\t\t\t data-sc-id=\"elementor\"\n\t\t\t data-el-settings=''\n\t\t\t data-el-query=''\n\t\t\t data-el-path=''\n\t\t>\n\t\t\t\t\t\t<div class='tpg-header-wrapper'>\n\t\t\t\t\n        <div class=\"tpg-widget-heading-wrapper rt-clear heading-style1\">\n            <span class=\"tpg-widget-heading-line line-left\"><\/span>\n\t\t\t<h2 class='tpg-widget-heading'>\n\t\t\t\n\t\t\t\t                    <span>\n\t\t\t\t\t\tEn savoir plus \u00c0 propos de nous\t\t\t\t\t<\/span>\n\t\t\t\t\t\n\t\t\t\t\t\t\t<\/h2>            <span class=\"tpg-widget-heading-line line-right\"><\/span>\n\n\t\t\t\n        <\/div>\n\n\t\t\n\t\t\t\t\t<\/div>\n\n\t\t\t<div data-title=\"Loading ...\" class=\"rt-row rt-content-loader grid-layout3 grid-behaviour tpg-full-height grid_layout_wrapper\">\n\t\t\t\t\n<div class=\"rt-col-md-4 rt-col-sm-6 rt-col-xs-12 default rt-grid-item\" data-id=\"3123\">\n\t<div class=\"rt-holder tpg-post-holder\">\n\t\t<div class=\"rt-detail rt-el-content-wrapper\">\n\t\t\t\t\t\t\t<div class=\"rt-img-holder tpg-el-image-wrap has-no-thumbnail\">\n\t\t\t\t\t<a data-id=\"3123\" href=\"https:\/\/blog.vuztransport.com\/fr\/espagne\/des-services-fiables-de-transport-de-marchandises-a-madrid\/\" class=\"tpg-post-link\" target=\"_self\">\t\t\n\t\t<\/a>\n\t\t        <div class=\"overlay grid-hover-content\"><\/div>\n\t\t\t\t\t\t<\/div>\n\t\t\t\n\n\t\t\t<div class=\"entry-title-wrapper\"><h3 class=\"entry-title\"><a data-id=\"3123\" href=\"https:\/\/blog.vuztransport.com\/fr\/espagne\/des-services-fiables-de-transport-de-marchandises-a-madrid\/\" class=\"tpg-post-link\" target=\"_self\">Services fiables de transport de marchandises \u00e0 Madrid<\/a><\/h3><\/div>\n\t\t\t\t\t\t\t<div class=\"post-meta-tags rt-el-post-meta\">\n\t\t\t\t\t            <span class='categories-links'>\n\t\t\t\t<i class='fas fa-folder-open'><\/i><a class=\"spain\" href=\"https:\/\/blog.vuztransport.com\/fr\/categorie\/espagne\/\">Espagne<\/a>\n\t\t\t<\/span>\n\t\t\t\t\t\t\t<\/div>\n\t\t\t\n\t\t\t\t\t\t\t<div class=\"tpg-excerpt tpg-el-excerpt\">\n\t\t\t\t\t\t\t\t\t\t\t<div class=\"tpg-excerpt-inner\">\n\t\t\t\t\t\t\tDes services de transport de fret fiables \u00e0 Madrid Introduction Lorsqu'il s'agit de fret international, Vuz Transport se distingue par la rapidit\u00e9 et la fiabilit\u00e9 de ses services. Avec notre si\u00e8ge social en Pologne, nous...\t\t\t\t\t\t<\/div>\n\t\t\t\t\t\t\t\t\t\t\t\t\t\t<\/div>\n\t\t\t\n\t\t\t        <div class=\"post-footer\">\n            <div class=\"post-footer\">\n                <div class=\"read-more\">\n\t\t\t\t\t<a data-id=\"3123\" href=\"https:\/\/blog.vuztransport.com\/fr\/espagne\/des-services-fiables-de-transport-de-marchandises-a-madrid\/\" class=\"tpg-post-link\" target=\"_self\">Lire la suite<\/a>                <\/div>\n            <\/div>\n        <\/div>\n\t\t\t\t<\/div>\n\t<\/div>\n<\/div>\n\n<div class=\"rt-col-md-4 rt-col-sm-6 rt-col-xs-12 default rt-grid-item\" data-id=\"3235\">\n\t<div class=\"rt-holder tpg-post-holder\">\n\t\t<div class=\"rt-detail rt-el-content-wrapper\">\n\t\t\t\t\t\t\t<div class=\"rt-img-holder tpg-el-image-wrap has-no-thumbnail\">\n\t\t\t\t\t<a data-id=\"3235\" href=\"https:\/\/blog.vuztransport.com\/fr\/netherlands\/freight-transport-solutions-in-amsterdam-fast-reliable\/\" class=\"tpg-post-link\" target=\"_self\">\t\t\n\t\t<\/a>\n\t\t        <div class=\"overlay grid-hover-content\"><\/div>\n\t\t\t\t\t\t<\/div>\n\t\t\t\n\n\t\t\t<div class=\"entry-title-wrapper\"><h3 class=\"entry-title\"><a data-id=\"3235\" href=\"https:\/\/blog.vuztransport.com\/fr\/netherlands\/freight-transport-solutions-in-amsterdam-fast-reliable\/\" class=\"tpg-post-link\" target=\"_self\">Solutions de transport de fret \u00e0 Amsterdam : Rapide et fiable<\/a><\/h3><\/div>\n\t\t\t\t\t\t\t<div class=\"post-meta-tags rt-el-post-meta\">\n\t\t\t\t\t            <span class='categories-links'>\n\t\t\t\t<i class='fas fa-folder-open'><\/i><a class=\"netherlands\" href=\"https:\/\/blog.vuztransport.com\/fr\/categorie\/netherlands\/\">Pays-Bas<\/a>\n\t\t\t<\/span>\n\t\t\t\t\t\t\t<\/div>\n\t\t\t\n\t\t\t\t\t\t\t<div class=\"tpg-excerpt tpg-el-excerpt\">\n\t\t\t\t\t\t\t\t\t\t\t<div class=\"tpg-excerpt-inner\">\n\t\t\t\t\t\t\tSolutions de transport de fret \u00e0 Amsterdam : Rapide et fiable Vous cherchez des solutions de transport de fret rapides et fiables \u00e0 Amsterdam ? Vuz Transport est sp\u00e9cialis\u00e9 dans le transport international de marchandises...\t\t\t\t\t\t<\/div>\n\t\t\t\t\t\t\t\t\t\t\t\t\t\t<\/div>\n\t\t\t\n\t\t\t        <div class=\"post-footer\">\n            <div class=\"post-footer\">\n                <div class=\"read-more\">\n\t\t\t\t\t<a data-id=\"3235\" href=\"https:\/\/blog.vuztransport.com\/fr\/netherlands\/freight-transport-solutions-in-amsterdam-fast-reliable\/\" class=\"tpg-post-link\" target=\"_self\">Lire la suite<\/a>                <\/div>\n            <\/div>\n        <\/div>\n\t\t\t\t<\/div>\n\t<\/div>\n<\/div>\n\n<div class=\"rt-col-md-4 rt-col-sm-6 rt-col-xs-12 default rt-grid-item\" data-id=\"3324\">\n\t<div class=\"rt-holder tpg-post-holder\">\n\t\t<div class=\"rt-detail rt-el-content-wrapper\">\n\t\t\t\t\t\t\t<div class=\"rt-img-holder tpg-el-image-wrap has-no-thumbnail\">\n\t\t\t\t\t<a data-id=\"3324\" href=\"https:\/\/blog.vuztransport.com\/fr\/france\/freight-transport-in-out-of-paris-solutions\/\" class=\"tpg-post-link\" target=\"_self\">\t\t\n\t\t<\/a>\n\t\t        <div class=\"overlay grid-hover-content\"><\/div>\n\t\t\t\t\t\t<\/div>\n\t\t\t\n\n\t\t\t<div class=\"entry-title-wrapper\"><h3 class=\"entry-title\"><a data-id=\"3324\" href=\"https:\/\/blog.vuztransport.com\/fr\/france\/freight-transport-in-out-of-paris-solutions\/\" class=\"tpg-post-link\" target=\"_self\">Transport de marchandises : Solutions pour l'entr\u00e9e et la sortie de Paris<\/a><\/h3><\/div>\n\t\t\t\t\t\t\t<div class=\"post-meta-tags rt-el-post-meta\">\n\t\t\t\t\t            <span class='categories-links'>\n\t\t\t\t<i class='fas fa-folder-open'><\/i><a class=\"france\" href=\"https:\/\/blog.vuztransport.com\/fr\/categorie\/france\/\">France<\/a>\n\t\t\t<\/span>\n\t\t\t\t\t\t\t<\/div>\n\t\t\t\n\t\t\t\t\t\t\t<div class=\"tpg-excerpt tpg-el-excerpt\">\n\t\t\t\t\t\t\t\t\t\t\t<div class=\"tpg-excerpt-inner\">\n\t\t\t\t\t\t\tTransport de fret : Solutions pour l'entr\u00e9e et la sortie de Paris Introduction Chez Vuz Transport, nous sommes sp\u00e9cialis\u00e9s dans les solutions de fret international rapides et fiables, con\u00e7ues pour les entreprises de toute l'Europe. Avec...\t\t\t\t\t\t<\/div>\n\t\t\t\t\t\t\t\t\t\t\t\t\t\t<\/div>\n\t\t\t\n\t\t\t        <div class=\"post-footer\">\n            <div class=\"post-footer\">\n                <div class=\"read-more\">\n\t\t\t\t\t<a data-id=\"3324\" href=\"https:\/\/blog.vuztransport.com\/fr\/france\/freight-transport-in-out-of-paris-solutions\/\" class=\"tpg-post-link\" target=\"_self\">Lire la suite<\/a>                <\/div>\n            <\/div>\n        <\/div>\n\t\t\t\t<\/div>\n\t<\/div>\n<\/div>\n\n<div class=\"rt-col-md-4 rt-col-sm-6 rt-col-xs-12 default rt-grid-item\" data-id=\"2929\">\n\t<div class=\"rt-holder tpg-post-holder\">\n\t\t<div class=\"rt-detail rt-el-content-wrapper\">\n\t\t\t\t\t\t\t<div class=\"rt-img-holder tpg-el-image-wrap has-no-thumbnail\">\n\t\t\t\t\t<a data-id=\"2929\" href=\"https:\/\/blog.vuztransport.com\/fr\/italy\/milano-freight-transport-reliable-efficient-solutions\/\" class=\"tpg-post-link\" target=\"_self\">\t\t\n\t\t<\/a>\n\t\t        <div class=\"overlay grid-hover-content\"><\/div>\n\t\t\t\t\t\t<\/div>\n\t\t\t\n\n\t\t\t<div class=\"entry-title-wrapper\"><h3 class=\"entry-title\"><a data-id=\"2929\" href=\"https:\/\/blog.vuztransport.com\/fr\/italy\/milano-freight-transport-reliable-efficient-solutions\/\" class=\"tpg-post-link\" target=\"_self\">Milano Freight Transport : Des solutions fiables et efficaces<\/a><\/h3><\/div>\n\t\t\t\t\t\t\t<div class=\"post-meta-tags rt-el-post-meta\">\n\t\t\t\t\t            <span class='categories-links'>\n\t\t\t\t<i class='fas fa-folder-open'><\/i><a class=\"italy\" href=\"https:\/\/blog.vuztransport.com\/fr\/categorie\/italy\/\">Italie<\/a>\n\t\t\t<\/span>\n\t\t\t\t\t\t\t<\/div>\n\t\t\t\n\t\t\t\t\t\t\t<div class=\"tpg-excerpt tpg-el-excerpt\">\n\t\t\t\t\t\t\t\t\t\t\t<div class=\"tpg-excerpt-inner\">\n\t\t\t\t\t\t\tTransport de marchandises \u00e0 Milan : Des solutions fiables et efficaces Introduction Vuz Transport se sp\u00e9cialise dans le fret international rapide et fiable, garantissant des solutions d'exp\u00e9dition efficaces pour les entreprises \u00e0 travers...\t\t\t\t\t\t<\/div>\n\t\t\t\t\t\t\t\t\t\t\t\t\t\t<\/div>\n\t\t\t\n\t\t\t        <div class=\"post-footer\">\n            <div class=\"post-footer\">\n                <div class=\"read-more\">\n\t\t\t\t\t<a data-id=\"2929\" href=\"https:\/\/blog.vuztransport.com\/fr\/italy\/milano-freight-transport-reliable-efficient-solutions\/\" class=\"tpg-post-link\" target=\"_self\">Lire la suite<\/a>                <\/div>\n            <\/div>\n        <\/div>\n\t\t\t\t<\/div>\n\t<\/div>\n<\/div>\n\n<div class=\"rt-col-md-4 rt-col-sm-6 rt-col-xs-12 default rt-grid-item\" data-id=\"3237\">\n\t<div class=\"rt-holder tpg-post-holder\">\n\t\t<div class=\"rt-detail rt-el-content-wrapper\">\n\t\t\t\t\t\t\t<div class=\"rt-img-holder tpg-el-image-wrap has-no-thumbnail\">\n\t\t\t\t\t<a data-id=\"3237\" href=\"https:\/\/blog.vuztransport.com\/fr\/pologne\/freight-transport-services-in-and-out-of-warsaw\/\" class=\"tpg-post-link\" target=\"_self\">\t\t\n\t\t<\/a>\n\t\t        <div class=\"overlay grid-hover-content\"><\/div>\n\t\t\t\t\t\t<\/div>\n\t\t\t\n\n\t\t\t<div class=\"entry-title-wrapper\"><h3 class=\"entry-title\"><a data-id=\"3237\" href=\"https:\/\/blog.vuztransport.com\/fr\/pologne\/freight-transport-services-in-and-out-of-warsaw\/\" class=\"tpg-post-link\" target=\"_self\">Services de transport de marchandises \u00e0 l'int\u00e9rieur et \u00e0 l'ext\u00e9rieur de Varsovie<\/a><\/h3><\/div>\n\t\t\t\t\t\t\t<div class=\"post-meta-tags rt-el-post-meta\">\n\t\t\t\t\t            <span class='categories-links'>\n\t\t\t\t<i class='fas fa-folder-open'><\/i><a class=\"poland\" href=\"https:\/\/blog.vuztransport.com\/fr\/categorie\/pologne\/\">Pologne<\/a>\n\t\t\t<\/span>\n\t\t\t\t\t\t\t<\/div>\n\t\t\t\n\t\t\t\t\t\t\t<div class=\"tpg-excerpt tpg-el-excerpt\">\n\t\t\t\t\t\t\t\t\t\t\t<div class=\"tpg-excerpt-inner\">\n\t\t\t\t\t\t\tServices de transport de fret \u00e0 l'int\u00e9rieur et \u00e0 l'ext\u00e9rieur de Varsovie Vuz Transport se sp\u00e9cialise dans les services de transport international de fret rapides et fiables, en exp\u00e9diant efficacement depuis et vers Varsovie pour les entreprises \u00e0 travers...\t\t\t\t\t\t<\/div>\n\t\t\t\t\t\t\t\t\t\t\t\t\t\t<\/div>\n\t\t\t\n\t\t\t        <div class=\"post-footer\">\n            <div class=\"post-footer\">\n                <div class=\"read-more\">\n\t\t\t\t\t<a data-id=\"3237\" href=\"https:\/\/blog.vuztransport.com\/fr\/pologne\/freight-transport-services-in-and-out-of-warsaw\/\" class=\"tpg-post-link\" target=\"_self\">Lire la suite<\/a>                <\/div>\n            <\/div>\n        <\/div>\n\t\t\t\t<\/div>\n\t<\/div>\n<\/div>\n\n<div class=\"rt-col-md-4 rt-col-sm-6 rt-col-xs-12 default rt-grid-item\" data-id=\"869\">\n\t<div class=\"rt-holder tpg-post-holder\">\n\t\t<div class=\"rt-detail rt-el-content-wrapper\">\n\t\t\t\t\t\t\t<div class=\"rt-img-holder tpg-el-image-wrap has-no-thumbnail\">\n\t\t\t\t\t<a data-id=\"869\" href=\"https:\/\/blog.vuztransport.com\/fr\/autriche\/vienna-freight-transport-services-fast-reliable-solutions\/\" class=\"tpg-post-link\" target=\"_self\">\t\t\n\t\t<\/a>\n\t\t        <div class=\"overlay grid-hover-content\"><\/div>\n\t\t\t\t\t\t<\/div>\n\t\t\t\n\n\t\t\t<div class=\"entry-title-wrapper\"><h3 class=\"entry-title\"><a data-id=\"869\" href=\"https:\/\/blog.vuztransport.com\/fr\/autriche\/vienna-freight-transport-services-fast-reliable-solutions\/\" class=\"tpg-post-link\" target=\"_self\">Services de transport de fret \u00e0 Vienne : Solutions rapides et fiables<\/a><\/h3><\/div>\n\t\t\t\t\t\t\t<div class=\"post-meta-tags rt-el-post-meta\">\n\t\t\t\t\t            <span class='categories-links'>\n\t\t\t\t<i class='fas fa-folder-open'><\/i><a class=\"austria\" href=\"https:\/\/blog.vuztransport.com\/fr\/categorie\/autriche\/\">Autriche<\/a>\n\t\t\t<\/span>\n\t\t\t\t\t\t\t<\/div>\n\t\t\t\n\t\t\t\t\t\t\t<div class=\"tpg-excerpt tpg-el-excerpt\">\n\t\t\t\t\t\t\t\t\t\t\t<div class=\"tpg-excerpt-inner\">\n\t\t\t\t\t\t\tTransport de fret depuis et vers Vienne : Des solutions rapides et fiables Introduction Vuz Transport se sp\u00e9cialise dans le fret international rapide et fiable, offrant des solutions d'exp\u00e9dition efficaces pour les entreprises...\t\t\t\t\t\t<\/div>\n\t\t\t\t\t\t\t\t\t\t\t\t\t\t<\/div>\n\t\t\t\n\t\t\t        <div class=\"post-footer\">\n            <div class=\"post-footer\">\n                <div class=\"read-more\">\n\t\t\t\t\t<a data-id=\"869\" href=\"https:\/\/blog.vuztransport.com\/fr\/autriche\/vienna-freight-transport-services-fast-reliable-solutions\/\" class=\"tpg-post-link\" target=\"_self\">Lire la suite<\/a>                <\/div>\n            <\/div>\n        <\/div>\n\t\t\t\t<\/div>\n\t<\/div>\n<\/div>\n\t\t\t<\/div>\n\t\t\t\n\t\t<\/div>\n\t\t\t\t\t\t<\/div>\n\t\t\t\t<\/div>\n\t\t\t\t\t<\/div>\n\t\t\t\t<\/div>\n\t\t\t\t<\/div>","protected":false},"excerpt":{"rendered":"<p>About Vuz Transport With over 15 years of experience, Vuz Transport is dedicated to providing high-quality, reliable, and efficient transport solutions tailored to meet our customers&#8217; needs while ensuring utmost safety. Read more About Us Freight Transport: In &#038; Out of Paris Solutions France Freight Transport: In &amp; Out of Paris Solutions Introduction At Vuz [&hellip;]<\/p>","protected":false},"author":1,"featured_media":0,"parent":0,"menu_order":0,"comment_status":"closed","ping_status":"open","template":"elementor_header_footer","meta":{"footnotes":""},"class_list":["post-2","page","type-page","status-publish","hentry"],"aioseo_notices":[],"rttpg_featured_image_url":null,"rttpg_author":{"display_name":false,"author_link":"https:\/\/blog.vuztransport.com\/fr\/author\/suportmihaivuzzgmail-com\/"},"rttpg_comment":0,"rttpg_category":"","rttpg_excerpt":"About Vuz Transport With over 15 years of experience, Vuz Transport is dedicated to providing high-quality, reliable, and efficient transport solutions tailored to meet our customers&#8217; needs while ensuring utmost safety. Read more About Us Freight Transport: In &#038; Out of Paris Solutions France Freight Transport: In &amp; Out of Paris Solutions Introduction At Vuz\u2026","_links":{"self":[{"href":"https:\/\/blog.vuztransport.com\/fr\/wp-json\/wp\/v2\/pages\/2","targetHints":{"allow":["GET"]}}],"collection":[{"href":"https:\/\/blog.vuztransport.com\/fr\/wp-json\/wp\/v2\/pages"}],"about":[{"href":"https:\/\/blog.vuztransport.com\/fr\/wp-json\/wp\/v2\/types\/page"}],"author":[{"embeddable":true,"href":"https:\/\/blog.vuztransport.com\/fr\/wp-json\/wp\/v2\/users\/1"}],"replies":[{"embeddable":true,"href":"https:\/\/blog.vuztransport.com\/fr\/wp-json\/wp\/v2\/comments?post=2"}],"version-history":[{"count":32,"href":"https:\/\/blog.vuztransport.com\/fr\/wp-json\/wp\/v2\/pages\/2\/revisions"}],"predecessor-version":[{"id":3328,"href":"https:\/\/blog.vuztransport.com\/fr\/wp-json\/wp\/v2\/pages\/2\/revisions\/3328"}],"wp:attachment":[{"href":"https:\/\/blog.vuztransport.com\/fr\/wp-json\/wp\/v2\/media?parent=2"}],"curies":[{"name":"wp","href":"https:\/\/api.w.org\/{rel}","templated":true}]}}