{"id":3,"date":"2025-02-17T10:16:44","date_gmt":"2025-02-17T10:16:44","guid":{"rendered":"https:\/\/blog.vuztransport.com\/?page_id=3"},"modified":"2025-02-26T11:49:30","modified_gmt":"2025-02-26T11:49:30","slug":"politique-de-confidentialite","status":"publish","type":"page","link":"https:\/\/blog.vuztransport.com\/fr\/politique-de-confidentialite\/","title":{"rendered":"Politique de confidentialit\u00e9"},"content":{"rendered":"<div data-elementor-type=\"wp-page\" data-elementor-id=\"3\" class=\"elementor elementor-3\" data-elementor-post-type=\"page\">\n\t\t\t\t<div class=\"elementor-element elementor-element-779932a3 e-flex e-con-boxed e-con e-parent\" data-id=\"779932a3\" data-element_type=\"container\" data-e-type=\"container\">\n\t\t\t\t\t<div class=\"e-con-inner\">\n\t\t\t\t<div class=\"elementor-element elementor-element-63b3f058 elementor-widget elementor-widget-text-editor\" data-id=\"63b3f058\" data-element_type=\"widget\" data-e-type=\"widget\" data-widget_type=\"text-editor.default\">\n\t\t\t\t<div class=\"elementor-widget-container\">\n\t\t\t\t\t\t\t\t\t<p style=\"font-variant-numeric: normal; font-variant-east-asian: normal; font-variant-alternates: normal; font-size-adjust: none; font-kerning: auto; font-optical-sizing: auto; font-feature-settings: normal; font-variation-settings: normal; font-variant-position: normal; font-variant-emoji: normal; font-stretch: normal; line-height: normal; margin: 0px;\"><font color=\"#000000\" face=\"Helvetica Neue\"><span style=\"font-size: 13px;\"><b>Politique de confidentialit\u00e9&nbsp;<\/b><\/span><\/font><\/p><p style=\"font-variant-numeric: normal; font-variant-east-asian: normal; font-variant-alternates: normal; font-size-adjust: none; font-kerning: auto; font-optical-sizing: auto; font-feature-settings: normal; font-variation-settings: normal; font-variant-position: normal; font-variant-emoji: normal; font-stretch: normal; line-height: normal; margin: 0px;\"><font color=\"#000000\" face=\"Helvetica Neue\"><span style=\"font-size: 13px;\"><b>Derni\u00e8re mise \u00e0 jour le 26-Feb-2025&nbsp;<\/b><\/span><\/font><\/p><p style=\"font-variant-numeric: normal; font-variant-east-asian: normal; font-variant-alternates: normal; font-size-adjust: none; font-kerning: auto; font-optical-sizing: auto; font-feature-settings: normal; font-variation-settings: normal; font-variant-position: normal; font-variant-emoji: normal; font-stretch: normal; line-height: normal; margin: 0px;\"><font color=\"#000000\" face=\"Helvetica Neue\"><span style=\"font-size: 13px;\"><b>Date d'entr\u00e9e en vigueur 26-Feb-2025&nbsp;<\/b><\/span><\/font><\/p><p style=\"font-variant-numeric: normal; font-variant-east-asian: normal; font-variant-alternates: normal; font-size-adjust: none; font-kerning: auto; font-optical-sizing: auto; font-feature-settings: normal; font-variation-settings: normal; font-variant-position: normal; font-variant-emoji: normal; font-stretch: normal; line-height: normal; margin: 0px;\"><font color=\"#000000\" face=\"Helvetica Neue\"><span style=\"font-size: 13px;\"><b>&nbsp;<\/b><\/span><\/font><\/p><p style=\"font-variant-numeric: normal; font-variant-east-asian: normal; font-variant-alternates: normal; font-size-adjust: none; font-kerning: auto; font-optical-sizing: auto; font-feature-settings: normal; font-variation-settings: normal; font-variant-position: normal; font-variant-emoji: normal; font-stretch: normal; line-height: normal; margin: 0px;\"><font color=\"#000000\" face=\"Helvetica Neue\"><span style=\"font-size: 13px;\"><b>&nbsp;Cette politique de confidentialit\u00e9 d\u00e9crit les politiques de Vuz Transport Sp. z o.o, ul. Kr\u00f3tka 29\/31, Cz\u0119stochowa 42-202, Pologne, email : info@vuztransport.com, phone : +48 577 273 220 sur la collecte, l'utilisation et la divulgation des informations que nous recueillons lorsque vous utilisez notre site web ( https:\/\/vuztransport.com\/ ). (le \"Service\"). En acc\u00e9dant au service ou en l'utilisant, vous consentez \u00e0 la collecte, \u00e0 l'utilisation et \u00e0 la divulgation de vos informations conform\u00e9ment \u00e0 la pr\u00e9sente politique de confidentialit\u00e9. Si vous n'y consentez pas, veuillez ne pas acc\u00e9der au service ni l'utiliser.&nbsp;<\/b><\/span><\/font><\/p><p style=\"font-variant-numeric: normal; font-variant-east-asian: normal; font-variant-alternates: normal; font-size-adjust: none; font-kerning: auto; font-optical-sizing: auto; font-feature-settings: normal; font-variation-settings: normal; font-variant-position: normal; font-variant-emoji: normal; font-stretch: normal; line-height: normal; margin: 0px;\"><font color=\"#000000\" face=\"Helvetica Neue\"><span style=\"font-size: 13px;\"><b>&nbsp;Nous pouvons modifier la pr\u00e9sente politique de confidentialit\u00e9 \u00e0 tout moment sans vous en informer au pr\u00e9alable et nous publierons la politique de confidentialit\u00e9 r\u00e9vis\u00e9e sur le service. La politique r\u00e9vis\u00e9e entrera en vigueur 180 jours apr\u00e8s sa publication dans le service et votre acc\u00e8s ou utilisation continue du service apr\u00e8s cette date constituera votre acceptation de la politique r\u00e9vis\u00e9e de protection de la vie priv\u00e9e. Nous vous recommandons donc de consulter r\u00e9guli\u00e8rement cette page.&nbsp;<\/b><\/span><\/font><\/p><p style=\"font-variant-numeric: normal; font-variant-east-asian: normal; font-variant-alternates: normal; font-size-adjust: none; font-kerning: auto; font-optical-sizing: auto; font-feature-settings: normal; font-variation-settings: normal; font-variant-position: normal; font-variant-emoji: normal; font-stretch: normal; line-height: normal; margin: 0px;\"><font color=\"#000000\" face=\"Helvetica Neue\"><span style=\"font-size: 13px;\"><b>&nbsp;<\/b><\/span><\/font><\/p><p style=\"font-variant-numeric: normal; font-variant-east-asian: normal; font-variant-alternates: normal; font-size-adjust: none; font-kerning: auto; font-optical-sizing: auto; font-feature-settings: normal; font-variation-settings: normal; font-variant-position: normal; font-variant-emoji: normal; font-stretch: normal; line-height: normal; margin: 0px;\"><font color=\"#000000\" face=\"Helvetica Neue\"><span style=\"font-size: 13px;\"><b>&nbsp;Comment nous utilisons vos informations :&nbsp;<\/b><\/span><\/font><\/p><p style=\"font-variant-numeric: normal; font-variant-east-asian: normal; font-variant-alternates: normal; font-size-adjust: none; font-kerning: auto; font-optical-sizing: auto; font-feature-settings: normal; font-variation-settings: normal; font-variant-position: normal; font-variant-emoji: normal; font-stretch: normal; line-height: normal; margin: 0px;\"><font color=\"#000000\" face=\"Helvetica Neue\"><span style=\"font-size: 13px;\"><b>&nbsp;Nous utiliserons les informations que nous recueillons \u00e0 votre sujet aux fins suivantes :&nbsp;<\/b><\/span><\/font><\/p><p style=\"font-variant-numeric: normal; font-variant-east-asian: normal; font-variant-alternates: normal; font-size-adjust: none; font-kerning: auto; font-optical-sizing: auto; font-feature-settings: normal; font-variation-settings: normal; font-variant-position: normal; font-variant-emoji: normal; font-stretch: normal; line-height: normal; margin: 0px;\"><font color=\"#000000\" face=\"Helvetica Neue\"><span style=\"font-size: 13px;\"><b>&nbsp;<\/b><\/span><\/font><\/p><p style=\"font-variant-numeric: normal; font-variant-east-asian: normal; font-variant-alternates: normal; font-size-adjust: none; font-kerning: auto; font-optical-sizing: auto; font-feature-settings: normal; font-variation-settings: normal; font-variant-position: normal; font-variant-emoji: normal; font-stretch: normal; line-height: normal; margin: 0px;\"><font color=\"#000000\" face=\"Helvetica Neue\"><span style=\"font-size: 13px;\"><b>&nbsp;Informations sur l'administration<\/b><\/span><\/font><\/p><p style=\"font-variant-numeric: normal; font-variant-east-asian: normal; font-variant-alternates: normal; font-size-adjust: none; font-kerning: auto; font-optical-sizing: auto; font-feature-settings: normal; font-variation-settings: normal; font-variant-position: normal; font-variant-emoji: normal; font-stretch: normal; line-height: normal; margin: 0px;\"><font color=\"#000000\" face=\"Helvetica Neue\"><span style=\"font-size: 13px;\"><b>&nbsp;Si nous voulons utiliser vos informations \u00e0 d'autres fins, nous vous demanderons votre consentement et nous n'utiliserons vos informations qu'apr\u00e8s avoir re\u00e7u votre consentement et, dans ce cas, uniquement aux fins pour lesquelles vous avez donn\u00e9 votre consentement, sauf si la loi nous oblige \u00e0 faire autrement.&nbsp;<\/b><\/span><\/font><\/p><p style=\"font-variant-numeric: normal; font-variant-east-asian: normal; font-variant-alternates: normal; font-size-adjust: none; font-kerning: auto; font-optical-sizing: auto; font-feature-settings: normal; font-variation-settings: normal; font-variant-position: normal; font-variant-emoji: normal; font-stretch: normal; line-height: normal; margin: 0px;\"><font color=\"#000000\" face=\"Helvetica Neue\"><span style=\"font-size: 13px;\"><b>&nbsp;<\/b><\/span><\/font><\/p><p style=\"font-variant-numeric: normal; font-variant-east-asian: normal; font-variant-alternates: normal; font-size-adjust: none; font-kerning: auto; font-optical-sizing: auto; font-feature-settings: normal; font-variation-settings: normal; font-variant-position: normal; font-variant-emoji: normal; font-stretch: normal; line-height: normal; margin: 0px;\"><font color=\"#000000\" face=\"Helvetica Neue\"><span style=\"font-size: 13px;\"><b>&nbsp;Vos droits :&nbsp;<\/b><\/span><\/font><\/p><p style=\"font-variant-numeric: normal; font-variant-east-asian: normal; font-variant-alternates: normal; font-size-adjust: none; font-kerning: auto; font-optical-sizing: auto; font-feature-settings: normal; font-variation-settings: normal; font-variant-position: normal; font-variant-emoji: normal; font-stretch: normal; line-height: normal; margin: 0px;\"><font color=\"#000000\" face=\"Helvetica Neue\"><span style=\"font-size: 13px;\"><b>&nbsp;En fonction de la l\u00e9gislation applicable, vous pouvez avoir un droit d'acc\u00e8s et de rectification ou d'effacement de vos donn\u00e9es \u00e0 caract\u00e8re personnel ou recevoir une copie de vos donn\u00e9es \u00e0 caract\u00e8re personnel, restreindre le traitement actif de vos donn\u00e9es ou vous y opposer, nous demander de partager (portage) vos donn\u00e9es \u00e0 caract\u00e8re personnel avec une autre entit\u00e9, retirer tout consentement que vous nous avez donn\u00e9 pour traiter vos donn\u00e9es, un droit de d\u00e9poser une plainte aupr\u00e8s d'une autorit\u00e9 statutaire et tout autre droit pertinent en vertu de la l\u00e9gislation applicable. Pour exercer ces droits, vous pouvez nous \u00e9crire \u00e0 info@vuztransport.com. Nous r\u00e9pondrons \u00e0 votre demande conform\u00e9ment \u00e0 la l\u00e9gislation applicable.&nbsp;<\/b><\/span><\/font><\/p><p style=\"font-variant-numeric: normal; font-variant-east-asian: normal; font-variant-alternates: normal; font-size-adjust: none; font-kerning: auto; font-optical-sizing: auto; font-feature-settings: normal; font-variation-settings: normal; font-variant-position: normal; font-variant-emoji: normal; font-stretch: normal; line-height: normal; margin: 0px;\"><font color=\"#000000\" face=\"Helvetica Neue\"><span style=\"font-size: 13px;\"><b>&nbsp;Veuillez noter que si vous ne nous autorisez pas \u00e0 collecter ou \u00e0 traiter les informations personnelles requises ou si vous retirez votre consentement au traitement de ces informations aux fins requises, il se peut que vous ne puissiez pas acc\u00e9der aux services pour lesquels vos informations ont \u00e9t\u00e9 demand\u00e9es, ni les utiliser.&nbsp;<\/b><\/span><\/font><\/p><p style=\"font-variant-numeric: normal; font-variant-east-asian: normal; font-variant-alternates: normal; font-size-adjust: none; font-kerning: auto; font-optical-sizing: auto; font-feature-settings: normal; font-variation-settings: normal; font-variant-position: normal; font-variant-emoji: normal; font-stretch: normal; line-height: normal; margin: 0px;\"><font color=\"#000000\" face=\"Helvetica Neue\"><span style=\"font-size: 13px;\"><b>&nbsp;<\/b><\/span><\/font><\/p><p style=\"font-variant-numeric: normal; font-variant-east-asian: normal; font-variant-alternates: normal; font-size-adjust: none; font-kerning: auto; font-optical-sizing: auto; font-feature-settings: normal; font-variation-settings: normal; font-variant-position: normal; font-variant-emoji: normal; font-stretch: normal; line-height: normal; margin: 0px;\"><font color=\"#000000\" face=\"Helvetica Neue\"><span style=\"font-size: 13px;\"><b>&nbsp;Cookies Etc.&nbsp;<\/b><\/span><\/font><\/p><p style=\"font-variant-numeric: normal; font-variant-east-asian: normal; font-variant-alternates: normal; font-size-adjust: none; font-kerning: auto; font-optical-sizing: auto; font-feature-settings: normal; font-variation-settings: normal; font-variant-position: normal; font-variant-emoji: normal; font-stretch: normal; line-height: normal; margin: 0px;\"><font color=\"#000000\" face=\"Helvetica Neue\"><span style=\"font-size: 13px;\"><b>&nbsp;Pour en savoir plus sur la mani\u00e8re dont nous utilisons ces technologies et sur les choix qui s'offrent \u00e0 vous en ce qui concerne ces technologies de suivi, veuillez consulter notre politique en mati\u00e8re de cookies.&nbsp;<\/b><\/span><\/font><\/p><p style=\"font-variant-numeric: normal; font-variant-east-asian: normal; font-variant-alternates: normal; font-size-adjust: none; font-kerning: auto; font-optical-sizing: auto; font-feature-settings: normal; font-variation-settings: normal; font-variant-position: normal; font-variant-emoji: normal; font-stretch: normal; line-height: normal; margin: 0px;\"><font color=\"#000000\" face=\"Helvetica Neue\"><span style=\"font-size: 13px;\"><b>&nbsp;<\/b><\/span><\/font><\/p><p style=\"font-variant-numeric: normal; font-variant-east-asian: normal; font-variant-alternates: normal; font-size-adjust: none; font-kerning: auto; font-optical-sizing: auto; font-feature-settings: normal; font-variation-settings: normal; font-variant-position: normal; font-variant-emoji: normal; font-stretch: normal; line-height: normal; margin: 0px;\"><font color=\"#000000\" face=\"Helvetica Neue\"><span style=\"font-size: 13px;\"><b>&nbsp;La s\u00e9curit\u00e9 :&nbsp;<\/b><\/span><\/font><\/p><p style=\"font-variant-numeric: normal; font-variant-east-asian: normal; font-variant-alternates: normal; font-size-adjust: none; font-kerning: auto; font-optical-sizing: auto; font-feature-settings: normal; font-variation-settings: normal; font-variant-position: normal; font-variant-emoji: normal; font-stretch: normal; line-height: normal; margin: 0px;\"><font color=\"#000000\" face=\"Helvetica Neue\"><span style=\"font-size: 13px;\"><b>&nbsp;La s\u00e9curit\u00e9 de vos informations est importante pour nous et nous utiliserons des mesures de s\u00e9curit\u00e9 raisonnables pour emp\u00eacher la perte, l'utilisation abusive ou la modification non autoris\u00e9e de vos informations sous notre contr\u00f4le. Toutefois, compte tenu des risques inh\u00e9rents, nous ne pouvons pas garantir une s\u00e9curit\u00e9 absolue et, par cons\u00e9quent, nous ne pouvons pas assurer ou garantir la s\u00e9curit\u00e9 des informations que vous nous transmettez et vous le faites \u00e0 vos propres risques.&nbsp;<\/b><\/span><\/font><\/p><p style=\"font-variant-numeric: normal; font-variant-east-asian: normal; font-variant-alternates: normal; font-size-adjust: none; font-kerning: auto; font-optical-sizing: auto; font-feature-settings: normal; font-variation-settings: normal; font-variant-position: normal; font-variant-emoji: normal; font-stretch: normal; line-height: normal; margin: 0px;\"><font color=\"#000000\" face=\"Helvetica Neue\"><span style=\"font-size: 13px;\"><b>&nbsp;<\/b><\/span><\/font><\/p><p style=\"font-variant-numeric: normal; font-variant-east-asian: normal; font-variant-alternates: normal; font-size-adjust: none; font-kerning: auto; font-optical-sizing: auto; font-feature-settings: normal; font-variation-settings: normal; font-variant-position: normal; font-variant-emoji: normal; font-stretch: normal; line-height: normal; margin: 0px;\"><font color=\"#000000\" face=\"Helvetica Neue\"><span style=\"font-size: 13px;\"><b>&nbsp;D\u00e9l\u00e9gu\u00e9 aux plaintes et \u00e0 la protection des donn\u00e9es :&nbsp;<\/b><\/span><\/font><\/p><p style=\"font-variant-numeric: normal; font-variant-east-asian: normal; font-variant-alternates: normal; font-size-adjust: none; font-kerning: auto; font-optical-sizing: auto; font-feature-settings: normal; font-variation-settings: normal; font-variant-position: normal; font-variant-emoji: normal; font-stretch: normal; line-height: normal; margin: 0px;\"><font color=\"#000000\" face=\"Helvetica Neue\"><span style=\"font-size: 13px;\"><b>&nbsp;Si vous avez des questions ou des pr\u00e9occupations concernant le traitement de vos informations disponibles chez nous, vous pouvez envoyer un courriel \u00e0 notre responsable des griefs \u00e0 Vuz Transport Sp. z o.o, ul. Kr\u00f3tka 29\/31, courriel : info@vuztransport.com. Nous r\u00e9pondrons \u00e0 vos pr\u00e9occupations conform\u00e9ment \u00e0 la l\u00e9gislation applicable.&nbsp;<\/b><\/span><\/font><\/p><p style=\"font-variant-numeric: normal; font-variant-east-asian: normal; font-variant-alternates: normal; font-size-adjust: none; font-kerning: auto; font-optical-sizing: auto; font-feature-settings: normal; font-variation-settings: normal; font-variant-position: normal; font-variant-emoji: normal; font-stretch: normal; line-height: normal; margin: 0px;\"><font color=\"#000000\" face=\"Helvetica Neue\"><span style=\"font-size: 13px;\"><b>&nbsp;<\/b><\/span><\/font><\/p><p style=\"font-variant-numeric: normal; font-variant-east-asian: normal; font-variant-alternates: normal; font-size-adjust: none; font-kerning: auto; font-optical-sizing: auto; font-feature-settings: normal; font-variation-settings: normal; font-variant-position: normal; font-variant-emoji: normal; font-stretch: normal; line-height: normal; margin: 0px;\"><font color=\"#000000\" face=\"Helvetica Neue\"><span style=\"font-size: 13px;\"><b>&nbsp;Politique de confidentialit\u00e9 g\u00e9n\u00e9r\u00e9e avec CookieYes.&nbsp;<\/b><\/span><\/font><\/p><div><br><\/div>\n<p><!-- \/wp:paragraph --><\/p>\t\t\t\t\t\t\t\t<\/div>\n\t\t\t\t<\/div>\n\t\t\t\t\t<\/div>\n\t\t\t\t<\/div>\n\t\t\t\t<\/div>","protected":false},"excerpt":{"rendered":"<p>Privacy Policy&nbsp; Last Updated On 26-Feb-2025&nbsp; Effective Date 26-Feb-2025&nbsp; &nbsp; &nbsp;This Privacy Policy describes the policies of Vuz Transport Sp. z o.o, ul. Kr\u00f3tka 29\/31, Cz\u0119stochowa 42-202, Poland, email: info@vuztransport.com, phone: +48 577 273 220 on the collection, use and disclosure of your information that we collect when you use our website ( https:\/\/vuztransport.com\/ ). [&hellip;]<\/p>","protected":false},"author":1,"featured_media":0,"parent":0,"menu_order":0,"comment_status":"closed","ping_status":"open","template":"","meta":{"footnotes":""},"class_list":["post-3","page","type-page","status-publish","hentry"],"aioseo_notices":[],"rttpg_featured_image_url":null,"rttpg_author":{"display_name":false,"author_link":"https:\/\/blog.vuztransport.com\/fr\/author\/suportmihaivuzzgmail-com\/"},"rttpg_comment":0,"rttpg_category":null,"rttpg_excerpt":"Privacy Policy&nbsp; Last Updated On 26-Feb-2025&nbsp; Effective Date 26-Feb-2025&nbsp; &nbsp; &nbsp;This Privacy Policy describes the policies of Vuz Transport Sp. z o.o, ul. Kr\u00f3tka 29\/31, Cz\u0119stochowa 42-202, Poland, email: info@vuztransport.com, phone: +48 577 273 220 on the collection, use and disclosure of your information that we collect when you use our website ( https:\/\/vuztransport.com\/ ).\u2026","_links":{"self":[{"href":"https:\/\/blog.vuztransport.com\/fr\/wp-json\/wp\/v2\/pages\/3","targetHints":{"allow":["GET"]}}],"collection":[{"href":"https:\/\/blog.vuztransport.com\/fr\/wp-json\/wp\/v2\/pages"}],"about":[{"href":"https:\/\/blog.vuztransport.com\/fr\/wp-json\/wp\/v2\/types\/page"}],"author":[{"embeddable":true,"href":"https:\/\/blog.vuztransport.com\/fr\/wp-json\/wp\/v2\/users\/1"}],"replies":[{"embeddable":true,"href":"https:\/\/blog.vuztransport.com\/fr\/wp-json\/wp\/v2\/comments?post=3"}],"version-history":[{"count":6,"href":"https:\/\/blog.vuztransport.com\/fr\/wp-json\/wp\/v2\/pages\/3\/revisions"}],"predecessor-version":[{"id":3990,"href":"https:\/\/blog.vuztransport.com\/fr\/wp-json\/wp\/v2\/pages\/3\/revisions\/3990"}],"wp:attachment":[{"href":"https:\/\/blog.vuztransport.com\/fr\/wp-json\/wp\/v2\/media?parent=3"}],"curies":[{"name":"wp","href":"https:\/\/api.w.org\/{rel}","templated":true}]}}