{"id":2,"date":"2023-06-18T02:57:31","date_gmt":"2023-06-18T01:57:31","guid":{"rendered":"https:\/\/blog.vuztransport.com\/?page_id=2"},"modified":"2025-02-24T18:43:42","modified_gmt":"2025-02-24T18:43:42","slug":"home","status":"publish","type":"page","link":"https:\/\/blog.vuztransport.com\/pl","title":{"rendered":"HOME"},"content":{"rendered":"<div data-elementor-type=\"wp-page\" data-elementor-id=\"2\" class=\"elementor elementor-2\" data-elementor-post-type=\"page\">\n\t\t\t\t<div class=\"elementor-element elementor-element-59732a5d e-flex e-con-boxed e-con e-parent\" data-id=\"59732a5d\" data-element_type=\"container\" data-e-type=\"container\">\n\t\t\t\t\t<div class=\"e-con-inner\">\n\t\t\t\t<div class=\"elementor-element elementor-element-eeb0113 elementor-widget elementor-widget-heading\" data-id=\"eeb0113\" data-element_type=\"widget\" data-e-type=\"widget\" data-widget_type=\"heading.default\">\n\t\t\t\t<div class=\"elementor-widget-container\">\n\t\t\t\t\t<h2 class=\"elementor-heading-title elementor-size-default\">O Vuz Transport<\/h2>\t\t\t\t<\/div>\n\t\t\t\t<\/div>\n\t\t\t\t<div class=\"elementor-element elementor-element-5a3558c3 elementor-widget elementor-widget-text-editor\" data-id=\"5a3558c3\" data-element_type=\"widget\" data-e-type=\"widget\" data-widget_type=\"text-editor.default\">\n\t\t\t\t<div class=\"elementor-widget-container\">\n\t\t\t\t\t\t\t\t\t<p><span style=\"color: #56585e; font-family: Inter, sans-serif; white-space-collapse: break-spaces;\">Dzi\u0119ki ponad 15-letniemu do\u015bwiadczeniu, Vuz Transport jest zaanga\u017cowany w dostarczanie wysokiej jako\u015bci, niezawodnych i wydajnych rozwi\u0105za\u0144 transportowych dostosowanych do potrzeb naszych klient\u00f3w, przy jednoczesnym zapewnieniu najwy\u017cszego bezpiecze\u0144stwa.<\/span><\/p>\n<p><!-- \/wp:paragraph --><\/p>\t\t\t\t\t\t\t\t<\/div>\n\t\t\t\t<\/div>\n\t\t\t\t\t<\/div>\n\t\t\t\t<\/div>\n\t\t<div class=\"elementor-element elementor-element-13a4004 e-flex e-con-boxed e-con e-parent\" data-id=\"13a4004\" data-element_type=\"container\" data-e-type=\"container\">\n\t\t\t\t\t<div class=\"e-con-inner\">\n\t\t\t\t<div class=\"elementor-element elementor-element-df4b547 meta-visibility-show section-title-style-style1 title_position_default title_hover_border_default title-default img_hover_animation_default meta_position_default tpg-category-position-default readmore-btn-default-style grid-hover-overlay-type-always tpg-el-box-border-enable tpg-border-bottom-disable elementor-widget elementor-widget-tpg-grid-layout\" data-id=\"df4b547\" data-element_type=\"widget\" data-e-type=\"widget\" data-widget_type=\"tpg-grid-layout.default\">\n\t\t\t\t<div class=\"elementor-widget-container\">\n\t\t\t\t\t\t\t<div class=\"rt-container-fluid rt-tpg-container tpg-el-main-wrapper clearfix grid-layout3-main\"\n\t\t\t id=\"rt-tpg-container-1049960995\"\n\t\t\t data-layout=\"grid-layout3\"\n\t\t\t data-grid-style=\"tpg-full-height\"\n\t\t\t data-sc-id=\"elementor\"\n\t\t\t data-el-settings=''\n\t\t\t data-el-query=''\n\t\t\t data-el-path=''\n\t\t>\n\t\t\t\t\t\t<div class='tpg-header-wrapper'>\n\t\t\t\t\n        <div class=\"tpg-widget-heading-wrapper rt-clear heading-style1\">\n            <span class=\"tpg-widget-heading-line line-left\"><\/span>\n\t\t\t<h2 class='tpg-widget-heading'>\n\t\t\t\n\t\t\t\t                    <span>\n\t\t\t\t\t\tPrzeczytaj wi\u0119cej o nas\t\t\t\t\t<\/span>\n\t\t\t\t\t\n\t\t\t\t\t\t\t<\/h2>            <span class=\"tpg-widget-heading-line line-right\"><\/span>\n\n\t\t\t\n        <\/div>\n\n\t\t\n\t\t\t\t\t<\/div>\n\n\t\t\t<div data-title=\"Loading ...\" class=\"rt-row rt-content-loader grid-layout3 grid-behaviour tpg-full-height grid_layout_wrapper\">\n\t\t\t\t\n<div class=\"rt-col-md-4 rt-col-sm-6 rt-col-xs-12 default rt-grid-item\" data-id=\"3123\">\n\t<div class=\"rt-holder tpg-post-holder\">\n\t\t<div class=\"rt-detail rt-el-content-wrapper\">\n\t\t\t\t\t\t\t<div class=\"rt-img-holder tpg-el-image-wrap has-no-thumbnail\">\n\t\t\t\t\t<a data-id=\"3123\" href=\"https:\/\/blog.vuztransport.com\/pl\/hiszpania\/reliable-freight-transport-services-in-madrid\/\" class=\"tpg-post-link\" target=\"_self\">\t\t\n\t\t<\/a>\n\t\t        <div class=\"overlay grid-hover-content\"><\/div>\n\t\t\t\t\t\t<\/div>\n\t\t\t\n\n\t\t\t<div class=\"entry-title-wrapper\"><h3 class=\"entry-title\"><a data-id=\"3123\" href=\"https:\/\/blog.vuztransport.com\/pl\/hiszpania\/reliable-freight-transport-services-in-madrid\/\" class=\"tpg-post-link\" target=\"_self\">Niezawodne us\u0142ugi transportu towar\u00f3w w Madrycie<\/a><\/h3><\/div>\n\t\t\t\t\t\t\t<div class=\"post-meta-tags rt-el-post-meta\">\n\t\t\t\t\t            <span class='categories-links'>\n\t\t\t\t<i class='fas fa-folder-open'><\/i><a class=\"spain\" href=\"https:\/\/blog.vuztransport.com\/pl\/kategoria\/hiszpania\/\">Hiszpania<\/a>\n\t\t\t<\/span>\n\t\t\t\t\t\t\t<\/div>\n\t\t\t\n\t\t\t\t\t\t\t<div class=\"tpg-excerpt tpg-el-excerpt\">\n\t\t\t\t\t\t\t\t\t\t\t<div class=\"tpg-excerpt-inner\">\n\t\t\t\t\t\t\tNiezawodne us\u0142ugi transportu towar\u00f3w w Madrycie Wprowadzenie Je\u015bli chodzi o mi\u0119dzynarodowy transport towar\u00f3w, Vuz Transport wyr\u00f3\u017cnia si\u0119 szybkimi i niezawodnymi us\u0142ugami. Z siedzib\u0105 g\u0142\u00f3wn\u0105 w Polsce,...\t\t\t\t\t\t<\/div>\n\t\t\t\t\t\t\t\t\t\t\t\t\t\t<\/div>\n\t\t\t\n\t\t\t        <div class=\"post-footer\">\n            <div class=\"post-footer\">\n                <div class=\"read-more\">\n\t\t\t\t\t<a data-id=\"3123\" href=\"https:\/\/blog.vuztransport.com\/pl\/hiszpania\/reliable-freight-transport-services-in-madrid\/\" class=\"tpg-post-link\" target=\"_self\">Czytaj wi\u0119cej<\/a>                <\/div>\n            <\/div>\n        <\/div>\n\t\t\t\t<\/div>\n\t<\/div>\n<\/div>\n\n<div class=\"rt-col-md-4 rt-col-sm-6 rt-col-xs-12 default rt-grid-item\" data-id=\"3235\">\n\t<div class=\"rt-holder tpg-post-holder\">\n\t\t<div class=\"rt-detail rt-el-content-wrapper\">\n\t\t\t\t\t\t\t<div class=\"rt-img-holder tpg-el-image-wrap has-no-thumbnail\">\n\t\t\t\t\t<a data-id=\"3235\" href=\"https:\/\/blog.vuztransport.com\/pl\/niderlandy\/freight-transport-solutions-in-amsterdam-fast-reliable\/\" class=\"tpg-post-link\" target=\"_self\">\t\t\n\t\t<\/a>\n\t\t        <div class=\"overlay grid-hover-content\"><\/div>\n\t\t\t\t\t\t<\/div>\n\t\t\t\n\n\t\t\t<div class=\"entry-title-wrapper\"><h3 class=\"entry-title\"><a data-id=\"3235\" href=\"https:\/\/blog.vuztransport.com\/pl\/niderlandy\/freight-transport-solutions-in-amsterdam-fast-reliable\/\" class=\"tpg-post-link\" target=\"_self\">Rozwi\u0105zania w zakresie transportu towar\u00f3w w Amsterdamie: Szybko i niezawodnie<\/a><\/h3><\/div>\n\t\t\t\t\t\t\t<div class=\"post-meta-tags rt-el-post-meta\">\n\t\t\t\t\t            <span class='categories-links'>\n\t\t\t\t<i class='fas fa-folder-open'><\/i><a class=\"netherlands\" href=\"https:\/\/blog.vuztransport.com\/pl\/kategoria\/niderlandy\/\">Holandia<\/a>\n\t\t\t<\/span>\n\t\t\t\t\t\t\t<\/div>\n\t\t\t\n\t\t\t\t\t\t\t<div class=\"tpg-excerpt tpg-el-excerpt\">\n\t\t\t\t\t\t\t\t\t\t\t<div class=\"tpg-excerpt-inner\">\n\t\t\t\t\t\t\tRozwi\u0105zania w zakresie transportu towar\u00f3w w Amsterdamie: Szybko i niezawodnie Szukasz szybkich i niezawodnych rozwi\u0105za\u0144 w zakresie transportu towar\u00f3w w Amsterdamie? Vuz Transport specjalizuje si\u0119 w mi\u0119dzynarodowym transporcie...\t\t\t\t\t\t<\/div>\n\t\t\t\t\t\t\t\t\t\t\t\t\t\t<\/div>\n\t\t\t\n\t\t\t        <div class=\"post-footer\">\n            <div class=\"post-footer\">\n                <div class=\"read-more\">\n\t\t\t\t\t<a data-id=\"3235\" href=\"https:\/\/blog.vuztransport.com\/pl\/niderlandy\/freight-transport-solutions-in-amsterdam-fast-reliable\/\" class=\"tpg-post-link\" target=\"_self\">Czytaj wi\u0119cej<\/a>                <\/div>\n            <\/div>\n        <\/div>\n\t\t\t\t<\/div>\n\t<\/div>\n<\/div>\n\n<div class=\"rt-col-md-4 rt-col-sm-6 rt-col-xs-12 default rt-grid-item\" data-id=\"3324\">\n\t<div class=\"rt-holder tpg-post-holder\">\n\t\t<div class=\"rt-detail rt-el-content-wrapper\">\n\t\t\t\t\t\t\t<div class=\"rt-img-holder tpg-el-image-wrap has-no-thumbnail\">\n\t\t\t\t\t<a data-id=\"3324\" href=\"https:\/\/blog.vuztransport.com\/pl\/francja\/transport-towarow-w-rozwiazaniach-poza-paryzem\/\" class=\"tpg-post-link\" target=\"_self\">\t\t\n\t\t<\/a>\n\t\t        <div class=\"overlay grid-hover-content\"><\/div>\n\t\t\t\t\t\t<\/div>\n\t\t\t\n\n\t\t\t<div class=\"entry-title-wrapper\"><h3 class=\"entry-title\"><a data-id=\"3324\" href=\"https:\/\/blog.vuztransport.com\/pl\/francja\/transport-towarow-w-rozwiazaniach-poza-paryzem\/\" class=\"tpg-post-link\" target=\"_self\">Transport towar\u00f3w: Rozwi\u0105zania dla Pary\u017ca i poza nim<\/a><\/h3><\/div>\n\t\t\t\t\t\t\t<div class=\"post-meta-tags rt-el-post-meta\">\n\t\t\t\t\t            <span class='categories-links'>\n\t\t\t\t<i class='fas fa-folder-open'><\/i><a class=\"france\" href=\"https:\/\/blog.vuztransport.com\/pl\/kategoria\/francja\/\">Francja<\/a>\n\t\t\t<\/span>\n\t\t\t\t\t\t\t<\/div>\n\t\t\t\n\t\t\t\t\t\t\t<div class=\"tpg-excerpt tpg-el-excerpt\">\n\t\t\t\t\t\t\t\t\t\t\t<div class=\"tpg-excerpt-inner\">\n\t\t\t\t\t\t\tTransport towar\u00f3w: Rozwi\u0105zania w Pary\u017cu i poza nim Wprowadzenie W Vuz Transport specjalizujemy si\u0119 w szybkich, niezawodnych rozwi\u0105zaniach w zakresie mi\u0119dzynarodowego transportu towar\u00f3w dostosowanych do potrzeb firm w ca\u0142ej Europie. Z...\t\t\t\t\t\t<\/div>\n\t\t\t\t\t\t\t\t\t\t\t\t\t\t<\/div>\n\t\t\t\n\t\t\t        <div class=\"post-footer\">\n            <div class=\"post-footer\">\n                <div class=\"read-more\">\n\t\t\t\t\t<a data-id=\"3324\" href=\"https:\/\/blog.vuztransport.com\/pl\/francja\/transport-towarow-w-rozwiazaniach-poza-paryzem\/\" class=\"tpg-post-link\" target=\"_self\">Czytaj wi\u0119cej<\/a>                <\/div>\n            <\/div>\n        <\/div>\n\t\t\t\t<\/div>\n\t<\/div>\n<\/div>\n\n<div class=\"rt-col-md-4 rt-col-sm-6 rt-col-xs-12 default rt-grid-item\" data-id=\"2929\">\n\t<div class=\"rt-holder tpg-post-holder\">\n\t\t<div class=\"rt-detail rt-el-content-wrapper\">\n\t\t\t\t\t\t\t<div class=\"rt-img-holder tpg-el-image-wrap has-no-thumbnail\">\n\t\t\t\t\t<a data-id=\"2929\" href=\"https:\/\/blog.vuztransport.com\/pl\/wlochy\/milano-freight-transport-reliable-efficient-solutions\/\" class=\"tpg-post-link\" target=\"_self\">\t\t\n\t\t<\/a>\n\t\t        <div class=\"overlay grid-hover-content\"><\/div>\n\t\t\t\t\t\t<\/div>\n\t\t\t\n\n\t\t\t<div class=\"entry-title-wrapper\"><h3 class=\"entry-title\"><a data-id=\"2929\" href=\"https:\/\/blog.vuztransport.com\/pl\/wlochy\/milano-freight-transport-reliable-efficient-solutions\/\" class=\"tpg-post-link\" target=\"_self\">Transport towar\u00f3w Milano: Niezawodne i wydajne rozwi\u0105zania<\/a><\/h3><\/div>\n\t\t\t\t\t\t\t<div class=\"post-meta-tags rt-el-post-meta\">\n\t\t\t\t\t            <span class='categories-links'>\n\t\t\t\t<i class='fas fa-folder-open'><\/i><a class=\"italy\" href=\"https:\/\/blog.vuztransport.com\/pl\/kategoria\/wlochy\/\">W\u0142ochy<\/a>\n\t\t\t<\/span>\n\t\t\t\t\t\t\t<\/div>\n\t\t\t\n\t\t\t\t\t\t\t<div class=\"tpg-excerpt tpg-el-excerpt\">\n\t\t\t\t\t\t\t\t\t\t\t<div class=\"tpg-excerpt-inner\">\n\t\t\t\t\t\t\tTransport towar\u00f3w Milano: Niezawodne i wydajne rozwi\u0105zania Wprowadzenie Vuz Transport specjalizuje si\u0119 w szybkim, niezawodnym transporcie mi\u0119dzynarodowym, zapewniaj\u0105c wydajne rozwi\u0105zania wysy\u0142kowe dla firm w ca\u0142ym...\t\t\t\t\t\t<\/div>\n\t\t\t\t\t\t\t\t\t\t\t\t\t\t<\/div>\n\t\t\t\n\t\t\t        <div class=\"post-footer\">\n            <div class=\"post-footer\">\n                <div class=\"read-more\">\n\t\t\t\t\t<a data-id=\"2929\" href=\"https:\/\/blog.vuztransport.com\/pl\/wlochy\/milano-freight-transport-reliable-efficient-solutions\/\" class=\"tpg-post-link\" target=\"_self\">Czytaj wi\u0119cej<\/a>                <\/div>\n            <\/div>\n        <\/div>\n\t\t\t\t<\/div>\n\t<\/div>\n<\/div>\n\n<div class=\"rt-col-md-4 rt-col-sm-6 rt-col-xs-12 default rt-grid-item\" data-id=\"3237\">\n\t<div class=\"rt-holder tpg-post-holder\">\n\t\t<div class=\"rt-detail rt-el-content-wrapper\">\n\t\t\t\t\t\t\t<div class=\"rt-img-holder tpg-el-image-wrap has-no-thumbnail\">\n\t\t\t\t\t<a data-id=\"3237\" href=\"https:\/\/blog.vuztransport.com\/pl\/polska\/uslugi-transportu-towarow-do-i-z-warszawy\/\" class=\"tpg-post-link\" target=\"_self\">\t\t\n\t\t<\/a>\n\t\t        <div class=\"overlay grid-hover-content\"><\/div>\n\t\t\t\t\t\t<\/div>\n\t\t\t\n\n\t\t\t<div class=\"entry-title-wrapper\"><h3 class=\"entry-title\"><a data-id=\"3237\" href=\"https:\/\/blog.vuztransport.com\/pl\/polska\/uslugi-transportu-towarow-do-i-z-warszawy\/\" class=\"tpg-post-link\" target=\"_self\">Us\u0142ugi transportu towar\u00f3w w Warszawie i poza ni\u0105<\/a><\/h3><\/div>\n\t\t\t\t\t\t\t<div class=\"post-meta-tags rt-el-post-meta\">\n\t\t\t\t\t            <span class='categories-links'>\n\t\t\t\t<i class='fas fa-folder-open'><\/i><a class=\"poland\" href=\"https:\/\/blog.vuztransport.com\/pl\/kategoria\/polska\/\">Polska<\/a>\n\t\t\t<\/span>\n\t\t\t\t\t\t\t<\/div>\n\t\t\t\n\t\t\t\t\t\t\t<div class=\"tpg-excerpt tpg-el-excerpt\">\n\t\t\t\t\t\t\t\t\t\t\t<div class=\"tpg-excerpt-inner\">\n\t\t\t\t\t\t\tUs\u0142ugi transportu towar\u00f3w z i do Warszawy Vuz Transport specjalizuje si\u0119 w szybkich i niezawodnych us\u0142ugach mi\u0119dzynarodowego transportu towar\u00f3w, sprawnie realizuj\u0105c wysy\u0142ki do i z Warszawy dla firm z ca\u0142ego...\t\t\t\t\t\t<\/div>\n\t\t\t\t\t\t\t\t\t\t\t\t\t\t<\/div>\n\t\t\t\n\t\t\t        <div class=\"post-footer\">\n            <div class=\"post-footer\">\n                <div class=\"read-more\">\n\t\t\t\t\t<a data-id=\"3237\" href=\"https:\/\/blog.vuztransport.com\/pl\/polska\/uslugi-transportu-towarow-do-i-z-warszawy\/\" class=\"tpg-post-link\" target=\"_self\">Czytaj wi\u0119cej<\/a>                <\/div>\n            <\/div>\n        <\/div>\n\t\t\t\t<\/div>\n\t<\/div>\n<\/div>\n\n<div class=\"rt-col-md-4 rt-col-sm-6 rt-col-xs-12 default rt-grid-item\" data-id=\"869\">\n\t<div class=\"rt-holder tpg-post-holder\">\n\t\t<div class=\"rt-detail rt-el-content-wrapper\">\n\t\t\t\t\t\t\t<div class=\"rt-img-holder tpg-el-image-wrap has-no-thumbnail\">\n\t\t\t\t\t<a data-id=\"869\" href=\"https:\/\/blog.vuztransport.com\/pl\/austria\/wiedenskie-uslugi-transportu-towarowego-szybkie-i-niezawodne-rozwiazania\/\" class=\"tpg-post-link\" target=\"_self\">\t\t\n\t\t<\/a>\n\t\t        <div class=\"overlay grid-hover-content\"><\/div>\n\t\t\t\t\t\t<\/div>\n\t\t\t\n\n\t\t\t<div class=\"entry-title-wrapper\"><h3 class=\"entry-title\"><a data-id=\"869\" href=\"https:\/\/blog.vuztransport.com\/pl\/austria\/wiedenskie-uslugi-transportu-towarowego-szybkie-i-niezawodne-rozwiazania\/\" class=\"tpg-post-link\" target=\"_self\">Us\u0142ugi transportu towar\u00f3w w Wiedniu: Szybkie i niezawodne rozwi\u0105zania<\/a><\/h3><\/div>\n\t\t\t\t\t\t\t<div class=\"post-meta-tags rt-el-post-meta\">\n\t\t\t\t\t            <span class='categories-links'>\n\t\t\t\t<i class='fas fa-folder-open'><\/i><a class=\"austria\" href=\"https:\/\/blog.vuztransport.com\/pl\/kategoria\/austria\/\">Austria<\/a>\n\t\t\t<\/span>\n\t\t\t\t\t\t\t<\/div>\n\t\t\t\n\t\t\t\t\t\t\t<div class=\"tpg-excerpt tpg-el-excerpt\">\n\t\t\t\t\t\t\t\t\t\t\t<div class=\"tpg-excerpt-inner\">\n\t\t\t\t\t\t\tTransport towar\u00f3w do i z Wiednia: Szybkie i niezawodne rozwi\u0105zania Wprowadzenie Vuz Transport specjalizuje si\u0119 w szybkim, niezawodnym transporcie mi\u0119dzynarodowym, oferuj\u0105c wydajne rozwi\u0105zania wysy\u0142kowe dla firm...\t\t\t\t\t\t<\/div>\n\t\t\t\t\t\t\t\t\t\t\t\t\t\t<\/div>\n\t\t\t\n\t\t\t        <div class=\"post-footer\">\n            <div class=\"post-footer\">\n                <div class=\"read-more\">\n\t\t\t\t\t<a data-id=\"869\" href=\"https:\/\/blog.vuztransport.com\/pl\/austria\/wiedenskie-uslugi-transportu-towarowego-szybkie-i-niezawodne-rozwiazania\/\" class=\"tpg-post-link\" target=\"_self\">Czytaj wi\u0119cej<\/a>                <\/div>\n            <\/div>\n        <\/div>\n\t\t\t\t<\/div>\n\t<\/div>\n<\/div>\n\t\t\t<\/div>\n\t\t\t\n\t\t<\/div>\n\t\t\t\t\t\t<\/div>\n\t\t\t\t<\/div>\n\t\t\t\t\t<\/div>\n\t\t\t\t<\/div>\n\t\t\t\t<\/div>","protected":false},"excerpt":{"rendered":"<p>About Vuz Transport With over 15 years of experience, Vuz Transport is dedicated to providing high-quality, reliable, and efficient transport solutions tailored to meet our customers&#8217; needs while ensuring utmost safety. Read more About Us Freight Transport: In &#038; Out of Paris Solutions France Freight Transport: In &amp; Out of Paris Solutions Introduction At Vuz [&hellip;]<\/p>","protected":false},"author":1,"featured_media":0,"parent":0,"menu_order":0,"comment_status":"closed","ping_status":"open","template":"elementor_header_footer","meta":{"footnotes":""},"class_list":["post-2","page","type-page","status-publish","hentry"],"aioseo_notices":[],"rttpg_featured_image_url":null,"rttpg_author":{"display_name":false,"author_link":"https:\/\/blog.vuztransport.com\/pl\/author\/suportmihaivuzzgmail-com\/"},"rttpg_comment":0,"rttpg_category":"","rttpg_excerpt":"About Vuz Transport With over 15 years of experience, Vuz Transport is dedicated to providing high-quality, reliable, and efficient transport solutions tailored to meet our customers&#8217; needs while ensuring utmost safety. Read more About Us Freight Transport: In &#038; Out of Paris Solutions France Freight Transport: In &amp; Out of Paris Solutions Introduction At Vuz&hellip;","_links":{"self":[{"href":"https:\/\/blog.vuztransport.com\/pl\/wp-json\/wp\/v2\/pages\/2","targetHints":{"allow":["GET"]}}],"collection":[{"href":"https:\/\/blog.vuztransport.com\/pl\/wp-json\/wp\/v2\/pages"}],"about":[{"href":"https:\/\/blog.vuztransport.com\/pl\/wp-json\/wp\/v2\/types\/page"}],"author":[{"embeddable":true,"href":"https:\/\/blog.vuztransport.com\/pl\/wp-json\/wp\/v2\/users\/1"}],"replies":[{"embeddable":true,"href":"https:\/\/blog.vuztransport.com\/pl\/wp-json\/wp\/v2\/comments?post=2"}],"version-history":[{"count":32,"href":"https:\/\/blog.vuztransport.com\/pl\/wp-json\/wp\/v2\/pages\/2\/revisions"}],"predecessor-version":[{"id":3328,"href":"https:\/\/blog.vuztransport.com\/pl\/wp-json\/wp\/v2\/pages\/2\/revisions\/3328"}],"wp:attachment":[{"href":"https:\/\/blog.vuztransport.com\/pl\/wp-json\/wp\/v2\/media?parent=2"}],"curies":[{"name":"wp","href":"https:\/\/api.w.org\/{rel}","templated":true}]}}