{"id":3,"date":"2025-02-17T10:16:44","date_gmt":"2025-02-17T10:16:44","guid":{"rendered":"https:\/\/blog.vuztransport.com\/?page_id=3"},"modified":"2025-02-26T11:49:30","modified_gmt":"2025-02-26T11:49:30","slug":"polityka-prywatnosci","status":"publish","type":"page","link":"https:\/\/blog.vuztransport.com\/pl\/polityka-prywatnosci\/","title":{"rendered":"Polityka prywatno\u015bci"},"content":{"rendered":"<div data-elementor-type=\"wp-page\" data-elementor-id=\"3\" class=\"elementor elementor-3\" data-elementor-post-type=\"page\">\n\t\t\t\t<div class=\"elementor-element elementor-element-779932a3 e-flex e-con-boxed e-con e-parent\" data-id=\"779932a3\" data-element_type=\"container\" data-e-type=\"container\">\n\t\t\t\t\t<div class=\"e-con-inner\">\n\t\t\t\t<div class=\"elementor-element elementor-element-63b3f058 elementor-widget elementor-widget-text-editor\" data-id=\"63b3f058\" data-element_type=\"widget\" data-e-type=\"widget\" data-widget_type=\"text-editor.default\">\n\t\t\t\t<div class=\"elementor-widget-container\">\n\t\t\t\t\t\t\t\t\t<p style=\"font-variant-numeric: normal; font-variant-east-asian: normal; font-variant-alternates: normal; font-size-adjust: none; font-kerning: auto; font-optical-sizing: auto; font-feature-settings: normal; font-variation-settings: normal; font-variant-position: normal; font-variant-emoji: normal; font-stretch: normal; line-height: normal; margin: 0px;\"><font color=\"#000000\" face=\"Helvetica Neue\"><span style=\"font-size: 13px;\"><b>Polityka prywatno\u015bci&nbsp;<\/b><\/span><\/font><\/p><p style=\"font-variant-numeric: normal; font-variant-east-asian: normal; font-variant-alternates: normal; font-size-adjust: none; font-kerning: auto; font-optical-sizing: auto; font-feature-settings: normal; font-variation-settings: normal; font-variant-position: normal; font-variant-emoji: normal; font-stretch: normal; line-height: normal; margin: 0px;\"><font color=\"#000000\" face=\"Helvetica Neue\"><span style=\"font-size: 13px;\"><b>Ostatnia aktualizacja 26 lutego 2025 r.&nbsp;<\/b><\/span><\/font><\/p><p style=\"font-variant-numeric: normal; font-variant-east-asian: normal; font-variant-alternates: normal; font-size-adjust: none; font-kerning: auto; font-optical-sizing: auto; font-feature-settings: normal; font-variation-settings: normal; font-variant-position: normal; font-variant-emoji: normal; font-stretch: normal; line-height: normal; margin: 0px;\"><font color=\"#000000\" face=\"Helvetica Neue\"><span style=\"font-size: 13px;\"><b>Data wej\u015bcia w \u017cycie 26 lutego 2025 r.&nbsp;<\/b><\/span><\/font><\/p><p style=\"font-variant-numeric: normal; font-variant-east-asian: normal; font-variant-alternates: normal; font-size-adjust: none; font-kerning: auto; font-optical-sizing: auto; font-feature-settings: normal; font-variation-settings: normal; font-variant-position: normal; font-variant-emoji: normal; font-stretch: normal; line-height: normal; margin: 0px;\"><font color=\"#000000\" face=\"Helvetica Neue\"><span style=\"font-size: 13px;\"><b>&nbsp;<\/b><\/span><\/font><\/p><p style=\"font-variant-numeric: normal; font-variant-east-asian: normal; font-variant-alternates: normal; font-size-adjust: none; font-kerning: auto; font-optical-sizing: auto; font-feature-settings: normal; font-variation-settings: normal; font-variant-position: normal; font-variant-emoji: normal; font-stretch: normal; line-height: normal; margin: 0px;\"><font color=\"#000000\" face=\"Helvetica Neue\"><span style=\"font-size: 13px;\"><b>&nbsp;Niniejsza Polityka Prywatno\u015bci opisuje polityk\u0119 Vuz Transport Sp. z o.o., ul. Kr\u00f3tka 29\/31, Cz\u0119stochowa 42-202, Polska, e-mail: info@vuztransport.com, telefon: +48 577 273 220 w sprawie gromadzenia, wykorzystywania i ujawniania informacji o u\u017cytkowniku, kt\u00f3re gromadzimy podczas korzystania przez u\u017cytkownika z naszej strony internetowej ( https:\/\/vuztransport.com\/ ) (\"Serwis\"). Uzyskuj\u0105c dost\u0119p do Us\u0142ugi lub korzystaj\u0105c z niej, u\u017cytkownik wyra\u017ca zgod\u0119 na gromadzenie, wykorzystywanie i ujawnianie swoich informacji zgodnie z niniejsz\u0105 Polityk\u0105 prywatno\u015bci. Je\u015bli u\u017cytkownik nie wyra\u017ca na to zgody, nie powinien uzyskiwa\u0107 dost\u0119pu do Us\u0142ugi ani z niej korzysta\u0107.&nbsp;<\/b><\/span><\/font><\/p><p style=\"font-variant-numeric: normal; font-variant-east-asian: normal; font-variant-alternates: normal; font-size-adjust: none; font-kerning: auto; font-optical-sizing: auto; font-feature-settings: normal; font-variation-settings: normal; font-variant-position: normal; font-variant-emoji: normal; font-stretch: normal; line-height: normal; margin: 0px;\"><font color=\"#000000\" face=\"Helvetica Neue\"><span style=\"font-size: 13px;\"><b>&nbsp;Mo\u017cemy zmodyfikowa\u0107 niniejsz\u0105 Polityk\u0119 Prywatno\u015bci w dowolnym momencie bez uprzedniego powiadomienia u\u017cytkownika i opublikujemy zmienion\u0105 Polityk\u0119 Prywatno\u015bci w Serwisie. Zmieniona Polityka b\u0119dzie obowi\u0105zywa\u0107 przez 180 dni od momentu opublikowania zmienionej Polityki w Serwisie, a dalszy dost\u0119p lub korzystanie z Serwisu po tym czasie b\u0119dzie oznacza\u0107 akceptacj\u0119 zmienionej Polityki Prywatno\u015bci. W zwi\u0105zku z tym zalecamy okresowe przegl\u0105danie tej strony.&nbsp;<\/b><\/span><\/font><\/p><p style=\"font-variant-numeric: normal; font-variant-east-asian: normal; font-variant-alternates: normal; font-size-adjust: none; font-kerning: auto; font-optical-sizing: auto; font-feature-settings: normal; font-variation-settings: normal; font-variant-position: normal; font-variant-emoji: normal; font-stretch: normal; line-height: normal; margin: 0px;\"><font color=\"#000000\" face=\"Helvetica Neue\"><span style=\"font-size: 13px;\"><b>&nbsp;<\/b><\/span><\/font><\/p><p style=\"font-variant-numeric: normal; font-variant-east-asian: normal; font-variant-alternates: normal; font-size-adjust: none; font-kerning: auto; font-optical-sizing: auto; font-feature-settings: normal; font-variation-settings: normal; font-variant-position: normal; font-variant-emoji: normal; font-stretch: normal; line-height: normal; margin: 0px;\"><font color=\"#000000\" face=\"Helvetica Neue\"><span style=\"font-size: 13px;\"><b>&nbsp;W jaki spos\u00f3b wykorzystujemy informacje o u\u017cytkowniku:&nbsp;<\/b><\/span><\/font><\/p><p style=\"font-variant-numeric: normal; font-variant-east-asian: normal; font-variant-alternates: normal; font-size-adjust: none; font-kerning: auto; font-optical-sizing: auto; font-feature-settings: normal; font-variation-settings: normal; font-variant-position: normal; font-variant-emoji: normal; font-stretch: normal; line-height: normal; margin: 0px;\"><font color=\"#000000\" face=\"Helvetica Neue\"><span style=\"font-size: 13px;\"><b>&nbsp;B\u0119dziemy wykorzystywa\u0107 gromadzone przez nas informacje o u\u017cytkowniku do nast\u0119puj\u0105cych cel\u00f3w:&nbsp;<\/b><\/span><\/font><\/p><p style=\"font-variant-numeric: normal; font-variant-east-asian: normal; font-variant-alternates: normal; font-size-adjust: none; font-kerning: auto; font-optical-sizing: auto; font-feature-settings: normal; font-variation-settings: normal; font-variant-position: normal; font-variant-emoji: normal; font-stretch: normal; line-height: normal; margin: 0px;\"><font color=\"#000000\" face=\"Helvetica Neue\"><span style=\"font-size: 13px;\"><b>&nbsp;<\/b><\/span><\/font><\/p><p style=\"font-variant-numeric: normal; font-variant-east-asian: normal; font-variant-alternates: normal; font-size-adjust: none; font-kerning: auto; font-optical-sizing: auto; font-feature-settings: normal; font-variation-settings: normal; font-variant-position: normal; font-variant-emoji: normal; font-stretch: normal; line-height: normal; margin: 0px;\"><font color=\"#000000\" face=\"Helvetica Neue\"><span style=\"font-size: 13px;\"><b>&nbsp;Informacje administracyjne<\/b><\/span><\/font><\/p><p style=\"font-variant-numeric: normal; font-variant-east-asian: normal; font-variant-alternates: normal; font-size-adjust: none; font-kerning: auto; font-optical-sizing: auto; font-feature-settings: normal; font-variation-settings: normal; font-variant-position: normal; font-variant-emoji: normal; font-stretch: normal; line-height: normal; margin: 0px;\"><font color=\"#000000\" face=\"Helvetica Neue\"><span style=\"font-size: 13px;\"><b>&nbsp;Je\u015bli b\u0119dziemy chcieli wykorzysta\u0107 informacje o u\u017cytkowniku w jakimkolwiek innym celu, poprosimy go o zgod\u0119 i b\u0119dziemy wykorzystywa\u0107 informacje o u\u017cytkowniku wy\u0142\u0105cznie po otrzymaniu jego zgody, a nast\u0119pnie wy\u0142\u0105cznie w celu (celach), na kt\u00f3re udzielono zgody, chyba \u017ce prawo wymaga od nas innego post\u0119powania.&nbsp;<\/b><\/span><\/font><\/p><p style=\"font-variant-numeric: normal; font-variant-east-asian: normal; font-variant-alternates: normal; font-size-adjust: none; font-kerning: auto; font-optical-sizing: auto; font-feature-settings: normal; font-variation-settings: normal; font-variant-position: normal; font-variant-emoji: normal; font-stretch: normal; line-height: normal; margin: 0px;\"><font color=\"#000000\" face=\"Helvetica Neue\"><span style=\"font-size: 13px;\"><b>&nbsp;<\/b><\/span><\/font><\/p><p style=\"font-variant-numeric: normal; font-variant-east-asian: normal; font-variant-alternates: normal; font-size-adjust: none; font-kerning: auto; font-optical-sizing: auto; font-feature-settings: normal; font-variation-settings: normal; font-variant-position: normal; font-variant-emoji: normal; font-stretch: normal; line-height: normal; margin: 0px;\"><font color=\"#000000\" face=\"Helvetica Neue\"><span style=\"font-size: 13px;\"><b>&nbsp;Prawa u\u017cytkownika:&nbsp;<\/b><\/span><\/font><\/p><p style=\"font-variant-numeric: normal; font-variant-east-asian: normal; font-variant-alternates: normal; font-size-adjust: none; font-kerning: auto; font-optical-sizing: auto; font-feature-settings: normal; font-variation-settings: normal; font-variant-position: normal; font-variant-emoji: normal; font-stretch: normal; line-height: normal; margin: 0px;\"><font color=\"#000000\" face=\"Helvetica Neue\"><span style=\"font-size: 13px;\"><b>&nbsp;W zale\u017cno\u015bci od obowi\u0105zuj\u0105cego prawa, u\u017cytkownik mo\u017ce mie\u0107 prawo do dost\u0119pu do swoich danych osobowych, ich sprostowania lub usuni\u0119cia lub otrzymania ich kopii, ograniczenia lub sprzeciwu wobec aktywnego przetwarzania swoich danych, zwr\u00f3cenia si\u0119 do nas o udost\u0119pnienie (przeniesienie) swoich danych osobowych innemu podmiotowi, wycofania zgody udzielonej nam na przetwarzanie swoich danych, prawo do z\u0142o\u017cenia skargi do organu ustawowego oraz inne prawa, kt\u00f3re mog\u0105 by\u0107 istotne zgodnie z obowi\u0105zuj\u0105cymi przepisami. Aby skorzysta\u0107 z tych praw, mo\u017cna napisa\u0107 do nas na adres info@vuztransport.com. Odpowiemy na Twoj\u0105 pro\u015bb\u0119 zgodnie z obowi\u0105zuj\u0105cym prawem.&nbsp;<\/b><\/span><\/font><\/p><p style=\"font-variant-numeric: normal; font-variant-east-asian: normal; font-variant-alternates: normal; font-size-adjust: none; font-kerning: auto; font-optical-sizing: auto; font-feature-settings: normal; font-variation-settings: normal; font-variant-position: normal; font-variant-emoji: normal; font-stretch: normal; line-height: normal; margin: 0px;\"><font color=\"#000000\" face=\"Helvetica Neue\"><span style=\"font-size: 13px;\"><b>&nbsp;Nale\u017cy pami\u0119ta\u0107, \u017ce je\u015bli u\u017cytkownik nie zezwoli nam na gromadzenie lub przetwarzanie wymaganych danych osobowych lub wycofa zgod\u0119 na ich przetwarzanie w wymaganych celach, mo\u017ce nie by\u0107 w stanie uzyska\u0107 dost\u0119pu lub korzysta\u0107 z us\u0142ug, o kt\u00f3re si\u0119 ubiega\u0142.&nbsp;<\/b><\/span><\/font><\/p><p style=\"font-variant-numeric: normal; font-variant-east-asian: normal; font-variant-alternates: normal; font-size-adjust: none; font-kerning: auto; font-optical-sizing: auto; font-feature-settings: normal; font-variation-settings: normal; font-variant-position: normal; font-variant-emoji: normal; font-stretch: normal; line-height: normal; margin: 0px;\"><font color=\"#000000\" face=\"Helvetica Neue\"><span style=\"font-size: 13px;\"><b>&nbsp;<\/b><\/span><\/font><\/p><p style=\"font-variant-numeric: normal; font-variant-east-asian: normal; font-variant-alternates: normal; font-size-adjust: none; font-kerning: auto; font-optical-sizing: auto; font-feature-settings: normal; font-variation-settings: normal; font-variant-position: normal; font-variant-emoji: normal; font-stretch: normal; line-height: normal; margin: 0px;\"><font color=\"#000000\" face=\"Helvetica Neue\"><span style=\"font-size: 13px;\"><b>&nbsp;Cookies Etc.&nbsp;<\/b><\/span><\/font><\/p><p style=\"font-variant-numeric: normal; font-variant-east-asian: normal; font-variant-alternates: normal; font-size-adjust: none; font-kerning: auto; font-optical-sizing: auto; font-feature-settings: normal; font-variation-settings: normal; font-variant-position: normal; font-variant-emoji: normal; font-stretch: normal; line-height: normal; margin: 0px;\"><font color=\"#000000\" face=\"Helvetica Neue\"><span style=\"font-size: 13px;\"><b>&nbsp;Aby dowiedzie\u0107 si\u0119 wi\u0119cej o tym, w jaki spos\u00f3b korzystamy z tych technologii \u015bledzenia i jakie s\u0105 wybory u\u017cytkownika w zwi\u0105zku z nimi, zapoznaj si\u0119 z nasz\u0105 Polityk\u0105 dotycz\u0105c\u0105 plik\u00f3w cookie.&nbsp;<\/b><\/span><\/font><\/p><p style=\"font-variant-numeric: normal; font-variant-east-asian: normal; font-variant-alternates: normal; font-size-adjust: none; font-kerning: auto; font-optical-sizing: auto; font-feature-settings: normal; font-variation-settings: normal; font-variant-position: normal; font-variant-emoji: normal; font-stretch: normal; line-height: normal; margin: 0px;\"><font color=\"#000000\" face=\"Helvetica Neue\"><span style=\"font-size: 13px;\"><b>&nbsp;<\/b><\/span><\/font><\/p><p style=\"font-variant-numeric: normal; font-variant-east-asian: normal; font-variant-alternates: normal; font-size-adjust: none; font-kerning: auto; font-optical-sizing: auto; font-feature-settings: normal; font-variation-settings: normal; font-variant-position: normal; font-variant-emoji: normal; font-stretch: normal; line-height: normal; margin: 0px;\"><font color=\"#000000\" face=\"Helvetica Neue\"><span style=\"font-size: 13px;\"><b>&nbsp;Bezpiecze\u0144stwo:&nbsp;<\/b><\/span><\/font><\/p><p style=\"font-variant-numeric: normal; font-variant-east-asian: normal; font-variant-alternates: normal; font-size-adjust: none; font-kerning: auto; font-optical-sizing: auto; font-feature-settings: normal; font-variation-settings: normal; font-variant-position: normal; font-variant-emoji: normal; font-stretch: normal; line-height: normal; margin: 0px;\"><font color=\"#000000\" face=\"Helvetica Neue\"><span style=\"font-size: 13px;\"><b>&nbsp;Bezpiecze\u0144stwo informacji u\u017cytkownika jest dla nas wa\u017cne i b\u0119dziemy stosowa\u0107 uzasadnione \u015brodki bezpiecze\u0144stwa, aby zapobiec utracie, niew\u0142a\u015bciwemu wykorzystaniu lub nieuprawnionej zmianie informacji u\u017cytkownika znajduj\u0105cych si\u0119 pod nasz\u0105 kontrol\u0105. Bior\u0105c jednak pod uwag\u0119 nieod\u0142\u0105czne ryzyko, nie mo\u017cemy zagwarantowa\u0107 ca\u0142kowitego bezpiecze\u0144stwa, a w konsekwencji nie mo\u017cemy zapewni\u0107 ani zagwarantowa\u0107 bezpiecze\u0144stwa jakichkolwiek informacji, kt\u00f3re nam przekazujesz i robisz to na w\u0142asne ryzyko.&nbsp;<\/b><\/span><\/font><\/p><p style=\"font-variant-numeric: normal; font-variant-east-asian: normal; font-variant-alternates: normal; font-size-adjust: none; font-kerning: auto; font-optical-sizing: auto; font-feature-settings: normal; font-variation-settings: normal; font-variant-position: normal; font-variant-emoji: normal; font-stretch: normal; line-height: normal; margin: 0px;\"><font color=\"#000000\" face=\"Helvetica Neue\"><span style=\"font-size: 13px;\"><b>&nbsp;<\/b><\/span><\/font><\/p><p style=\"font-variant-numeric: normal; font-variant-east-asian: normal; font-variant-alternates: normal; font-size-adjust: none; font-kerning: auto; font-optical-sizing: auto; font-feature-settings: normal; font-variation-settings: normal; font-variant-position: normal; font-variant-emoji: normal; font-stretch: normal; line-height: normal; margin: 0px;\"><font color=\"#000000\" face=\"Helvetica Neue\"><span style=\"font-size: 13px;\"><b>&nbsp;Inspektor ds. skarg \/ ochrony danych:&nbsp;<\/b><\/span><\/font><\/p><p style=\"font-variant-numeric: normal; font-variant-east-asian: normal; font-variant-alternates: normal; font-size-adjust: none; font-kerning: auto; font-optical-sizing: auto; font-feature-settings: normal; font-variation-settings: normal; font-variant-position: normal; font-variant-emoji: normal; font-stretch: normal; line-height: normal; margin: 0px;\"><font color=\"#000000\" face=\"Helvetica Neue\"><span style=\"font-size: 13px;\"><b>&nbsp;Je\u015bli masz jakiekolwiek pytania lub w\u0105tpliwo\u015bci dotycz\u0105ce przetwarzania Twoich danych, kt\u00f3re s\u0105 u nas dost\u0119pne, mo\u017cesz wys\u0142a\u0107 wiadomo\u015b\u0107 e-mail do naszego inspektora ds. skarg pod adresem Vuz Transport Sp. z o.o., ul. Kr\u00f3tka 29\/31, e-mail: info@vuztransport.com. Zajmiemy si\u0119 Twoimi w\u0105tpliwo\u015bciami zgodnie z obowi\u0105zuj\u0105cym prawem.&nbsp;<\/b><\/span><\/font><\/p><p style=\"font-variant-numeric: normal; font-variant-east-asian: normal; font-variant-alternates: normal; font-size-adjust: none; font-kerning: auto; font-optical-sizing: auto; font-feature-settings: normal; font-variation-settings: normal; font-variant-position: normal; font-variant-emoji: normal; font-stretch: normal; line-height: normal; margin: 0px;\"><font color=\"#000000\" face=\"Helvetica Neue\"><span style=\"font-size: 13px;\"><b>&nbsp;<\/b><\/span><\/font><\/p><p style=\"font-variant-numeric: normal; font-variant-east-asian: normal; font-variant-alternates: normal; font-size-adjust: none; font-kerning: auto; font-optical-sizing: auto; font-feature-settings: normal; font-variation-settings: normal; font-variant-position: normal; font-variant-emoji: normal; font-stretch: normal; line-height: normal; margin: 0px;\"><font color=\"#000000\" face=\"Helvetica Neue\"><span style=\"font-size: 13px;\"><b>&nbsp;Polityka prywatno\u015bci wygenerowana przez CookieYes.&nbsp;<\/b><\/span><\/font><\/p><div><br><\/div>\n<p><!-- \/wp:paragraph --><\/p>\t\t\t\t\t\t\t\t<\/div>\n\t\t\t\t<\/div>\n\t\t\t\t\t<\/div>\n\t\t\t\t<\/div>\n\t\t\t\t<\/div>","protected":false},"excerpt":{"rendered":"<p>Privacy Policy&nbsp; Last Updated On 26-Feb-2025&nbsp; Effective Date 26-Feb-2025&nbsp; &nbsp; &nbsp;This Privacy Policy describes the policies of Vuz Transport Sp. z o.o, ul. Kr\u00f3tka 29\/31, Cz\u0119stochowa 42-202, Poland, email: info@vuztransport.com, phone: +48 577 273 220 on the collection, use and disclosure of your information that we collect when you use our website ( https:\/\/vuztransport.com\/ ). [&hellip;]<\/p>","protected":false},"author":1,"featured_media":0,"parent":0,"menu_order":0,"comment_status":"closed","ping_status":"open","template":"","meta":{"footnotes":""},"class_list":["post-3","page","type-page","status-publish","hentry"],"aioseo_notices":[],"rttpg_featured_image_url":null,"rttpg_author":{"display_name":false,"author_link":"https:\/\/blog.vuztransport.com\/pl\/author\/suportmihaivuzzgmail-com\/"},"rttpg_comment":0,"rttpg_category":null,"rttpg_excerpt":"Privacy Policy&nbsp; Last Updated On 26-Feb-2025&nbsp; Effective Date 26-Feb-2025&nbsp; &nbsp; &nbsp;This Privacy Policy describes the policies of Vuz Transport Sp. z o.o, ul. Kr\u00f3tka 29\/31, Cz\u0119stochowa 42-202, Poland, email: info@vuztransport.com, phone: +48 577 273 220 on the collection, use and disclosure of your information that we collect when you use our website ( https:\/\/vuztransport.com\/ ).&hellip;","_links":{"self":[{"href":"https:\/\/blog.vuztransport.com\/pl\/wp-json\/wp\/v2\/pages\/3","targetHints":{"allow":["GET"]}}],"collection":[{"href":"https:\/\/blog.vuztransport.com\/pl\/wp-json\/wp\/v2\/pages"}],"about":[{"href":"https:\/\/blog.vuztransport.com\/pl\/wp-json\/wp\/v2\/types\/page"}],"author":[{"embeddable":true,"href":"https:\/\/blog.vuztransport.com\/pl\/wp-json\/wp\/v2\/users\/1"}],"replies":[{"embeddable":true,"href":"https:\/\/blog.vuztransport.com\/pl\/wp-json\/wp\/v2\/comments?post=3"}],"version-history":[{"count":6,"href":"https:\/\/blog.vuztransport.com\/pl\/wp-json\/wp\/v2\/pages\/3\/revisions"}],"predecessor-version":[{"id":3990,"href":"https:\/\/blog.vuztransport.com\/pl\/wp-json\/wp\/v2\/pages\/3\/revisions\/3990"}],"wp:attachment":[{"href":"https:\/\/blog.vuztransport.com\/pl\/wp-json\/wp\/v2\/media?parent=3"}],"curies":[{"name":"wp","href":"https:\/\/api.w.org\/{rel}","templated":true}]}}